{"id":3639,"date":"2022-03-31T03:40:48","date_gmt":"2022-03-31T03:40:48","guid":{"rendered":"https:\/\/tavapy.gov.py\/biblioteca\/?post_type=product&#038;p=3639"},"modified":"2022-04-01T03:13:04","modified_gmt":"2022-04-01T03:13:04","slug":"caperucita-roja","status":"publish","type":"product","link":"https:\/\/tavapy.gov.py\/biblioteca\/product\/caperucita-roja\/","title":{"rendered":"CAPERUCITA ROJA."},"content":{"rendered":"","protected":false},"excerpt":{"rendered":"<p>Caperucita Roja es el cuento de hadas de transmisi\u00f3n oral que mejor ha sobrevivido al paso del tiempo. Tiene muchas lecturas, pero ante todo es un cuento para j\u00f3venes que, de alguna manera, simboliza el paso de la ni\u00f1ez a la adolescencia.<\/p>\n<p>Primera versi\u00f3n de este cuento de hadas de tradici\u00f3n oral, recogida por Perrault y publicada en 1697, en un libro de cuentos para ni\u00f1os. El autor le agrega una moraleja final para advertir a las ni\u00f1as sobre los peligros de relacionarse con desconocidos.<\/p>\n<p><a href=\"https:\/\/tavapy.gov.py\/biblioteca\/wp-content\/uploads\/2022\/03\/PerraultC-Caperucita-Roja.pdf\" target=\"_blank\" rel=\"attachment noopener wp-att-3564\"><img loading=\"lazy\" decoding=\"async\" class=\"size-full wp-image-3564 alignleft\" src=\"https:\/\/tavapy.gov.py\/biblioteca\/wp-content\/uploads\/2022\/03\/icono-PDF-copia-5.png\" alt=\"\" width=\"121\" height=\"140\" \/><\/a><\/p>\n","protected":false},"featured_media":3642,"comment_status":"open","ping_status":"closed","template":"","meta":{"spay_email":""},"product_cat":[200],"product_tag":[],"class_list":{"0":"post-3639","1":"product","2":"type-product","3":"status-publish","4":"has-post-thumbnail","6":"book_author-charles-perrault","7":"product_cat-cuento-infantil","8":"entry"},"_links":{"self":[{"href":"https:\/\/tavapy.gov.py\/biblioteca\/wp-json\/wp\/v2\/product\/3639","targetHints":{"allow":["GET"]}}],"collection":[{"href":"https:\/\/tavapy.gov.py\/biblioteca\/wp-json\/wp\/v2\/product"}],"about":[{"href":"https:\/\/tavapy.gov.py\/biblioteca\/wp-json\/wp\/v2\/types\/product"}],"replies":[{"embeddable":true,"href":"https:\/\/tavapy.gov.py\/biblioteca\/wp-json\/wp\/v2\/comments?post=3639"}],"wp:featuredmedia":[{"embeddable":true,"href":"https:\/\/tavapy.gov.py\/biblioteca\/wp-json\/wp\/v2\/media\/3642"}],"wp:attachment":[{"href":"https:\/\/tavapy.gov.py\/biblioteca\/wp-json\/wp\/v2\/media?parent=3639"}],"wp:term":[{"taxonomy":"product_cat","embeddable":true,"href":"https:\/\/tavapy.gov.py\/biblioteca\/wp-json\/wp\/v2\/product_cat?post=3639"},{"taxonomy":"product_tag","embeddable":true,"href":"https:\/\/tavapy.gov.py\/biblioteca\/wp-json\/wp\/v2\/product_tag?post=3639"}],"curies":[{"name":"wp","href":"https:\/\/api.w.org\/{rel}","templated":true}]}}