{"id":3640,"date":"2022-03-31T03:43:40","date_gmt":"2022-03-31T03:43:40","guid":{"rendered":"https:\/\/tavapy.gov.py\/biblioteca\/?post_type=product&#038;p=3640"},"modified":"2022-04-01T03:10:36","modified_gmt":"2022-04-01T03:10:36","slug":"barba-azul","status":"publish","type":"product","link":"https:\/\/tavapy.gov.py\/biblioteca\/product\/barba-azul\/","title":{"rendered":"BARBA AZUL."},"content":{"rendered":"","protected":false},"excerpt":{"rendered":"<p>Cuento popular europeo recopilado y publicado por Charles Perrault en el a\u00f1o 1.697.<\/p>\n<p>En otro tiempo viv\u00eda un hombre muy rico, que ten\u00eda hermosas casas en la ciudad y en el campo, vajilla de oro y plata, muebles muy adornados y carrozas doradas; pero, por desgracia, su barba era azul, color que le daba un aspecto tan feo y terrible que no hab\u00eda mujer ni joven que no huyera a su vista.<\/p>\n<p>Una de sus vecinas, se\u00f1ora de rango, ten\u00eda dos hijas muy hermosas. Le pidi\u00f3 una en matrimonio, dejando a la madre la elecci\u00f3n de la que hab\u00eda de ser su esposa. Ninguna de las j\u00f3venes quer\u00eda casarse con \u00e9l y cada cual lo endosaba a la otra, sin que la otra ni la una se decidieran a ser la mujer de un hombre que ten\u00eda la barba azul.<\/p>\n<p>Adem\u00e1s, aumentaba su disgusto el hecho de que se hab\u00eda casado con varias mujeres antes y nadie sab\u00eda lo que de ellas hab\u00eda sido. Finalmente se casar\u00e1 con la menor de las hermanas.<\/p>\n<p><a href=\"https:\/\/tavapy.gov.py\/biblioteca\/wp-content\/uploads\/2022\/03\/PerraultC-Barba-Azul.pdf\" target=\"_blank\" rel=\"attachment noopener wp-att-3564\"><img loading=\"lazy\" decoding=\"async\" class=\"size-full wp-image-3564 alignleft\" src=\"https:\/\/tavapy.gov.py\/biblioteca\/wp-content\/uploads\/2022\/03\/icono-PDF-copia-5.png\" alt=\"\" width=\"121\" height=\"140\" \/><\/a><\/p>\n","protected":false},"featured_media":3608,"comment_status":"open","ping_status":"closed","template":"","meta":{"spay_email":""},"product_cat":[200],"product_tag":[],"class_list":{"0":"post-3640","1":"product","2":"type-product","3":"status-publish","4":"has-post-thumbnail","6":"book_author-charles-perrault","7":"product_cat-cuento-infantil","8":"entry"},"_links":{"self":[{"href":"https:\/\/tavapy.gov.py\/biblioteca\/wp-json\/wp\/v2\/product\/3640","targetHints":{"allow":["GET"]}}],"collection":[{"href":"https:\/\/tavapy.gov.py\/biblioteca\/wp-json\/wp\/v2\/product"}],"about":[{"href":"https:\/\/tavapy.gov.py\/biblioteca\/wp-json\/wp\/v2\/types\/product"}],"replies":[{"embeddable":true,"href":"https:\/\/tavapy.gov.py\/biblioteca\/wp-json\/wp\/v2\/comments?post=3640"}],"wp:featuredmedia":[{"embeddable":true,"href":"https:\/\/tavapy.gov.py\/biblioteca\/wp-json\/wp\/v2\/media\/3608"}],"wp:attachment":[{"href":"https:\/\/tavapy.gov.py\/biblioteca\/wp-json\/wp\/v2\/media?parent=3640"}],"wp:term":[{"taxonomy":"product_cat","embeddable":true,"href":"https:\/\/tavapy.gov.py\/biblioteca\/wp-json\/wp\/v2\/product_cat?post=3640"},{"taxonomy":"product_tag","embeddable":true,"href":"https:\/\/tavapy.gov.py\/biblioteca\/wp-json\/wp\/v2\/product_tag?post=3640"}],"curies":[{"name":"wp","href":"https:\/\/api.w.org\/{rel}","templated":true}]}}