{"id":3641,"date":"2022-03-31T03:46:10","date_gmt":"2022-03-31T03:46:10","guid":{"rendered":"https:\/\/tavapy.gov.py\/biblioteca\/?post_type=product&#038;p=3641"},"modified":"2022-04-01T03:08:21","modified_gmt":"2022-04-01T03:08:21","slug":"las-aventuras-de-pinocho","status":"publish","type":"product","link":"https:\/\/tavapy.gov.py\/biblioteca\/product\/las-aventuras-de-pinocho\/","title":{"rendered":"LAS AVENTURAS DE PINOCHO."},"content":{"rendered":"","protected":false},"excerpt":{"rendered":"<p>Las aventuras de Pinocho, obra escrita en 1.883 y narra las peripecias de un mu\u00f1eco de madera que termina convirti\u00e9ndose en una persona de carne y hueso, pero antes tendr\u00e1 que pasar por muchas an\u00e9cdotas que nos recuerdan a nosotros mismos en nuestra andadura por el mundo.<\/p>\n<p>Es una maravillosa y m\u00e1gica historia universal que no caduca con el tiempo, y leerla en versi\u00f3n completa, cualquiera que sea nuestra edad, es siempre divertido y gratificante.<\/p>\n<p><a href=\"https:\/\/tavapy.gov.py\/biblioteca\/wp-content\/uploads\/2022\/03\/CollodiC-Las-Aventuras-de-Pinocho-.pdf\" target=\"_blank\" rel=\"attachment noopener wp-att-3564\"><img loading=\"lazy\" decoding=\"async\" class=\"size-full wp-image-3564 alignleft\" src=\"https:\/\/tavapy.gov.py\/biblioteca\/wp-content\/uploads\/2022\/03\/icono-PDF-copia-5.png\" alt=\"\" width=\"121\" height=\"140\" \/><\/a><\/p>\n","protected":false},"featured_media":3605,"comment_status":"open","ping_status":"closed","template":"","meta":{"spay_email":""},"product_cat":[200],"product_tag":[],"class_list":{"0":"post-3641","1":"product","2":"type-product","3":"status-publish","4":"has-post-thumbnail","6":"book_author-carlo-collodi","7":"product_cat-cuento-infantil","8":"entry"},"_links":{"self":[{"href":"https:\/\/tavapy.gov.py\/biblioteca\/wp-json\/wp\/v2\/product\/3641","targetHints":{"allow":["GET"]}}],"collection":[{"href":"https:\/\/tavapy.gov.py\/biblioteca\/wp-json\/wp\/v2\/product"}],"about":[{"href":"https:\/\/tavapy.gov.py\/biblioteca\/wp-json\/wp\/v2\/types\/product"}],"replies":[{"embeddable":true,"href":"https:\/\/tavapy.gov.py\/biblioteca\/wp-json\/wp\/v2\/comments?post=3641"}],"wp:featuredmedia":[{"embeddable":true,"href":"https:\/\/tavapy.gov.py\/biblioteca\/wp-json\/wp\/v2\/media\/3605"}],"wp:attachment":[{"href":"https:\/\/tavapy.gov.py\/biblioteca\/wp-json\/wp\/v2\/media?parent=3641"}],"wp:term":[{"taxonomy":"product_cat","embeddable":true,"href":"https:\/\/tavapy.gov.py\/biblioteca\/wp-json\/wp\/v2\/product_cat?post=3641"},{"taxonomy":"product_tag","embeddable":true,"href":"https:\/\/tavapy.gov.py\/biblioteca\/wp-json\/wp\/v2\/product_tag?post=3641"}],"curies":[{"name":"wp","href":"https:\/\/api.w.org\/{rel}","templated":true}]}}