{"id":3705,"date":"2022-03-31T20:04:57","date_gmt":"2022-03-31T20:04:57","guid":{"rendered":"https:\/\/tavapy.gov.py\/biblioteca\/?post_type=product&#038;p=3705"},"modified":"2022-04-01T03:05:38","modified_gmt":"2022-04-01T03:05:38","slug":"vivir-es-un-asunto-urgente","status":"publish","type":"product","link":"https:\/\/tavapy.gov.py\/biblioteca\/product\/vivir-es-un-asunto-urgente\/","title":{"rendered":"VIVIR ES UN ASUNTO URGENTE."},"content":{"rendered":"","protected":false},"excerpt":{"rendered":"<p>Vivir es un asunto urgente, obra escrita en el 2.008, nos ofrece el apoyo necesario para afrontar los desaf\u00edos que se plantean en nuestras vidas, proporcion\u00e1ndonos alegr\u00eda, ilusi\u00f3n, tranquilidad y confianza.<\/p>\n<p>Una obra reveladora y cercana que trata a fondo el mundo del estr\u00e9s, nos ense\u00f1a c\u00f3mo gestionarlo de manera adecuada y nos anima a controlar las riendas de nuestro destino, porque, en un cambio en apariencia insignificante, se esconde la verdadera felicidad.<\/p>\n<p><a href=\"https:\/\/tavapy.gov.py\/biblioteca\/wp-content\/uploads\/2022\/03\/Alonso-Puig-M-Vivir-es-un-Asunto-Urgente.pdf\" target=\"_blank\" rel=\"attachment noopener wp-att-3564\"><img loading=\"lazy\" decoding=\"async\" class=\"size-full wp-image-3564 alignleft\" src=\"https:\/\/tavapy.gov.py\/biblioteca\/wp-content\/uploads\/2022\/03\/icono-PDF-copia-5.png\" alt=\"\" width=\"121\" height=\"140\" \/><\/a><\/p>\n","protected":false},"featured_media":3703,"comment_status":"open","ping_status":"closed","template":"","meta":{"spay_email":""},"product_cat":[205],"product_tag":[],"class_list":{"0":"post-3705","1":"product","2":"type-product","3":"status-publish","4":"has-post-thumbnail","6":"book_author-mario-alonso-puig","7":"product_cat-autoayuda-desarrollo-humano","8":"entry"},"_links":{"self":[{"href":"https:\/\/tavapy.gov.py\/biblioteca\/wp-json\/wp\/v2\/product\/3705","targetHints":{"allow":["GET"]}}],"collection":[{"href":"https:\/\/tavapy.gov.py\/biblioteca\/wp-json\/wp\/v2\/product"}],"about":[{"href":"https:\/\/tavapy.gov.py\/biblioteca\/wp-json\/wp\/v2\/types\/product"}],"replies":[{"embeddable":true,"href":"https:\/\/tavapy.gov.py\/biblioteca\/wp-json\/wp\/v2\/comments?post=3705"}],"wp:featuredmedia":[{"embeddable":true,"href":"https:\/\/tavapy.gov.py\/biblioteca\/wp-json\/wp\/v2\/media\/3703"}],"wp:attachment":[{"href":"https:\/\/tavapy.gov.py\/biblioteca\/wp-json\/wp\/v2\/media?parent=3705"}],"wp:term":[{"taxonomy":"product_cat","embeddable":true,"href":"https:\/\/tavapy.gov.py\/biblioteca\/wp-json\/wp\/v2\/product_cat?post=3705"},{"taxonomy":"product_tag","embeddable":true,"href":"https:\/\/tavapy.gov.py\/biblioteca\/wp-json\/wp\/v2\/product_tag?post=3705"}],"curies":[{"name":"wp","href":"https:\/\/api.w.org\/{rel}","templated":true}]}}