{"id":3707,"date":"2022-03-31T20:25:44","date_gmt":"2022-03-31T20:25:44","guid":{"rendered":"https:\/\/tavapy.gov.py\/biblioteca\/?post_type=product&#038;p=3707"},"modified":"2022-04-01T03:03:06","modified_gmt":"2022-04-01T03:03:06","slug":"el-codigo-da-vinci","status":"publish","type":"product","link":"https:\/\/tavapy.gov.py\/biblioteca\/product\/el-codigo-da-vinci\/","title":{"rendered":"EL C\u00d3DIGO DA VINCI."},"content":{"rendered":"","protected":false},"excerpt":{"rendered":"<p>Robert Langdon recibe una llamada en mitad de la noche: el conservador del museo del Louvre ha sido asesinado en extra\u00f1as circunstancias y junto a su cad\u00e1ver ha aparecido un desconcertante mensaje cifrado. Al profundizar en la investigaci\u00f3n, Langdon, experto en simbolog\u00eda, descubre que las pistas conducen a las obras de Leonardo Da Vinci\u2026 y que est\u00e1n a la vista de todos, ocultas por el ingenio del pintor.<\/p>\n<p>Langdon une esfuerzos con la cript\u00f3loga francesa Sophie Neveu y descubre que el conservador del museo pertenec\u00eda al priorato de Sion, una sociedad que a lo largo de los siglos ha contado con miembros tan destacados como sir Isaac Newton, Botticelli, V\u00edctor Hugo o el propio Da Vinci, y que ha velado por mantener en secreto una sorprendente verdad hist\u00f3rica.<\/p>\n<p>Una mezcla trepidante de aventuras, intrigas vaticanas, simbolog\u00eda y enigmas cifrados que provoc\u00f3 una extraordinaria pol\u00e9mica al poner en duda algunos de los dogmas sobre los que se asienta la Iglesia cat\u00f3lica. Una de las novelas m\u00e1s le\u00eddas de todos los tiempos.<\/p>\n<p>El libro El c\u00f3digo da Vinci fue escrito en el a\u00f1o 2.003.<\/p>\n<p><a href=\"https:\/\/tavapy.gov.py\/biblioteca\/wp-content\/uploads\/2022\/03\/Brown-D-El-Codigo-da-Vinci.pdf\" target=\"_blank\" rel=\"attachment noopener wp-att-3564\"><img loading=\"lazy\" decoding=\"async\" class=\"size-full wp-image-3564 alignleft\" src=\"https:\/\/tavapy.gov.py\/biblioteca\/wp-content\/uploads\/2022\/03\/icono-PDF-copia-5.png\" alt=\"\" width=\"121\" height=\"140\" \/><\/a><\/p>\n","protected":false},"featured_media":3701,"comment_status":"open","ping_status":"closed","template":"","meta":{"spay_email":""},"product_cat":[57],"product_tag":[],"class_list":{"0":"post-3707","1":"product","2":"type-product","3":"status-publish","4":"has-post-thumbnail","6":"book_author-dan-brown","7":"product_cat-novela","8":"entry"},"_links":{"self":[{"href":"https:\/\/tavapy.gov.py\/biblioteca\/wp-json\/wp\/v2\/product\/3707","targetHints":{"allow":["GET"]}}],"collection":[{"href":"https:\/\/tavapy.gov.py\/biblioteca\/wp-json\/wp\/v2\/product"}],"about":[{"href":"https:\/\/tavapy.gov.py\/biblioteca\/wp-json\/wp\/v2\/types\/product"}],"replies":[{"embeddable":true,"href":"https:\/\/tavapy.gov.py\/biblioteca\/wp-json\/wp\/v2\/comments?post=3707"}],"wp:featuredmedia":[{"embeddable":true,"href":"https:\/\/tavapy.gov.py\/biblioteca\/wp-json\/wp\/v2\/media\/3701"}],"wp:attachment":[{"href":"https:\/\/tavapy.gov.py\/biblioteca\/wp-json\/wp\/v2\/media?parent=3707"}],"wp:term":[{"taxonomy":"product_cat","embeddable":true,"href":"https:\/\/tavapy.gov.py\/biblioteca\/wp-json\/wp\/v2\/product_cat?post=3707"},{"taxonomy":"product_tag","embeddable":true,"href":"https:\/\/tavapy.gov.py\/biblioteca\/wp-json\/wp\/v2\/product_tag?post=3707"}],"curies":[{"name":"wp","href":"https:\/\/api.w.org\/{rel}","templated":true}]}}