{"id":3708,"date":"2022-03-31T20:29:48","date_gmt":"2022-03-31T20:29:48","guid":{"rendered":"https:\/\/tavapy.gov.py\/biblioteca\/?post_type=product&#038;p=3708"},"modified":"2022-04-06T03:47:11","modified_gmt":"2022-04-06T03:47:11","slug":"el-mito-de-sisifo","status":"publish","type":"product","link":"https:\/\/tavapy.gov.py\/biblioteca\/product\/el-mito-de-sisifo\/","title":{"rendered":"EL MITO DE S\u00cdSIFO."},"content":{"rendered":"","protected":false},"excerpt":{"rendered":"<p>\u00abNo hay sino un problema filos\u00f3fico realmente serio: el suicidio.\u00bb El mito de S\u00edsifo es el ensayo fundacional de la filosof\u00eda del absurdo, una obra may\u00fascula que dio a conocer el gran talento de Albert Camus. Publicada en 1942, fue una de las primeras obras que revelaron al p\u00fablico la inteligencia y la sensibilidad del autor.<\/p>\n<p>El t\u00edtulo del ensayo hace referencia a un personaje de la mitolog\u00eda griega que enfad\u00f3 a los dioses por su extraordinaria astucia y fue condenado a empujar perpetuamente una piedra enorme monta\u00f1a arriba. Al llegar a la cima, la piedra volv\u00eda a caer hasta el valle, desde donde S\u00edsifo deb\u00eda volver a empujarla hasta la cumbre, y as\u00ed eternamente.<\/p>\n<p>Por medio de esta alegor\u00eda, Camus discute la cuesti\u00f3n del suicidio y el valor de la vida, presentando a S\u00edsifo como imagen del esfuerzo in\u00fatil e incesante del hombre. De este modo plantea la filosof\u00eda del absurdo, seg\u00fan la cual nuestras vidas son insignificantes y no tienen m\u00e1s valor que el de lo que creamos. Siendo el mundo tan f\u00fatil, pregunta Camus, \u00bfQu\u00e9 alternativa hay al suicidio?<\/p>\n<p><a href=\"https:\/\/tavapy.gov.py\/biblioteca\/wp-content\/uploads\/2022\/03\/CamusA-el_mito_de_sisifo.pdf\" target=\"_blank\" rel=\"attachment noopener wp-att-3564\"><img loading=\"lazy\" decoding=\"async\" class=\"size-full wp-image-3564 alignleft\" src=\"https:\/\/tavapy.gov.py\/biblioteca\/wp-content\/uploads\/2022\/03\/icono-PDF-copia-5.png\" alt=\"\" width=\"121\" height=\"140\" \/><\/a><\/p>\n","protected":false},"featured_media":3699,"comment_status":"open","ping_status":"closed","template":"","meta":{"spay_email":""},"product_cat":[268],"product_tag":[],"class_list":{"0":"post-3708","1":"product","2":"type-product","3":"status-publish","4":"has-post-thumbnail","6":"book_author-albert-camus","7":"product_cat-filosofia-antropologia","8":"entry"},"_links":{"self":[{"href":"https:\/\/tavapy.gov.py\/biblioteca\/wp-json\/wp\/v2\/product\/3708","targetHints":{"allow":["GET"]}}],"collection":[{"href":"https:\/\/tavapy.gov.py\/biblioteca\/wp-json\/wp\/v2\/product"}],"about":[{"href":"https:\/\/tavapy.gov.py\/biblioteca\/wp-json\/wp\/v2\/types\/product"}],"replies":[{"embeddable":true,"href":"https:\/\/tavapy.gov.py\/biblioteca\/wp-json\/wp\/v2\/comments?post=3708"}],"wp:featuredmedia":[{"embeddable":true,"href":"https:\/\/tavapy.gov.py\/biblioteca\/wp-json\/wp\/v2\/media\/3699"}],"wp:attachment":[{"href":"https:\/\/tavapy.gov.py\/biblioteca\/wp-json\/wp\/v2\/media?parent=3708"}],"wp:term":[{"taxonomy":"product_cat","embeddable":true,"href":"https:\/\/tavapy.gov.py\/biblioteca\/wp-json\/wp\/v2\/product_cat?post=3708"},{"taxonomy":"product_tag","embeddable":true,"href":"https:\/\/tavapy.gov.py\/biblioteca\/wp-json\/wp\/v2\/product_tag?post=3708"}],"curies":[{"name":"wp","href":"https:\/\/api.w.org\/{rel}","templated":true}]}}