{"id":3709,"date":"2022-03-31T20:32:55","date_gmt":"2022-03-31T20:32:55","guid":{"rendered":"https:\/\/tavapy.gov.py\/biblioteca\/?post_type=product&#038;p=3709"},"modified":"2022-04-01T02:58:16","modified_gmt":"2022-04-01T02:58:16","slug":"la-colmena","status":"publish","type":"product","link":"https:\/\/tavapy.gov.py\/biblioteca\/product\/la-colmena\/","title":{"rendered":"LA COLMENA."},"content":{"rendered":"","protected":false},"excerpt":{"rendered":"<p>La colmena, seguramente la obra m\u00e1s valiosa de Camilo Jos\u00e9 Cela, es un testimonio fiel de la vida cotidiana en las calles, caf\u00e9s y alcobas de aquel Madrid de 1943, pero es tambi\u00e9n una amarga cr\u00f3nica existencial.<\/p>\n<p>Un aire de rutina y fatalidad ha invadido la conciencia de las gentes. Todos creen que las cosas pasan porque s\u00ed y que nada tiene remedio. Entre la abigarrada multitud se oye el solitario zumbido de muchos seres confusos y a la deriva.<\/p>\n<p>Como es habitual en su obra, Cela presenta la vida espa\u00f1ola sin piedad, con agria iron\u00eda y humorismo atroz. Sin embargo, de vez en cuando, un soplo compasivo alivia la \u00e1spera y dolorida realidad.<\/p>\n<p>La novela literaria La colmena fue escrita por Camilo Jos\u00e9 Cela en 1.950.<\/p>\n<p><a href=\"https:\/\/tavapy.gov.py\/biblioteca\/wp-content\/uploads\/2022\/03\/CelaC-La-Colmena.pdf\" target=\"_blank\" rel=\"attachment noopener wp-att-3564\"><img loading=\"lazy\" decoding=\"async\" class=\"size-full wp-image-3564 alignleft\" src=\"https:\/\/tavapy.gov.py\/biblioteca\/wp-content\/uploads\/2022\/03\/icono-PDF-copia-5.png\" alt=\"\" width=\"121\" height=\"140\" \/><\/a><\/p>\n","protected":false},"featured_media":3698,"comment_status":"open","ping_status":"closed","template":"","meta":{"spay_email":""},"product_cat":[57],"product_tag":[],"class_list":{"0":"post-3709","1":"product","2":"type-product","3":"status-publish","4":"has-post-thumbnail","6":"book_author-camilo-jose-cela","7":"product_cat-novela","8":"entry"},"_links":{"self":[{"href":"https:\/\/tavapy.gov.py\/biblioteca\/wp-json\/wp\/v2\/product\/3709","targetHints":{"allow":["GET"]}}],"collection":[{"href":"https:\/\/tavapy.gov.py\/biblioteca\/wp-json\/wp\/v2\/product"}],"about":[{"href":"https:\/\/tavapy.gov.py\/biblioteca\/wp-json\/wp\/v2\/types\/product"}],"replies":[{"embeddable":true,"href":"https:\/\/tavapy.gov.py\/biblioteca\/wp-json\/wp\/v2\/comments?post=3709"}],"wp:featuredmedia":[{"embeddable":true,"href":"https:\/\/tavapy.gov.py\/biblioteca\/wp-json\/wp\/v2\/media\/3698"}],"wp:attachment":[{"href":"https:\/\/tavapy.gov.py\/biblioteca\/wp-json\/wp\/v2\/media?parent=3709"}],"wp:term":[{"taxonomy":"product_cat","embeddable":true,"href":"https:\/\/tavapy.gov.py\/biblioteca\/wp-json\/wp\/v2\/product_cat?post=3709"},{"taxonomy":"product_tag","embeddable":true,"href":"https:\/\/tavapy.gov.py\/biblioteca\/wp-json\/wp\/v2\/product_tag?post=3709"}],"curies":[{"name":"wp","href":"https:\/\/api.w.org\/{rel}","templated":true}]}}