{"id":3710,"date":"2022-03-31T20:36:18","date_gmt":"2022-03-31T20:36:18","guid":{"rendered":"https:\/\/tavapy.gov.py\/biblioteca\/?post_type=product&#038;p=3710"},"modified":"2022-04-09T17:32:12","modified_gmt":"2022-04-09T17:32:12","slug":"administracion-de-recursos-humanos-el-capital-humano-de-las-organizaciones","status":"publish","type":"product","link":"https:\/\/tavapy.gov.py\/biblioteca\/product\/administracion-de-recursos-humanos-el-capital-humano-de-las-organizaciones\/","title":{"rendered":"ADMINISTRACI\u00d3N DE RECURSOS HUMANOS. EL CAPITAL HUMANO DE LAS ORGANIZACIONES."},"content":{"rendered":"","protected":false},"excerpt":{"rendered":"<p>El concepto tradicional de recursos humanos (RH), que a\u00fan se practica en muchas empresas y organizaciones, es un producto t\u00edpico de la Era Industrial, cuando las empresas se consideraban conjuntos integrados y coordinados de recursos financieros, materiales, tecnol\u00f3gicos e incluso humanos reunidos para alcanzar objetivos organizacionales imposibles de lograr de manera aislada e individual.<\/p>\n<p>En realidad, ese concepto es producto de una \u00e9poca en que las organizaciones eran t\u00edpicamente f\u00edsicas y concretas, y se estructuraban como verdaderos ladrillos y de forma mecan\u00edstica.<\/p>\n<p>As\u00ed, incluso a las personas se les trataba como recursos humanos, igual que al resto de los recursos organizacionales, y de manera uniforme y estandarizada, a fi n de ajustarlas a las demandas y requisitos de la empresa.<\/p>\n<p>Administraci\u00f3n de Recursos Humanos. El capital humano de las organizaciones fue escrito en el 2.007.<\/p>\n<p><a href=\"https:\/\/tavapy.gov.py\/biblioteca\/wp-content\/uploads\/2022\/03\/ChiavenatoI-Administracion_de_recursos_humanos.pdf\" target=\"_blank\" rel=\"attachment noopener wp-att-3564\"><img loading=\"lazy\" decoding=\"async\" class=\"size-full wp-image-3564 alignleft\" src=\"https:\/\/tavapy.gov.py\/biblioteca\/wp-content\/uploads\/2022\/03\/icono-PDF-copia-5.png\" alt=\"\" width=\"121\" height=\"140\" \/><\/a><\/p>\n","protected":false},"featured_media":3695,"comment_status":"open","ping_status":"closed","template":"","meta":{"spay_email":""},"product_cat":[285],"product_tag":[],"class_list":{"0":"post-3710","1":"product","2":"type-product","3":"status-publish","4":"has-post-thumbnail","6":"book_author-idalberto-chiavenato","7":"product_cat-administracion-recursos-humanos","8":"entry"},"_links":{"self":[{"href":"https:\/\/tavapy.gov.py\/biblioteca\/wp-json\/wp\/v2\/product\/3710","targetHints":{"allow":["GET"]}}],"collection":[{"href":"https:\/\/tavapy.gov.py\/biblioteca\/wp-json\/wp\/v2\/product"}],"about":[{"href":"https:\/\/tavapy.gov.py\/biblioteca\/wp-json\/wp\/v2\/types\/product"}],"replies":[{"embeddable":true,"href":"https:\/\/tavapy.gov.py\/biblioteca\/wp-json\/wp\/v2\/comments?post=3710"}],"wp:featuredmedia":[{"embeddable":true,"href":"https:\/\/tavapy.gov.py\/biblioteca\/wp-json\/wp\/v2\/media\/3695"}],"wp:attachment":[{"href":"https:\/\/tavapy.gov.py\/biblioteca\/wp-json\/wp\/v2\/media?parent=3710"}],"wp:term":[{"taxonomy":"product_cat","embeddable":true,"href":"https:\/\/tavapy.gov.py\/biblioteca\/wp-json\/wp\/v2\/product_cat?post=3710"},{"taxonomy":"product_tag","embeddable":true,"href":"https:\/\/tavapy.gov.py\/biblioteca\/wp-json\/wp\/v2\/product_tag?post=3710"}],"curies":[{"name":"wp","href":"https:\/\/api.w.org\/{rel}","templated":true}]}}