{"id":3711,"date":"2022-03-31T20:39:33","date_gmt":"2022-03-31T20:39:33","guid":{"rendered":"https:\/\/tavapy.gov.py\/biblioteca\/?post_type=product&#038;p=3711"},"modified":"2022-07-21T21:58:05","modified_gmt":"2022-07-21T21:58:05","slug":"nunca-renuncies-a-tus-suenos","status":"publish","type":"product","link":"https:\/\/tavapy.gov.py\/biblioteca\/product\/nunca-renuncies-a-tus-suenos\/","title":{"rendered":"NUNCA RENUNCIES A TUS SUE\u00d1OS."},"content":{"rendered":"","protected":false},"excerpt":{"rendered":"<p>Los sue\u00f1os son la br\u00fajula que nos marca el camino a seguir y las metas que queremos alcanzar. Nos impulsan, nos fortalecen y nos permiten crecer. Si nuestros sue\u00f1os son peque\u00f1os, nuestras posibilidades de \u00e9xito tambi\u00e9n ser\u00e1n limitadas.<\/p>\n<p>Renunciar a los propios sue\u00f1os implica darle la espalda a la felicidad: quien no lucha por cumplirlos est\u00e1 condenado al fracaso el cien por cien de las veces.<\/p>\n<p>El libro Nunca renuncies a tus sue\u00f1os fue escrito en el a\u00f1o 2.004.<\/p>\n<p><a href=\"https:\/\/tavapy.gov.py\/biblioteca\/wp-content\/uploads\/2022\/03\/CuryA-Nunca-renuncies-a-tus-suenos.pdf\" target=\"_blank\" rel=\"attachment noopener wp-att-3564\"><img loading=\"lazy\" decoding=\"async\" class=\"size-full wp-image-3564 alignleft\" src=\"https:\/\/tavapy.gov.py\/biblioteca\/wp-content\/uploads\/2022\/03\/icono-PDF-copia-5.png\" alt=\"\" width=\"121\" height=\"140\" \/><\/a><\/p>\n","protected":false},"featured_media":3693,"comment_status":"open","ping_status":"closed","template":"","meta":{"spay_email":""},"product_cat":[205],"product_tag":[],"class_list":{"0":"post-3711","1":"product","2":"type-product","3":"status-publish","4":"has-post-thumbnail","6":"book_author-augusto-cury","7":"product_cat-autoayuda-desarrollo-humano","8":"entry"},"_links":{"self":[{"href":"https:\/\/tavapy.gov.py\/biblioteca\/wp-json\/wp\/v2\/product\/3711","targetHints":{"allow":["GET"]}}],"collection":[{"href":"https:\/\/tavapy.gov.py\/biblioteca\/wp-json\/wp\/v2\/product"}],"about":[{"href":"https:\/\/tavapy.gov.py\/biblioteca\/wp-json\/wp\/v2\/types\/product"}],"replies":[{"embeddable":true,"href":"https:\/\/tavapy.gov.py\/biblioteca\/wp-json\/wp\/v2\/comments?post=3711"}],"wp:featuredmedia":[{"embeddable":true,"href":"https:\/\/tavapy.gov.py\/biblioteca\/wp-json\/wp\/v2\/media\/3693"}],"wp:attachment":[{"href":"https:\/\/tavapy.gov.py\/biblioteca\/wp-json\/wp\/v2\/media?parent=3711"}],"wp:term":[{"taxonomy":"product_cat","embeddable":true,"href":"https:\/\/tavapy.gov.py\/biblioteca\/wp-json\/wp\/v2\/product_cat?post=3711"},{"taxonomy":"product_tag","embeddable":true,"href":"https:\/\/tavapy.gov.py\/biblioteca\/wp-json\/wp\/v2\/product_tag?post=3711"}],"curies":[{"name":"wp","href":"https:\/\/api.w.org\/{rel}","templated":true}]}}