{"id":3713,"date":"2022-03-31T21:22:32","date_gmt":"2022-03-31T21:22:32","guid":{"rendered":"https:\/\/tavapy.gov.py\/biblioteca\/?post_type=product&#038;p=3713"},"modified":"2022-04-01T02:48:18","modified_gmt":"2022-04-01T02:48:18","slug":"armas-germenes-y-acero","status":"publish","type":"product","link":"https:\/\/tavapy.gov.py\/biblioteca\/product\/armas-germenes-y-acero\/","title":{"rendered":"ARMAS, G\u00c9RMENES Y ACERO."},"content":{"rendered":"","protected":false},"excerpt":{"rendered":"<p>Armas, g\u00e9rmenes y acero, libro escrito en 1.997, ganador del Premio Pulitzer 1997, cuestiona la prepotente visi\u00f3n occidental del progreso humano y nos ayuda a comprender c\u00f3mo el mundo moderno y sus desigualdades han llegado a ser como son.<\/p>\n<p>Hace 13.000 a\u00f1os la evoluci\u00f3n de las distintas sociedades humanas comenz\u00f3 a tomar rumbos diferentes. La temprana domesticaci\u00f3n de animales y el cultivo de plantas silvestres en el Creciente F\u00e9rtil, China, Mesoam\u00e9rica y otras zonas geogr\u00e1ficas otorg\u00f3 una ventaja inicial a sus habitantes.<\/p>\n<p>Sin embargo, los or\u00edgenes localizados de la agricultura y la ganader\u00eda son solo una parte de la explicaci\u00f3n de los diferentes destinos de los pueblos. Las sociedades que superaron esta fase de cazadores-recolectores se encontraron con m\u00e1s probabilidades de desarrollo, supervivencia y poder b\u00e9lico.<\/p>\n<p><a href=\"https:\/\/tavapy.gov.py\/biblioteca\/wp-content\/uploads\/2022\/03\/Diamond-J-Armas-germenes-y-acero-1.pdf\" target=\"_blank\" rel=\"attachment noopener wp-att-3564\"><img loading=\"lazy\" decoding=\"async\" class=\"size-full wp-image-3564 alignleft\" src=\"https:\/\/tavapy.gov.py\/biblioteca\/wp-content\/uploads\/2022\/03\/icono-PDF-copia-5.png\" alt=\"\" width=\"121\" height=\"140\" \/><\/a><\/p>\n","protected":false},"featured_media":3689,"comment_status":"open","ping_status":"closed","template":"","meta":{"spay_email":""},"product_cat":[210],"product_tag":[],"class_list":{"0":"post-3713","1":"product","2":"type-product","3":"status-publish","4":"has-post-thumbnail","6":"book_author-jared-diamond","7":"product_cat-ensayo-geografia-e-historia","8":"entry"},"_links":{"self":[{"href":"https:\/\/tavapy.gov.py\/biblioteca\/wp-json\/wp\/v2\/product\/3713","targetHints":{"allow":["GET"]}}],"collection":[{"href":"https:\/\/tavapy.gov.py\/biblioteca\/wp-json\/wp\/v2\/product"}],"about":[{"href":"https:\/\/tavapy.gov.py\/biblioteca\/wp-json\/wp\/v2\/types\/product"}],"replies":[{"embeddable":true,"href":"https:\/\/tavapy.gov.py\/biblioteca\/wp-json\/wp\/v2\/comments?post=3713"}],"wp:featuredmedia":[{"embeddable":true,"href":"https:\/\/tavapy.gov.py\/biblioteca\/wp-json\/wp\/v2\/media\/3689"}],"wp:attachment":[{"href":"https:\/\/tavapy.gov.py\/biblioteca\/wp-json\/wp\/v2\/media?parent=3713"}],"wp:term":[{"taxonomy":"product_cat","embeddable":true,"href":"https:\/\/tavapy.gov.py\/biblioteca\/wp-json\/wp\/v2\/product_cat?post=3713"},{"taxonomy":"product_tag","embeddable":true,"href":"https:\/\/tavapy.gov.py\/biblioteca\/wp-json\/wp\/v2\/product_tag?post=3713"}],"curies":[{"name":"wp","href":"https:\/\/api.w.org\/{rel}","templated":true}]}}