{"id":3715,"date":"2022-03-31T21:30:12","date_gmt":"2022-03-31T21:30:12","guid":{"rendered":"https:\/\/tavapy.gov.py\/biblioteca\/?post_type=product&#038;p=3715"},"modified":"2024-01-03T21:15:19","modified_gmt":"2024-01-03T21:15:19","slug":"los-tres-mosqueteros","status":"publish","type":"product","link":"https:\/\/tavapy.gov.py\/biblioteca\/product\/los-tres-mosqueteros\/","title":{"rendered":"LOS TRES MOSQUETEROS."},"content":{"rendered":"","protected":false},"excerpt":{"rendered":"<p>Los Tres Mosqueteros es una obra muy conocida del escritor franc\u00e9s Alejandro Dumas y fue escrita en 1.844.<\/p>\n<p>Durante el reinado de Luis XIII, en 1625, D&#8217;Artagnan, un joven de provincias, viaja a Par\u00eds para presentarse al se\u00f1or Tr\u00e9ville, capit\u00e1n del Cuerpo de Mosqueteros del rey.<\/p>\n<p>Durante su viaje, conocer\u00e1 a Athos, Porthos y Aramis, tres valientes mosqueteros, con los que vivir\u00e1 mil peripecias, siempre en pugna con los guardias del cardenal Richelieu y sus maquiav\u00e9licos planes.<\/p>\n<p>El amor de D&#8217;Artagnan por Constance Bonacieux, camarera de la reina Ana de Austria, da origen al episodio central de la novela, seguido de otros llenos de intrigas, pasiones, hechos de armas y aventuras en una de las \u00e9pocas m\u00e1s interesantes y conflictivas de la historia de Francia.<\/p>\n<p><a href=\"https:\/\/tavapy.gov.py\/biblioteca\/wp-content\/uploads\/2022\/03\/Dumas-Los-tres-mosqueteros.pdf\" target=\"_blank\" rel=\"attachment noopener wp-att-3564\"><img loading=\"lazy\" decoding=\"async\" class=\"size-full wp-image-3564 alignleft\" src=\"https:\/\/tavapy.gov.py\/biblioteca\/wp-content\/uploads\/2022\/03\/icono-PDF-copia-5.png\" alt=\"\" width=\"121\" height=\"140\" \/><\/a><\/p>\n","protected":false},"featured_media":3685,"comment_status":"open","ping_status":"closed","template":"","meta":{"spay_email":""},"product_cat":[296],"product_tag":[],"class_list":{"0":"post-3715","1":"product","2":"type-product","3":"status-publish","4":"has-post-thumbnail","6":"book_author-alejandro-dumas","7":"product_cat-novela-historica","8":"entry"},"_links":{"self":[{"href":"https:\/\/tavapy.gov.py\/biblioteca\/wp-json\/wp\/v2\/product\/3715","targetHints":{"allow":["GET"]}}],"collection":[{"href":"https:\/\/tavapy.gov.py\/biblioteca\/wp-json\/wp\/v2\/product"}],"about":[{"href":"https:\/\/tavapy.gov.py\/biblioteca\/wp-json\/wp\/v2\/types\/product"}],"replies":[{"embeddable":true,"href":"https:\/\/tavapy.gov.py\/biblioteca\/wp-json\/wp\/v2\/comments?post=3715"}],"wp:featuredmedia":[{"embeddable":true,"href":"https:\/\/tavapy.gov.py\/biblioteca\/wp-json\/wp\/v2\/media\/3685"}],"wp:attachment":[{"href":"https:\/\/tavapy.gov.py\/biblioteca\/wp-json\/wp\/v2\/media?parent=3715"}],"wp:term":[{"taxonomy":"product_cat","embeddable":true,"href":"https:\/\/tavapy.gov.py\/biblioteca\/wp-json\/wp\/v2\/product_cat?post=3715"},{"taxonomy":"product_tag","embeddable":true,"href":"https:\/\/tavapy.gov.py\/biblioteca\/wp-json\/wp\/v2\/product_tag?post=3715"}],"curies":[{"name":"wp","href":"https:\/\/api.w.org\/{rel}","templated":true}]}}