{"id":3717,"date":"2022-03-31T21:57:14","date_gmt":"2022-03-31T21:57:14","guid":{"rendered":"https:\/\/tavapy.gov.py\/biblioteca\/?post_type=product&#038;p=3717"},"modified":"2022-04-20T20:05:13","modified_gmt":"2022-04-20T20:05:13","slug":"el-diario-de-ana-frank","status":"publish","type":"product","link":"https:\/\/tavapy.gov.py\/biblioteca\/product\/el-diario-de-ana-frank\/","title":{"rendered":"EL DIARIO DE ANA FRANK."},"content":{"rendered":"","protected":false},"excerpt":{"rendered":"<p>Tras la invasi\u00f3n a Holanda, los Frank, comerciantes jud\u00edos alemanes emigrados a Amsterdam en 1933, se ocultaron de la Gestapo en una buhardilla anexa al edificio donde el padre de Ana ten\u00eda sus oficinas. Eran ocho personas y permanecieron recluidas desde junio de 1942 hasta agosto de 1944, fecha en que fueron detenidos y enviados a un campo de concentraci\u00f3n.<\/p>\n<p>En ese lugar, y en las m\u00e1s precarias condiciones, Ana, a la saz\u00f3n una ni\u00f1a de trece a\u00f1os, escribi\u00f3 su estremecedor Diario: un testimonio \u00fanico en su g\u00e9nero sobre el horror y la barbarie nazi, y sobre los sentimientos y experiencias de la propia Ana y sus acompa\u00f1antes.<\/p>\n<p>Ana muri\u00f3 en el campo de concentraci\u00f3n nazi de Bergen-Belsen en marzo de 1945. Su Diario nunca morir\u00e1.<\/p>\n<p><a href=\"https:\/\/tavapy.gov.py\/biblioteca\/wp-content\/uploads\/2022\/03\/FrankA-Diario.pdf\" target=\"_blank\" rel=\"attachment noopener wp-att-3564\"><img loading=\"lazy\" decoding=\"async\" class=\"size-full wp-image-3564 alignleft\" src=\"https:\/\/tavapy.gov.py\/biblioteca\/wp-content\/uploads\/2022\/03\/icono-PDF-copia-5.png\" alt=\"\" width=\"121\" height=\"140\" \/><\/a><\/p>\n","protected":false},"featured_media":3681,"comment_status":"open","ping_status":"closed","template":"","meta":{"spay_email":""},"product_cat":[214],"product_tag":[],"class_list":{"0":"post-3717","1":"product","2":"type-product","3":"status-publish","4":"has-post-thumbnail","6":"book_author-ana-frank","7":"product_cat-autobiografia-memorias","8":"entry"},"_links":{"self":[{"href":"https:\/\/tavapy.gov.py\/biblioteca\/wp-json\/wp\/v2\/product\/3717","targetHints":{"allow":["GET"]}}],"collection":[{"href":"https:\/\/tavapy.gov.py\/biblioteca\/wp-json\/wp\/v2\/product"}],"about":[{"href":"https:\/\/tavapy.gov.py\/biblioteca\/wp-json\/wp\/v2\/types\/product"}],"replies":[{"embeddable":true,"href":"https:\/\/tavapy.gov.py\/biblioteca\/wp-json\/wp\/v2\/comments?post=3717"}],"wp:featuredmedia":[{"embeddable":true,"href":"https:\/\/tavapy.gov.py\/biblioteca\/wp-json\/wp\/v2\/media\/3681"}],"wp:attachment":[{"href":"https:\/\/tavapy.gov.py\/biblioteca\/wp-json\/wp\/v2\/media?parent=3717"}],"wp:term":[{"taxonomy":"product_cat","embeddable":true,"href":"https:\/\/tavapy.gov.py\/biblioteca\/wp-json\/wp\/v2\/product_cat?post=3717"},{"taxonomy":"product_tag","embeddable":true,"href":"https:\/\/tavapy.gov.py\/biblioteca\/wp-json\/wp\/v2\/product_tag?post=3717"}],"curies":[{"name":"wp","href":"https:\/\/api.w.org\/{rel}","templated":true}]}}