{"id":3718,"date":"2022-03-31T22:00:32","date_gmt":"2022-03-31T22:00:32","guid":{"rendered":"https:\/\/tavapy.gov.py\/biblioteca\/?post_type=product&#038;p=3718"},"modified":"2022-04-01T02:34:41","modified_gmt":"2022-04-01T02:34:41","slug":"autobiografia","status":"publish","type":"product","link":"https:\/\/tavapy.gov.py\/biblioteca\/product\/autobiografia\/","title":{"rendered":"AUTOBIOGRAF\u00cdA."},"content":{"rendered":"","protected":false},"excerpt":{"rendered":"<p>Benjam\u00edn Franklin (1706-1790) fue el hombre representativo americano que podr\u00eda haber figurado en la ilustre galer\u00eda de retratos literarios de Emerson. Franklin, habitante de las colonias inglesas, presenci\u00f3, y casi sell\u00f3 con un c\u00e9lebre discurso, el nacimiento de los Estados Unidos como primera democracia moderna, solicitando a los dem\u00e1s delegados de la Convenci\u00f3n Federal reunidos en Filadelfia la recomendaci\u00f3n un\u00e1nime de la Constituci\u00f3n americana.<\/p>\n<p>La escritura de Franklin, sin embargo, tiene su ra\u00edz en la \u00e9tica puritana, cuya poderosa y brillante imaginaci\u00f3n hab\u00eda dado a luz una de sus lecturas favoritas, \u00abEl progreso del peregrino\u00bb de John Bunyan. Descendiente espiritual de aquellos \u00abPilgrim Fathers\u00bb, el infatigable y polifac\u00e9tico Franklin transmiti\u00f3 a su \u00e9poca en el texto de su \u00abAutobiograf\u00eda\u00bb la necesidad de seguir cultivando una \u00e9tica que no descuidara las fuentes cl\u00e1sica y judeocristiana de nuestra cultura, a la vista de las oportunidades que brindaba la vida en el Nuevo Mundo.<\/p>\n<p>La \u00abAutobiograf\u00eda\u00bb de Franklin, escrita en 1.791, est\u00e1 plagada de an\u00e9cdotas y ense\u00f1anzas de su larga vida, inacabada por definici\u00f3n, como el mundo en que se hab\u00eda gestado, iniciada como una carta a su hijo y continuada como un testimonio ante sus conciudadanos, conserva todo el valor promisorio de los textos fundamentales de la tradici\u00f3n norteamericana.<\/p>\n<p><a href=\"https:\/\/tavapy.gov.py\/biblioteca\/wp-content\/uploads\/2022\/03\/FranklinB-Autobiografia.pdf\" target=\"_blank\" rel=\"attachment noopener wp-att-3564\"><img loading=\"lazy\" decoding=\"async\" class=\"size-full wp-image-3564 alignleft\" src=\"https:\/\/tavapy.gov.py\/biblioteca\/wp-content\/uploads\/2022\/03\/icono-PDF-copia-5.png\" alt=\"\" width=\"121\" height=\"140\" \/><\/a><\/p>\n","protected":false},"featured_media":3679,"comment_status":"open","ping_status":"closed","template":"","meta":{"spay_email":""},"product_cat":[214],"product_tag":[],"class_list":{"0":"post-3718","1":"product","2":"type-product","3":"status-publish","4":"has-post-thumbnail","6":"book_author-benjamin-franklin","7":"product_cat-autobiografia-memorias","8":"entry"},"_links":{"self":[{"href":"https:\/\/tavapy.gov.py\/biblioteca\/wp-json\/wp\/v2\/product\/3718","targetHints":{"allow":["GET"]}}],"collection":[{"href":"https:\/\/tavapy.gov.py\/biblioteca\/wp-json\/wp\/v2\/product"}],"about":[{"href":"https:\/\/tavapy.gov.py\/biblioteca\/wp-json\/wp\/v2\/types\/product"}],"replies":[{"embeddable":true,"href":"https:\/\/tavapy.gov.py\/biblioteca\/wp-json\/wp\/v2\/comments?post=3718"}],"wp:featuredmedia":[{"embeddable":true,"href":"https:\/\/tavapy.gov.py\/biblioteca\/wp-json\/wp\/v2\/media\/3679"}],"wp:attachment":[{"href":"https:\/\/tavapy.gov.py\/biblioteca\/wp-json\/wp\/v2\/media?parent=3718"}],"wp:term":[{"taxonomy":"product_cat","embeddable":true,"href":"https:\/\/tavapy.gov.py\/biblioteca\/wp-json\/wp\/v2\/product_cat?post=3718"},{"taxonomy":"product_tag","embeddable":true,"href":"https:\/\/tavapy.gov.py\/biblioteca\/wp-json\/wp\/v2\/product_tag?post=3718"}],"curies":[{"name":"wp","href":"https:\/\/api.w.org\/{rel}","templated":true}]}}