{"id":3720,"date":"2022-03-31T22:15:32","date_gmt":"2022-03-31T22:15:32","guid":{"rendered":"https:\/\/tavapy.gov.py\/biblioteca\/?post_type=product&#038;p=3720"},"modified":"2022-04-01T02:29:45","modified_gmt":"2022-04-01T02:29:45","slug":"sociologia-2","status":"publish","type":"product","link":"https:\/\/tavapy.gov.py\/biblioteca\/product\/sociologia-2\/","title":{"rendered":"SOCIOLOG\u00cdA."},"content":{"rendered":"","protected":false},"excerpt":{"rendered":"<p>La s\u00e9ptima edici\u00f3n (2014) de esta obra cl\u00e1sica escrita originalmente en el a\u00f1o 1.998 ha sido completamente revisada y actualizada de forma que aborda los acontecimientos globales recientes y las nuevas ideas que han surgido en la sociolog\u00eda.<\/p>\n<p>Asimismo se tratan en detalle los debates cl\u00e1sicos, y las cuestiones m\u00e1s complejas se explican de forma interesante, rigurosa y accesible. Incluye nuevos y mejorados materiales sobre la crisis financiera global, los recientes movimientos sociales -desde las protestas contra la austeridad hasta la primavera \u00e1rabe-, el medio ambiente, los nuevos medios de comunicaci\u00f3n, la teor\u00eda social feminista, la interseccionalidad y los cambios en el equilibrio de poderes.<\/p>\n<p>Por todo ello sigue siendo la mejor introducci\u00f3n a la sociolog\u00eda y el texto de referencia est\u00e1ndar de las ciencias sociales.<\/p>\n<p><a href=\"https:\/\/tavapy.gov.py\/biblioteca\/wp-content\/uploads\/2022\/03\/GiddensA-Sociologia.pdf\" target=\"_blank\" rel=\"attachment noopener wp-att-3564\"><img loading=\"lazy\" decoding=\"async\" class=\"size-full wp-image-3564 alignleft\" src=\"https:\/\/tavapy.gov.py\/biblioteca\/wp-content\/uploads\/2022\/03\/icono-PDF-copia-5.png\" alt=\"\" width=\"121\" height=\"140\" \/><\/a><\/p>\n","protected":false},"featured_media":3675,"comment_status":"open","ping_status":"closed","template":"","meta":{"spay_email":""},"product_cat":[70],"product_tag":[],"class_list":{"0":"post-3720","1":"product","2":"type-product","3":"status-publish","4":"has-post-thumbnail","6":"book_author-anthony-giddens","7":"product_cat-sociologia","8":"entry"},"_links":{"self":[{"href":"https:\/\/tavapy.gov.py\/biblioteca\/wp-json\/wp\/v2\/product\/3720","targetHints":{"allow":["GET"]}}],"collection":[{"href":"https:\/\/tavapy.gov.py\/biblioteca\/wp-json\/wp\/v2\/product"}],"about":[{"href":"https:\/\/tavapy.gov.py\/biblioteca\/wp-json\/wp\/v2\/types\/product"}],"replies":[{"embeddable":true,"href":"https:\/\/tavapy.gov.py\/biblioteca\/wp-json\/wp\/v2\/comments?post=3720"}],"wp:featuredmedia":[{"embeddable":true,"href":"https:\/\/tavapy.gov.py\/biblioteca\/wp-json\/wp\/v2\/media\/3675"}],"wp:attachment":[{"href":"https:\/\/tavapy.gov.py\/biblioteca\/wp-json\/wp\/v2\/media?parent=3720"}],"wp:term":[{"taxonomy":"product_cat","embeddable":true,"href":"https:\/\/tavapy.gov.py\/biblioteca\/wp-json\/wp\/v2\/product_cat?post=3720"},{"taxonomy":"product_tag","embeddable":true,"href":"https:\/\/tavapy.gov.py\/biblioteca\/wp-json\/wp\/v2\/product_tag?post=3720"}],"curies":[{"name":"wp","href":"https:\/\/api.w.org\/{rel}","templated":true}]}}