{"id":3721,"date":"2022-03-31T22:19:15","date_gmt":"2022-03-31T22:19:15","guid":{"rendered":"https:\/\/tavapy.gov.py\/biblioteca\/?post_type=product&#038;p=3721"},"modified":"2022-04-01T02:27:17","modified_gmt":"2022-04-01T02:27:17","slug":"que-se-sabe-de-la-biblia-desde-la-arqueologia","status":"publish","type":"product","link":"https:\/\/tavapy.gov.py\/biblioteca\/product\/que-se-sabe-de-la-biblia-desde-la-arqueologia\/","title":{"rendered":"QU\u00c9 SE SABE DE&#8230; LA BIBLIA DESDE LA ARQUEOLOG\u00cdA."},"content":{"rendered":"","protected":false},"excerpt":{"rendered":"<p>Las investigaciones arqueol\u00f3gicas en el Oriente, ya desde el siglo XIX, siempre han ido acompa\u00f1adas de un entorno de aventura y riesgo. Pero m\u00e1s all\u00e1 de la historia anecd\u00f3tica y rom\u00e1ntica, los arque\u00f3logos nos han descubierto multitud de ruinas y valiosos objetos, que permiten reconstruir el mundo en que se desarroll\u00f3 la historia b\u00edblica.<\/p>\n<p>Los belicosos filisteos, la bien defendida y lujosa ciudad de Samar\u00eda, capital del reino de Israel, la vieja y sagrada Jerusal\u00e9n, todo ello en el entorno del Antiguo Testamento, van desfilando por las p\u00e1ginas de este libro escrito en el 2.010. Igualmente otros lugares \u00edntimamente relacionados con Jes\u00fas de Nazaret, como Cafarna\u00fam, Cesarea de Filipo, Jeric\u00f3 y, sobre todo, el m\u00edtico templo de Jerusal\u00e9n.<\/p>\n<p>Pero \u00bfqu\u00e9 nos dicen de la Biblia todas estas excavaciones?<\/p>\n<p><a href=\"https:\/\/tavapy.gov.py\/biblioteca\/wp-content\/uploads\/2022\/03\/Gonzalez-EchegarayJ-La_biblia_desde_la_arqu...pdf\" target=\"_blank\" rel=\"attachment noopener wp-att-3564\"><img loading=\"lazy\" decoding=\"async\" class=\"size-full wp-image-3564 alignleft\" src=\"https:\/\/tavapy.gov.py\/biblioteca\/wp-content\/uploads\/2022\/03\/icono-PDF-copia-5.png\" alt=\"\" width=\"121\" height=\"140\" \/><\/a><\/p>\n","protected":false},"featured_media":3671,"comment_status":"open","ping_status":"closed","template":"","meta":{"spay_email":""},"product_cat":[218],"product_tag":[],"class_list":{"0":"post-3721","1":"product","2":"type-product","3":"status-publish","4":"has-post-thumbnail","6":"book_author-joaquin-gonzalez-echegaray","7":"product_cat-estudios-biblicos-arqueologia","8":"entry"},"_links":{"self":[{"href":"https:\/\/tavapy.gov.py\/biblioteca\/wp-json\/wp\/v2\/product\/3721","targetHints":{"allow":["GET"]}}],"collection":[{"href":"https:\/\/tavapy.gov.py\/biblioteca\/wp-json\/wp\/v2\/product"}],"about":[{"href":"https:\/\/tavapy.gov.py\/biblioteca\/wp-json\/wp\/v2\/types\/product"}],"replies":[{"embeddable":true,"href":"https:\/\/tavapy.gov.py\/biblioteca\/wp-json\/wp\/v2\/comments?post=3721"}],"wp:featuredmedia":[{"embeddable":true,"href":"https:\/\/tavapy.gov.py\/biblioteca\/wp-json\/wp\/v2\/media\/3671"}],"wp:attachment":[{"href":"https:\/\/tavapy.gov.py\/biblioteca\/wp-json\/wp\/v2\/media?parent=3721"}],"wp:term":[{"taxonomy":"product_cat","embeddable":true,"href":"https:\/\/tavapy.gov.py\/biblioteca\/wp-json\/wp\/v2\/product_cat?post=3721"},{"taxonomy":"product_tag","embeddable":true,"href":"https:\/\/tavapy.gov.py\/biblioteca\/wp-json\/wp\/v2\/product_tag?post=3721"}],"curies":[{"name":"wp","href":"https:\/\/api.w.org\/{rel}","templated":true}]}}