{"id":3722,"date":"2022-03-31T22:22:27","date_gmt":"2022-03-31T22:22:27","guid":{"rendered":"https:\/\/tavapy.gov.py\/biblioteca\/?post_type=product&#038;p=3722"},"modified":"2022-04-01T02:24:42","modified_gmt":"2022-04-01T02:24:42","slug":"temor-y-temblor","status":"publish","type":"product","link":"https:\/\/tavapy.gov.py\/biblioteca\/product\/temor-y-temblor\/","title":{"rendered":"TEMOR Y TEMBLOR."},"content":{"rendered":"","protected":false},"excerpt":{"rendered":"<p>Temor y temblor es un escrito filos\u00f3fico publicado en 1843 por S\u00f8ren Kierkegaard bajo el seud\u00f3nimo de Johannes de Silentio.<\/p>\n<p>En Temor y temblor Kierkegaard introduce la figura del \u00abcaballero de la resignaci\u00f3n infinita\u00bb, quien es capaz de desordenar todo por una gran causa y convivir con el dolor que eso le produzca, en oposici\u00f3n al \u00abcaballero de la fe\u00bb, quien no s\u00f3lo renuncia a todo, sino que adem\u00e1s conf\u00eda por la fuerza del absurdo en que volver\u00e1 a recibirlo de vuelta cuando aprenda a Dios.<\/p>\n<p>Para Kierkegaard, la resignaci\u00f3n infinita es sencilla y es el estado anterior a la fe, la cual est\u00e1 basada en la creencia (y convicci\u00f3n) del absurdo, lo cual resulta mucho m\u00e1s dif\u00edcil de lograr. Esta fe en el absurdo pod\u00eda verse en Abraham cuando supon\u00eda que Dios no iba a permitir que el sacrificio de Isaac se consumara o que ser\u00eda resucitado de entre los muertos; por esta raz\u00f3n, por la fe, Abraham se diferencia del asesino (al final del relato del G\u00e9nesis 22, Dios detiene a Abraham en el \u00faltimo momento: un carnero se cruza en su camino y lo sacrifica, interpretando esta aparici\u00f3n como una se\u00f1al divina, en vez de sacrificar a su hijo).<\/p>\n<p><a href=\"https:\/\/tavapy.gov.py\/biblioteca\/wp-content\/uploads\/2022\/03\/Kierkegaard-S-Temor-y-temblor.pdf\" target=\"_blank\" rel=\"attachment noopener wp-att-3564\"><img loading=\"lazy\" decoding=\"async\" class=\"size-full wp-image-3564 alignleft\" src=\"https:\/\/tavapy.gov.py\/biblioteca\/wp-content\/uploads\/2022\/03\/icono-PDF-copia-5.png\" alt=\"\" width=\"121\" height=\"140\" \/><\/a><\/p>\n","protected":false},"featured_media":3669,"comment_status":"open","ping_status":"closed","template":"","meta":{"spay_email":""},"product_cat":[59],"product_tag":[],"class_list":{"0":"post-3722","1":"product","2":"type-product","3":"status-publish","4":"has-post-thumbnail","6":"book_author-soren-kierkegaard","7":"product_cat-filosofia","8":"entry"},"_links":{"self":[{"href":"https:\/\/tavapy.gov.py\/biblioteca\/wp-json\/wp\/v2\/product\/3722","targetHints":{"allow":["GET"]}}],"collection":[{"href":"https:\/\/tavapy.gov.py\/biblioteca\/wp-json\/wp\/v2\/product"}],"about":[{"href":"https:\/\/tavapy.gov.py\/biblioteca\/wp-json\/wp\/v2\/types\/product"}],"replies":[{"embeddable":true,"href":"https:\/\/tavapy.gov.py\/biblioteca\/wp-json\/wp\/v2\/comments?post=3722"}],"wp:featuredmedia":[{"embeddable":true,"href":"https:\/\/tavapy.gov.py\/biblioteca\/wp-json\/wp\/v2\/media\/3669"}],"wp:attachment":[{"href":"https:\/\/tavapy.gov.py\/biblioteca\/wp-json\/wp\/v2\/media?parent=3722"}],"wp:term":[{"taxonomy":"product_cat","embeddable":true,"href":"https:\/\/tavapy.gov.py\/biblioteca\/wp-json\/wp\/v2\/product_cat?post=3722"},{"taxonomy":"product_tag","embeddable":true,"href":"https:\/\/tavapy.gov.py\/biblioteca\/wp-json\/wp\/v2\/product_tag?post=3722"}],"curies":[{"name":"wp","href":"https:\/\/api.w.org\/{rel}","templated":true}]}}