{"id":3723,"date":"2022-03-31T22:27:26","date_gmt":"2022-03-31T22:27:26","guid":{"rendered":"https:\/\/tavapy.gov.py\/biblioteca\/?post_type=product&#038;p=3723"},"modified":"2022-04-06T03:38:26","modified_gmt":"2022-04-06T03:38:26","slug":"homo-viator","status":"publish","type":"product","link":"https:\/\/tavapy.gov.py\/biblioteca\/product\/homo-viator\/","title":{"rendered":"HOMO VIATOR."},"content":{"rendered":"","protected":false},"excerpt":{"rendered":"<p>\u00abHomo viator\u00bb agrupa una serie de conferencias, estudios y escritos in\u00e9ditos que fueron pensados y redactados durante la ocupaci\u00f3n nazi de Francia y publicada en 1.944. En sus p\u00e1ginas, sin embargo, no existe rastro de des\u00e1nimo y abatimiento, sino una gozosa esperanza fundada en ese \u00abvivir so\u00f1ando\u00bb que ya comenzaba a anticipar la ansiada liberaci\u00f3n.<\/p>\n<p>Gabriel Marcel considera que el ser humano est\u00e1 siempre en camino; por tal motivo la peregrinaci\u00f3n se le revela como el \u00fanico modo de responder a los diferentes interrogantes que se van planteando a lo largo de la existencia: el otro, la familia, la inmortalidad, los valores, la salvaci\u00f3n, la experiencia del esp\u00edritu.<\/p>\n<p>Cada uno de estos temas tiene sentido si no se pierde de vista otra afirmaci\u00f3n fundamental: el valor sagrado de la vida. Su reivindicaci\u00f3n hace posible la verdadera esperanza.<\/p>\n<p><a href=\"https:\/\/tavapy.gov.py\/biblioteca\/wp-content\/uploads\/2022\/03\/MarcelG-Homo-Viator.pdf\" target=\"_blank\" rel=\"attachment noopener wp-att-3564\"><img loading=\"lazy\" decoding=\"async\" class=\"size-full wp-image-3564 alignleft\" src=\"https:\/\/tavapy.gov.py\/biblioteca\/wp-content\/uploads\/2022\/03\/icono-PDF-copia-5.png\" alt=\"\" width=\"121\" height=\"140\" \/><\/a><\/p>\n","protected":false},"featured_media":3667,"comment_status":"open","ping_status":"closed","template":"","meta":{"spay_email":""},"product_cat":[268],"product_tag":[],"class_list":{"0":"post-3723","1":"product","2":"type-product","3":"status-publish","4":"has-post-thumbnail","6":"book_author-gabriel-marcel","7":"product_cat-filosofia-antropologia","8":"entry"},"_links":{"self":[{"href":"https:\/\/tavapy.gov.py\/biblioteca\/wp-json\/wp\/v2\/product\/3723","targetHints":{"allow":["GET"]}}],"collection":[{"href":"https:\/\/tavapy.gov.py\/biblioteca\/wp-json\/wp\/v2\/product"}],"about":[{"href":"https:\/\/tavapy.gov.py\/biblioteca\/wp-json\/wp\/v2\/types\/product"}],"replies":[{"embeddable":true,"href":"https:\/\/tavapy.gov.py\/biblioteca\/wp-json\/wp\/v2\/comments?post=3723"}],"wp:featuredmedia":[{"embeddable":true,"href":"https:\/\/tavapy.gov.py\/biblioteca\/wp-json\/wp\/v2\/media\/3667"}],"wp:attachment":[{"href":"https:\/\/tavapy.gov.py\/biblioteca\/wp-json\/wp\/v2\/media?parent=3723"}],"wp:term":[{"taxonomy":"product_cat","embeddable":true,"href":"https:\/\/tavapy.gov.py\/biblioteca\/wp-json\/wp\/v2\/product_cat?post=3723"},{"taxonomy":"product_tag","embeddable":true,"href":"https:\/\/tavapy.gov.py\/biblioteca\/wp-json\/wp\/v2\/product_tag?post=3723"}],"curies":[{"name":"wp","href":"https:\/\/api.w.org\/{rel}","templated":true}]}}