{"id":3724,"date":"2022-03-31T22:32:54","date_gmt":"2022-03-31T22:32:54","guid":{"rendered":"https:\/\/tavapy.gov.py\/biblioteca\/?post_type=product&#038;p=3724"},"modified":"2022-04-01T02:18:49","modified_gmt":"2022-04-01T02:18:49","slug":"de-maquinas-a-seres-vivos","status":"publish","type":"product","link":"https:\/\/tavapy.gov.py\/biblioteca\/product\/de-maquinas-a-seres-vivos\/","title":{"rendered":"DE M\u00c1QUINAS A SERES VIVOS."},"content":{"rendered":"","protected":false},"excerpt":{"rendered":"<p>Despu\u00e9s de varias d\u00e9cadas de la publicaci\u00f3n de este libro, la noci\u00f3n de autopoiesis u organizaci\u00f3n de lo viviente como caracterizaci\u00f3n de los sistemas vivos, tiene plena vigencia en nuestros d\u00edas.<\/p>\n<p>En un enfoque mecanicista de la realidad biol\u00f3gica, en que se renuncia a toda explicaci\u00f3n teleon\u00f3mica, los sistemas vivos son explicados en t\u00e9rminos de relaciones de producci\u00f3n y no de las propiedades de sus componentes.<\/p>\n<p>La visi\u00f3n propuesta por los profesores Maturana y Varela, en esta obra escrita en 1.973, no s\u00f3lo permite entender la fenomenolog\u00eda biol\u00f3gica en su totalidad, llegando en algunos casos a romper con los mitos de la biolog\u00eda, sino que tiene tambi\u00e9n importantes consecuencias en otros campos del entendimiento humano.<\/p>\n<p><a href=\"https:\/\/tavapy.gov.py\/biblioteca\/wp-content\/uploads\/2022\/03\/Maturana-Varela-De-maquinas-a-seres-vivos.pdf\" target=\"_blank\" rel=\"attachment noopener wp-att-3564\"><img loading=\"lazy\" decoding=\"async\" class=\"size-full wp-image-3564 alignleft\" src=\"https:\/\/tavapy.gov.py\/biblioteca\/wp-content\/uploads\/2022\/03\/icono-PDF-copia-5.png\" alt=\"\" width=\"121\" height=\"140\" \/><\/a><\/p>\n","protected":false},"featured_media":3665,"comment_status":"open","ping_status":"closed","template":"","meta":{"spay_email":""},"product_cat":[177],"product_tag":[],"class_list":{"0":"post-3724","1":"product","2":"type-product","3":"status-publish","4":"has-post-thumbnail","6":"book_author-humberto-maturana","7":"product_cat-biologia-moderna","8":"entry"},"_links":{"self":[{"href":"https:\/\/tavapy.gov.py\/biblioteca\/wp-json\/wp\/v2\/product\/3724","targetHints":{"allow":["GET"]}}],"collection":[{"href":"https:\/\/tavapy.gov.py\/biblioteca\/wp-json\/wp\/v2\/product"}],"about":[{"href":"https:\/\/tavapy.gov.py\/biblioteca\/wp-json\/wp\/v2\/types\/product"}],"replies":[{"embeddable":true,"href":"https:\/\/tavapy.gov.py\/biblioteca\/wp-json\/wp\/v2\/comments?post=3724"}],"wp:featuredmedia":[{"embeddable":true,"href":"https:\/\/tavapy.gov.py\/biblioteca\/wp-json\/wp\/v2\/media\/3665"}],"wp:attachment":[{"href":"https:\/\/tavapy.gov.py\/biblioteca\/wp-json\/wp\/v2\/media?parent=3724"}],"wp:term":[{"taxonomy":"product_cat","embeddable":true,"href":"https:\/\/tavapy.gov.py\/biblioteca\/wp-json\/wp\/v2\/product_cat?post=3724"},{"taxonomy":"product_tag","embeddable":true,"href":"https:\/\/tavapy.gov.py\/biblioteca\/wp-json\/wp\/v2\/product_tag?post=3724"}],"curies":[{"name":"wp","href":"https:\/\/api.w.org\/{rel}","templated":true}]}}