{"id":3726,"date":"2022-03-31T22:38:15","date_gmt":"2022-03-31T22:38:15","guid":{"rendered":"https:\/\/tavapy.gov.py\/biblioteca\/?post_type=product&#038;p=3726"},"modified":"2022-04-01T02:13:56","modified_gmt":"2022-04-01T02:13:56","slug":"serenidad","status":"publish","type":"product","link":"https:\/\/tavapy.gov.py\/biblioteca\/product\/serenidad\/","title":{"rendered":"SERENIDAD."},"content":{"rendered":"","protected":false},"excerpt":{"rendered":"<p>Siempre que haya un hueco en tu vida, ll\u00e9nalo de amor, pues el amor lleva en s\u00ed su plenitud\u201d. De esta reflexi\u00f3n del gran poeta mexicano Amado Nervo nace el t\u00edtulo de este libro extraordinario, escrito en 1.912, a caballo entre la poes\u00eda m\u00e1s refinada y la llamada literatura de autosuperaci\u00f3n o autoayuda.<\/p>\n<p>Libro de sabidur\u00eda y de meditaci\u00f3n, conduce suavemente al lector a la reflexi\u00f3n serena mientras va sembrando en su alma semillas de aut\u00e9ntico conocimiento y lo invita a hacerse con \u201cesa posesi\u00f3n que no tiene l\u00edmites\u201d y que \u201cse nos ofrece a cada instante\u201d, la posesi\u00f3n de la Vida.<\/p>\n<p><a href=\"https:\/\/tavapy.gov.py\/biblioteca\/wp-content\/uploads\/2022\/03\/NervoA-Serenidad.pdf\" target=\"_blank\" rel=\"attachment noopener wp-att-3564\"><img loading=\"lazy\" decoding=\"async\" class=\"size-full wp-image-3564 alignleft\" src=\"https:\/\/tavapy.gov.py\/biblioteca\/wp-content\/uploads\/2022\/03\/icono-PDF-copia-5.png\" alt=\"\" width=\"121\" height=\"140\" \/><\/a><\/p>\n","protected":false},"featured_media":3661,"comment_status":"open","ping_status":"closed","template":"","meta":{"spay_email":""},"product_cat":[97],"product_tag":[],"class_list":{"0":"post-3726","1":"product","2":"type-product","3":"status-publish","4":"has-post-thumbnail","6":"book_author-amado-nervo","7":"product_cat-poesia","8":"entry"},"_links":{"self":[{"href":"https:\/\/tavapy.gov.py\/biblioteca\/wp-json\/wp\/v2\/product\/3726","targetHints":{"allow":["GET"]}}],"collection":[{"href":"https:\/\/tavapy.gov.py\/biblioteca\/wp-json\/wp\/v2\/product"}],"about":[{"href":"https:\/\/tavapy.gov.py\/biblioteca\/wp-json\/wp\/v2\/types\/product"}],"replies":[{"embeddable":true,"href":"https:\/\/tavapy.gov.py\/biblioteca\/wp-json\/wp\/v2\/comments?post=3726"}],"wp:featuredmedia":[{"embeddable":true,"href":"https:\/\/tavapy.gov.py\/biblioteca\/wp-json\/wp\/v2\/media\/3661"}],"wp:attachment":[{"href":"https:\/\/tavapy.gov.py\/biblioteca\/wp-json\/wp\/v2\/media?parent=3726"}],"wp:term":[{"taxonomy":"product_cat","embeddable":true,"href":"https:\/\/tavapy.gov.py\/biblioteca\/wp-json\/wp\/v2\/product_cat?post=3726"},{"taxonomy":"product_tag","embeddable":true,"href":"https:\/\/tavapy.gov.py\/biblioteca\/wp-json\/wp\/v2\/product_tag?post=3726"}],"curies":[{"name":"wp","href":"https:\/\/api.w.org\/{rel}","templated":true}]}}