{"id":3730,"date":"2022-03-31T22:49:37","date_gmt":"2022-03-31T22:49:37","guid":{"rendered":"https:\/\/tavapy.gov.py\/biblioteca\/?post_type=product&#038;p=3730"},"modified":"2022-04-01T02:07:51","modified_gmt":"2022-04-01T02:07:51","slug":"el-viaje-a-la-felicidad","status":"publish","type":"product","link":"https:\/\/tavapy.gov.py\/biblioteca\/product\/el-viaje-a-la-felicidad\/","title":{"rendered":"EL VIAJE A LA FELICIDAD."},"content":{"rendered":"","protected":false},"excerpt":{"rendered":"<p>Este libro escrito en el 2.005 es una l\u00facida y apasionante aproximaci\u00f3n a la felicidad y sus condicionantes: las emociones, el estr\u00e9s, los flujos hormonales, el envejecimiento, los factores sociales, econ\u00f3micos, culturales y religiosos&#8230;<\/p>\n<p>Una indagaci\u00f3n que nos desvela los m\u00e1s recientes descubrimientos cient\u00edficos en torno a este tema y que en su cap\u00edtulo final nos propone la f\u00f3rmula de la felicidad.<\/p>\n<p>Un libro brillante, agudo, certero, que nos ense\u00f1a muchas cosas y nos invita a la reflexi\u00f3n.<\/p>\n<p><a href=\"https:\/\/tavapy.gov.py\/biblioteca\/wp-content\/uploads\/2022\/03\/PunsetE-El-viaje-a-la-felicidad.pdf\" target=\"_blank\" rel=\"attachment noopener wp-att-3564\"><img loading=\"lazy\" decoding=\"async\" class=\"size-full wp-image-3564 alignleft\" src=\"https:\/\/tavapy.gov.py\/biblioteca\/wp-content\/uploads\/2022\/03\/icono-PDF-copia-5.png\" alt=\"\" width=\"121\" height=\"140\" \/><\/a><\/p>\n","protected":false},"featured_media":3659,"comment_status":"open","ping_status":"closed","template":"","meta":{"spay_email":""},"product_cat":[227],"product_tag":[],"class_list":{"0":"post-3730","1":"product","2":"type-product","3":"status-publish","4":"has-post-thumbnail","6":"book_author-eduardo-punset","7":"product_cat-ciencia-divulgacion-cientifica","8":"entry"},"_links":{"self":[{"href":"https:\/\/tavapy.gov.py\/biblioteca\/wp-json\/wp\/v2\/product\/3730","targetHints":{"allow":["GET"]}}],"collection":[{"href":"https:\/\/tavapy.gov.py\/biblioteca\/wp-json\/wp\/v2\/product"}],"about":[{"href":"https:\/\/tavapy.gov.py\/biblioteca\/wp-json\/wp\/v2\/types\/product"}],"replies":[{"embeddable":true,"href":"https:\/\/tavapy.gov.py\/biblioteca\/wp-json\/wp\/v2\/comments?post=3730"}],"wp:featuredmedia":[{"embeddable":true,"href":"https:\/\/tavapy.gov.py\/biblioteca\/wp-json\/wp\/v2\/media\/3659"}],"wp:attachment":[{"href":"https:\/\/tavapy.gov.py\/biblioteca\/wp-json\/wp\/v2\/media?parent=3730"}],"wp:term":[{"taxonomy":"product_cat","embeddable":true,"href":"https:\/\/tavapy.gov.py\/biblioteca\/wp-json\/wp\/v2\/product_cat?post=3730"},{"taxonomy":"product_tag","embeddable":true,"href":"https:\/\/tavapy.gov.py\/biblioteca\/wp-json\/wp\/v2\/product_tag?post=3730"}],"curies":[{"name":"wp","href":"https:\/\/api.w.org\/{rel}","templated":true}]}}