{"id":3731,"date":"2022-03-31T22:52:09","date_gmt":"2022-03-31T22:52:09","guid":{"rendered":"https:\/\/tavapy.gov.py\/biblioteca\/?post_type=product&#038;p=3731"},"modified":"2022-04-01T02:05:02","modified_gmt":"2022-04-01T02:05:02","slug":"hijo-de-hombre","status":"publish","type":"product","link":"https:\/\/tavapy.gov.py\/biblioteca\/product\/hijo-de-hombre\/","title":{"rendered":"HIJO DE HOMBRE."},"content":{"rendered":"","protected":false},"excerpt":{"rendered":"<p>A trav\u00e9s de la voz vertebradora de Miguel Vera, la novela Hijo de hombre escrita en 1.960, despliega ante el lector las vivencias de una serie de personajes que sufren, aman, anhelan la libertad y se muestran solidarios durante el dif\u00edcil y violento per\u00edodo de la historia de Paraguay que se inicia con la independencia del pa\u00eds y que tiene su punto final en la Guerra del Chaco, conflicto en el que Augusto Roa Bastos particip\u00f3 entre 1932 y 1935, y a causa del cual aborrec\u00eda toda expresi\u00f3n de violencia.<\/p>\n<p>La quintaesencia de Roa Bastos, un consumado autor de cuentos, se encuentra en Hijo de hombre, una obra fundacional que, aunque est\u00e1 concebida como una novela, fundamenta su estructura en nueve historias distintas que se desarrollan a lo largo de tres generaciones, separadas en el tiempo, pero a la vez interconectadas entre s\u00ed.<\/p>\n<p>&nbsp;<\/p>\n<p>Con esta narraci\u00f3n, el autor paraguayo se erigi\u00f3 por primera vez en portavoz de su pa\u00eds y de sus gentes para defender su condici\u00f3n humana, su religi\u00f3n, sus lenguas y su cultura popular.<\/p>\n<p><a href=\"https:\/\/tavapy.gov.py\/biblioteca\/wp-content\/uploads\/2022\/03\/Roa-BastosA-Hijo_de_hombre.pdf\" target=\"_blank\" rel=\"attachment noopener wp-att-3564\"><img loading=\"lazy\" decoding=\"async\" class=\"size-full wp-image-3564 alignleft\" src=\"https:\/\/tavapy.gov.py\/biblioteca\/wp-content\/uploads\/2022\/03\/icono-PDF-copia-5.png\" alt=\"\" width=\"121\" height=\"140\" \/><\/a><\/p>\n","protected":false},"featured_media":3658,"comment_status":"open","ping_status":"closed","template":"","meta":{"spay_email":""},"product_cat":[57],"product_tag":[],"class_list":{"0":"post-3731","1":"product","2":"type-product","3":"status-publish","4":"has-post-thumbnail","6":"book_author-augusto-roa-bastos","7":"product_cat-novela","8":"entry"},"_links":{"self":[{"href":"https:\/\/tavapy.gov.py\/biblioteca\/wp-json\/wp\/v2\/product\/3731","targetHints":{"allow":["GET"]}}],"collection":[{"href":"https:\/\/tavapy.gov.py\/biblioteca\/wp-json\/wp\/v2\/product"}],"about":[{"href":"https:\/\/tavapy.gov.py\/biblioteca\/wp-json\/wp\/v2\/types\/product"}],"replies":[{"embeddable":true,"href":"https:\/\/tavapy.gov.py\/biblioteca\/wp-json\/wp\/v2\/comments?post=3731"}],"wp:featuredmedia":[{"embeddable":true,"href":"https:\/\/tavapy.gov.py\/biblioteca\/wp-json\/wp\/v2\/media\/3658"}],"wp:attachment":[{"href":"https:\/\/tavapy.gov.py\/biblioteca\/wp-json\/wp\/v2\/media?parent=3731"}],"wp:term":[{"taxonomy":"product_cat","embeddable":true,"href":"https:\/\/tavapy.gov.py\/biblioteca\/wp-json\/wp\/v2\/product_cat?post=3731"},{"taxonomy":"product_tag","embeddable":true,"href":"https:\/\/tavapy.gov.py\/biblioteca\/wp-json\/wp\/v2\/product_tag?post=3731"}],"curies":[{"name":"wp","href":"https:\/\/api.w.org\/{rel}","templated":true}]}}