{"id":3732,"date":"2022-03-31T22:55:54","date_gmt":"2022-03-31T22:55:54","guid":{"rendered":"https:\/\/tavapy.gov.py\/biblioteca\/?post_type=product&#038;p=3732"},"modified":"2022-04-01T02:02:03","modified_gmt":"2022-04-01T02:02:03","slug":"el-contrato-social","status":"publish","type":"product","link":"https:\/\/tavapy.gov.py\/biblioteca\/product\/el-contrato-social\/","title":{"rendered":"EL CONTRATO SOCIAL."},"content":{"rendered":"","protected":false},"excerpt":{"rendered":"<p>El contrato social, escrito en 1.762, es un libro emblem\u00e1tico en la historia del pensamiento pol\u00edtico occidental, un libro impulsor de revoluciones -la de 1789- y de revolucionarios -de Robespierre a Sim\u00f3n Bol\u00edvar, entre otros-, una obra a contracorriente que ensalza, en el contexto de la Europa de las monarqu\u00edas absolutas, la democracia directa de las rep\u00fablicas de la Antig\u00fcedad en las que el pueblo, reunido en asamblea, legislaba.<\/p>\n<p>El texto, malentendido con frecuencia, lejos de encarnar los grandes principios de la democracia moderna, como se ha dicho, reniega de ellos, tanto del sistema representativo implantado en Inglaterra a ra\u00edz de la Revoluci\u00f3n Gloriosa de 1688, como de los derechos individuales o la divisi\u00f3n de poderes auspiciada por Locke y Montesquieu.<\/p>\n<p>Heredero del republicanismo de Maquiavelo, Rousseau somete al individuo a la colectividad en donde cada individuo cede parte de su independencia y la somete a la direcci\u00f3n suprema de una voluntad general m\u00e1s justa que mira por el inter\u00e9s com\u00fan, por el inter\u00e9s social de la comunidad, por la utilidad p\u00fablica. De esa voluntad general emana la \u00fanica y leg\u00edtima autoridad del Estado.<\/p>\n<p><a href=\"https:\/\/tavapy.gov.py\/biblioteca\/wp-content\/uploads\/2022\/03\/RousseauJ-ContratoSocial.pdf\" target=\"_blank\" rel=\"attachment noopener wp-att-3564\"><img loading=\"lazy\" decoding=\"async\" class=\"size-full wp-image-3564 alignleft\" src=\"https:\/\/tavapy.gov.py\/biblioteca\/wp-content\/uploads\/2022\/03\/icono-PDF-copia-5.png\" alt=\"\" width=\"121\" height=\"140\" \/><\/a><\/p>\n","protected":false},"featured_media":3655,"comment_status":"open","ping_status":"closed","template":"","meta":{"spay_email":""},"product_cat":[229],"product_tag":[],"class_list":{"0":"post-3732","1":"product","2":"type-product","3":"status-publish","4":"has-post-thumbnail","6":"book_author-jean-jacques-rousseau","7":"product_cat-filosofia-politica","8":"entry"},"_links":{"self":[{"href":"https:\/\/tavapy.gov.py\/biblioteca\/wp-json\/wp\/v2\/product\/3732","targetHints":{"allow":["GET"]}}],"collection":[{"href":"https:\/\/tavapy.gov.py\/biblioteca\/wp-json\/wp\/v2\/product"}],"about":[{"href":"https:\/\/tavapy.gov.py\/biblioteca\/wp-json\/wp\/v2\/types\/product"}],"replies":[{"embeddable":true,"href":"https:\/\/tavapy.gov.py\/biblioteca\/wp-json\/wp\/v2\/comments?post=3732"}],"wp:featuredmedia":[{"embeddable":true,"href":"https:\/\/tavapy.gov.py\/biblioteca\/wp-json\/wp\/v2\/media\/3655"}],"wp:attachment":[{"href":"https:\/\/tavapy.gov.py\/biblioteca\/wp-json\/wp\/v2\/media?parent=3732"}],"wp:term":[{"taxonomy":"product_cat","embeddable":true,"href":"https:\/\/tavapy.gov.py\/biblioteca\/wp-json\/wp\/v2\/product_cat?post=3732"},{"taxonomy":"product_tag","embeddable":true,"href":"https:\/\/tavapy.gov.py\/biblioteca\/wp-json\/wp\/v2\/product_tag?post=3732"}],"curies":[{"name":"wp","href":"https:\/\/api.w.org\/{rel}","templated":true}]}}