{"id":3733,"date":"2022-03-31T22:58:58","date_gmt":"2022-03-31T22:58:58","guid":{"rendered":"https:\/\/tavapy.gov.py\/biblioteca\/?post_type=product&#038;p=3733"},"modified":"2022-04-01T01:59:13","modified_gmt":"2022-04-01T01:59:13","slug":"sobre-heroes-y-tumbas","status":"publish","type":"product","link":"https:\/\/tavapy.gov.py\/biblioteca\/product\/sobre-heroes-y-tumbas\/","title":{"rendered":"SOBRE H\u00c9ROES Y TUMBAS."},"content":{"rendered":"","protected":false},"excerpt":{"rendered":"<p>La novela escrita en 1.961, narra los amores turbulentos de Mart\u00edn del Castillo y Alejandra Vidal, representantes de una familia olig\u00e1rquica en decadencia y presas de su propio destino, marcado por la tragedia, donde el incesto, el amor y el odio son sus elementos m\u00e1s recurrentes.<\/p>\n<p>De forma paralela, el autor relata la historia de los seguidores del general Juan Lavalle, pr\u00f3cer de la independencia argentina, que una vez derrotados llevaron el cad\u00e1ver de su jefe hasta el exilio; a la que se suma la trama siniestra gestada por una organizaci\u00f3n de ciegos.<\/p>\n<p><a href=\"https:\/\/tavapy.gov.py\/biblioteca\/wp-content\/uploads\/2022\/03\/SabatoE-Sobre-heroes-y-tumbas.pdf\" target=\"_blank\" rel=\"attachment noopener wp-att-3564\"><img loading=\"lazy\" decoding=\"async\" class=\"size-full wp-image-3564 alignleft\" src=\"https:\/\/tavapy.gov.py\/biblioteca\/wp-content\/uploads\/2022\/03\/icono-PDF-copia-5.png\" alt=\"\" width=\"121\" height=\"140\" \/><\/a><\/p>\n","protected":false},"featured_media":3736,"comment_status":"open","ping_status":"closed","template":"","meta":{"spay_email":""},"product_cat":[57],"product_tag":[],"class_list":{"0":"post-3733","1":"product","2":"type-product","3":"status-publish","4":"has-post-thumbnail","6":"book_author-ernesto-sabato","7":"product_cat-novela","8":"entry"},"_links":{"self":[{"href":"https:\/\/tavapy.gov.py\/biblioteca\/wp-json\/wp\/v2\/product\/3733","targetHints":{"allow":["GET"]}}],"collection":[{"href":"https:\/\/tavapy.gov.py\/biblioteca\/wp-json\/wp\/v2\/product"}],"about":[{"href":"https:\/\/tavapy.gov.py\/biblioteca\/wp-json\/wp\/v2\/types\/product"}],"replies":[{"embeddable":true,"href":"https:\/\/tavapy.gov.py\/biblioteca\/wp-json\/wp\/v2\/comments?post=3733"}],"wp:featuredmedia":[{"embeddable":true,"href":"https:\/\/tavapy.gov.py\/biblioteca\/wp-json\/wp\/v2\/media\/3736"}],"wp:attachment":[{"href":"https:\/\/tavapy.gov.py\/biblioteca\/wp-json\/wp\/v2\/media?parent=3733"}],"wp:term":[{"taxonomy":"product_cat","embeddable":true,"href":"https:\/\/tavapy.gov.py\/biblioteca\/wp-json\/wp\/v2\/product_cat?post=3733"},{"taxonomy":"product_tag","embeddable":true,"href":"https:\/\/tavapy.gov.py\/biblioteca\/wp-json\/wp\/v2\/product_tag?post=3733"}],"curies":[{"name":"wp","href":"https:\/\/api.w.org\/{rel}","templated":true}]}}