{"id":3737,"date":"2022-03-31T23:17:52","date_gmt":"2022-03-31T23:17:52","guid":{"rendered":"https:\/\/tavapy.gov.py\/biblioteca\/?post_type=product&#038;p=3737"},"modified":"2022-04-01T01:53:06","modified_gmt":"2022-04-01T01:53:06","slug":"noticia-de-un-secuestro","status":"publish","type":"product","link":"https:\/\/tavapy.gov.py\/biblioteca\/product\/noticia-de-un-secuestro\/","title":{"rendered":"NOTICIA DE UN SECUESTRO."},"content":{"rendered":"","protected":false},"excerpt":{"rendered":"<p>\u00abAntes de entrar en el autom\u00f3vil mir\u00f3 por encima del hombro para estar segura de que nadie la acechaba. Eran las siete y cinco de la noche en Bogot\u00e1. Hab\u00eda oscurecido una hora antes, el Parque Nacional estaba mal iluminado y los \u00e1rboles sin hojas ten\u00edan un perfil fantasmal contra el cielo turbio y turbio y triste, pero no hab\u00eda a la vista nada que temer\u00bb.<\/p>\n<p>Gabriel Garc\u00eda M\u00e1rquez en su rol de periodista, nos trae la historia real del secuestro de Maruja Pach\u00f3n Villamizar, ocurrido en Colombia en el a\u00f1o 1990, a manos del narcotraficante Pablo Escobar. De la investigaci\u00f3n por parte de Garc\u00eda M\u00e1rquez surge la relaci\u00f3n del hecho con otros nueve secuestros realizados por la misma organizaci\u00f3n.<\/p>\n<p>El libro Noticia de un secuestro, escrito en 1.996, transita por las emociones de los secuestrados, sus familias, la relaci\u00f3n de los pol\u00edticos con el narcotr\u00e1fico y tambi\u00e9n las personalidades de los secuestradores, sus cambios de \u00e1nimo, el pasar de bestias a personas comunes que, algunas veces llegan a detestar el \u00abtrabajo\u00bb en el que est\u00e1n involucrados.<\/p>\n<p><a href=\"https:\/\/tavapy.gov.py\/biblioteca\/wp-content\/uploads\/2022\/03\/Garcia-Marquez-noticia-de-un-secuestro.pdf\" target=\"_blank\" rel=\"attachment noopener wp-att-3564\"><img loading=\"lazy\" decoding=\"async\" class=\"size-full wp-image-3564 alignleft\" src=\"https:\/\/tavapy.gov.py\/biblioteca\/wp-content\/uploads\/2022\/03\/icono-PDF-copia-5.png\" alt=\"\" width=\"121\" height=\"140\" \/><\/a><\/p>\n","protected":false},"featured_media":3738,"comment_status":"open","ping_status":"closed","template":"","meta":{"spay_email":""},"product_cat":[231],"product_tag":[],"class_list":{"0":"post-3737","1":"product","2":"type-product","3":"status-publish","4":"has-post-thumbnail","6":"book_author-gabriel-garcia-marquez","7":"product_cat-literatura-narrativa","8":"entry"},"_links":{"self":[{"href":"https:\/\/tavapy.gov.py\/biblioteca\/wp-json\/wp\/v2\/product\/3737","targetHints":{"allow":["GET"]}}],"collection":[{"href":"https:\/\/tavapy.gov.py\/biblioteca\/wp-json\/wp\/v2\/product"}],"about":[{"href":"https:\/\/tavapy.gov.py\/biblioteca\/wp-json\/wp\/v2\/types\/product"}],"replies":[{"embeddable":true,"href":"https:\/\/tavapy.gov.py\/biblioteca\/wp-json\/wp\/v2\/comments?post=3737"}],"wp:featuredmedia":[{"embeddable":true,"href":"https:\/\/tavapy.gov.py\/biblioteca\/wp-json\/wp\/v2\/media\/3738"}],"wp:attachment":[{"href":"https:\/\/tavapy.gov.py\/biblioteca\/wp-json\/wp\/v2\/media?parent=3737"}],"wp:term":[{"taxonomy":"product_cat","embeddable":true,"href":"https:\/\/tavapy.gov.py\/biblioteca\/wp-json\/wp\/v2\/product_cat?post=3737"},{"taxonomy":"product_tag","embeddable":true,"href":"https:\/\/tavapy.gov.py\/biblioteca\/wp-json\/wp\/v2\/product_tag?post=3737"}],"curies":[{"name":"wp","href":"https:\/\/api.w.org\/{rel}","templated":true}]}}