{"id":3741,"date":"2022-03-31T23:26:31","date_gmt":"2022-03-31T23:26:31","guid":{"rendered":"https:\/\/tavapy.gov.py\/biblioteca\/?post_type=product&#038;p=3741"},"modified":"2022-04-01T01:47:27","modified_gmt":"2022-04-01T01:47:27","slug":"la-estructura-de-las-revoluciones-cientificas","status":"publish","type":"product","link":"https:\/\/tavapy.gov.py\/biblioteca\/product\/la-estructura-de-las-revoluciones-cientificas\/","title":{"rendered":"LA ESTRUCTURA DE LAS REVOLUCIONES CIENT\u00cdFICAS."},"content":{"rendered":"","protected":false},"excerpt":{"rendered":"<p>La revoluci\u00f3n cient\u00edfica es quiz\u00e1 la circunstancia en que el desarrollo de la ciencia exhibe su plena peculiaridad, sin que importe gran cosa de qu\u00e9 materia se trate o la \u00e9poca considerada.<\/p>\n<p>El presente trabajo escrito en el a\u00f1o 1.962, es un estudio, casi \u00fanico en su g\u00e9nero, de las revoluciones cient\u00edficas. Basado en abundante material -principalmente en los campos de la f\u00edsica y la qu\u00edmica-, procura esclarecer conceptos, corregir malentendidos y, en suma, demostrar la extraordinaria complejidad del mecanismo del progreso cient\u00edfico, cuando es examinado sin ideas preconcebidas: m\u00e1s de una sorpresa nos reserva este camino, m\u00e1s de un recoveco del an\u00e1lisis incita a protestar con vehemencia antes de quedar convencidos.<\/p>\n<p>A fin de cuentas, el itinerario que parec\u00eda simple y racional resulta ser complejo y proteico.<\/p>\n<p>&nbsp;<\/p>\n<p><a href=\"https:\/\/tavapy.gov.py\/biblioteca\/wp-content\/uploads\/2022\/03\/KuhnT-Estructura-de-las-revoluciones-cient...pdf\" target=\"_blank\" rel=\"attachment noopener wp-att-3564\"><img loading=\"lazy\" decoding=\"async\" class=\"size-full wp-image-3564 alignleft\" src=\"https:\/\/tavapy.gov.py\/biblioteca\/wp-content\/uploads\/2022\/03\/icono-PDF-copia-5.png\" alt=\"\" width=\"121\" height=\"140\" \/><\/a><\/p>\n","protected":false},"featured_media":3647,"comment_status":"open","ping_status":"closed","template":"","meta":{"spay_email":""},"product_cat":[92],"product_tag":[],"class_list":{"0":"post-3741","1":"product","2":"type-product","3":"status-publish","4":"has-post-thumbnail","6":"book_author-thomas-kuhn","7":"product_cat-epistemologia","8":"entry"},"_links":{"self":[{"href":"https:\/\/tavapy.gov.py\/biblioteca\/wp-json\/wp\/v2\/product\/3741","targetHints":{"allow":["GET"]}}],"collection":[{"href":"https:\/\/tavapy.gov.py\/biblioteca\/wp-json\/wp\/v2\/product"}],"about":[{"href":"https:\/\/tavapy.gov.py\/biblioteca\/wp-json\/wp\/v2\/types\/product"}],"replies":[{"embeddable":true,"href":"https:\/\/tavapy.gov.py\/biblioteca\/wp-json\/wp\/v2\/comments?post=3741"}],"wp:featuredmedia":[{"embeddable":true,"href":"https:\/\/tavapy.gov.py\/biblioteca\/wp-json\/wp\/v2\/media\/3647"}],"wp:attachment":[{"href":"https:\/\/tavapy.gov.py\/biblioteca\/wp-json\/wp\/v2\/media?parent=3741"}],"wp:term":[{"taxonomy":"product_cat","embeddable":true,"href":"https:\/\/tavapy.gov.py\/biblioteca\/wp-json\/wp\/v2\/product_cat?post=3741"},{"taxonomy":"product_tag","embeddable":true,"href":"https:\/\/tavapy.gov.py\/biblioteca\/wp-json\/wp\/v2\/product_tag?post=3741"}],"curies":[{"name":"wp","href":"https:\/\/api.w.org\/{rel}","templated":true}]}}