{"id":3742,"date":"2022-03-31T23:33:52","date_gmt":"2022-03-31T23:33:52","guid":{"rendered":"https:\/\/tavapy.gov.py\/biblioteca\/?post_type=product&#038;p=3742"},"modified":"2022-04-02T14:14:46","modified_gmt":"2022-04-02T14:14:46","slug":"si-de-acuerdo-como-negociar-sin-ceder","status":"publish","type":"product","link":"https:\/\/tavapy.gov.py\/biblioteca\/product\/si-de-acuerdo-como-negociar-sin-ceder\/","title":{"rendered":"\u00a1S\u00cd DE ACUERDO! C\u00d3MO NEGOCIAR SIN CEDER."},"content":{"rendered":"","protected":false},"excerpt":{"rendered":"<p>Este libro escrito en 1.981 est\u00e1 en el origen de la moderna mediaci\u00f3n, siendo citados en, pr\u00e1cticamente todos los trabajos, obras de investigaci\u00f3n y cursos que se imparten tanto de negociaci\u00f3n como de mediaci\u00f3n.<\/p>\n<p>A pesar de que hab\u00eda escuchado hablar de esta obra, ella presenta el tema abordad de forma muy did\u00e1ctica, directa y para el lector, en que est\u00e1 escrita, haci\u00e9ndose muy amena. Es encomiable la manera en que, a medida que expone la teor\u00eda, incluye ejemplos de negociaciones en que se pod\u00eda aplicar, ejemplos que van desde la vida cotidiana m\u00e1s com\u00fan, a los grandes conflictos internaciones de graves e importantes repercusiones humanas o econ\u00f3micas.<\/p>\n<p>El m\u00e9todo de esta obra tiene como finalidad fundamental y exclusiva el llegar a un acuerdo, utilizando las f\u00f3rmulas de negociaci\u00f3n m\u00e1s antiguas, consistentes en que exponga una parte sus razones, sus pretensiones, y a continuaci\u00f3n la otra y as\u00ed sucesivamente, siendo las preguntas utilizadas, cerradas o abiertas, pero siempre directas y a lo objetivo, a lo que interesa, al logro de un acuerdo.<\/p>\n<p><a href=\"https:\/\/tavapy.gov.py\/biblioteca\/wp-content\/uploads\/2022\/03\/FisherR-Si-de-acuerdo-Como-negociar-sin-ceder.pdf\" target=\"_blank\" rel=\"attachment noopener wp-att-3564\"><img loading=\"lazy\" decoding=\"async\" class=\"size-full wp-image-3564 alignleft\" src=\"https:\/\/tavapy.gov.py\/biblioteca\/wp-content\/uploads\/2022\/03\/icono-PDF-copia-5.png\" alt=\"\" width=\"121\" height=\"140\" \/><\/a><\/p>\n","protected":false},"featured_media":3780,"comment_status":"open","ping_status":"closed","template":"","meta":{"spay_email":""},"product_cat":[234],"product_tag":[],"class_list":{"0":"post-3742","1":"product","2":"type-product","3":"status-publish","4":"has-post-thumbnail","6":"book_author-roger-fisher","7":"product_cat-comunicacion-negociacion","8":"entry"},"_links":{"self":[{"href":"https:\/\/tavapy.gov.py\/biblioteca\/wp-json\/wp\/v2\/product\/3742","targetHints":{"allow":["GET"]}}],"collection":[{"href":"https:\/\/tavapy.gov.py\/biblioteca\/wp-json\/wp\/v2\/product"}],"about":[{"href":"https:\/\/tavapy.gov.py\/biblioteca\/wp-json\/wp\/v2\/types\/product"}],"replies":[{"embeddable":true,"href":"https:\/\/tavapy.gov.py\/biblioteca\/wp-json\/wp\/v2\/comments?post=3742"}],"wp:featuredmedia":[{"embeddable":true,"href":"https:\/\/tavapy.gov.py\/biblioteca\/wp-json\/wp\/v2\/media\/3780"}],"wp:attachment":[{"href":"https:\/\/tavapy.gov.py\/biblioteca\/wp-json\/wp\/v2\/media?parent=3742"}],"wp:term":[{"taxonomy":"product_cat","embeddable":true,"href":"https:\/\/tavapy.gov.py\/biblioteca\/wp-json\/wp\/v2\/product_cat?post=3742"},{"taxonomy":"product_tag","embeddable":true,"href":"https:\/\/tavapy.gov.py\/biblioteca\/wp-json\/wp\/v2\/product_tag?post=3742"}],"curies":[{"name":"wp","href":"https:\/\/api.w.org\/{rel}","templated":true}]}}