{"id":3743,"date":"2022-03-31T23:40:24","date_gmt":"2022-03-31T23:40:24","guid":{"rendered":"https:\/\/tavapy.gov.py\/biblioteca\/?post_type=product&#038;p=3743"},"modified":"2022-04-02T02:52:22","modified_gmt":"2022-04-02T02:52:22","slug":"el-mundo-de-sofia","status":"publish","type":"product","link":"https:\/\/tavapy.gov.py\/biblioteca\/product\/el-mundo-de-sofia\/","title":{"rendered":"EL MUNDO DE SOF\u00cdA."},"content":{"rendered":"","protected":false},"excerpt":{"rendered":"<p>El libro que ha ense\u00f1ado a pensar a toda una generaci\u00f3n.<\/p>\n<p>Esta extraordinaria obra de divulgaci\u00f3n que se ha convertido ya en una obra de culto aporta una coherente visi\u00f3n de conjunto sobre aquellos aspectos imprescindibles para comprender la historia de la filosof\u00eda occidental.<\/p>\n<p>El mundo de Sof\u00eda, obra escrita en 1.991, tiene el m\u00e9rito de haber conjugado, acertadamente, rigor y amenidad en una narraci\u00f3n donde una joven ir\u00e1 conociendo su propia identidad mientras descubre la capacidad humana de hacer preguntas.<\/p>\n<p><a href=\"https:\/\/tavapy.gov.py\/biblioteca\/wp-content\/uploads\/2022\/03\/GaarderJ-El-mundo-de-sofia-1.pdf\" target=\"_blank\" rel=\"noopener\"><img loading=\"lazy\" decoding=\"async\" class=\"size-full wp-image-3564 alignleft\" src=\"https:\/\/tavapy.gov.py\/biblioteca\/wp-content\/uploads\/2022\/03\/icono-PDF-copia-5.png\" alt=\"\" width=\"121\" height=\"140\" \/><\/a><\/p>\n","protected":false},"featured_media":3779,"comment_status":"open","ping_status":"closed","template":"","meta":{"spay_email":""},"product_cat":[235],"product_tag":[],"class_list":{"0":"post-3743","1":"product","2":"type-product","3":"status-publish","4":"has-post-thumbnail","6":"book_author-jostein-gaarder","7":"product_cat-filosofia-novela-historia-de-la-filosofia","8":"entry"},"_links":{"self":[{"href":"https:\/\/tavapy.gov.py\/biblioteca\/wp-json\/wp\/v2\/product\/3743","targetHints":{"allow":["GET"]}}],"collection":[{"href":"https:\/\/tavapy.gov.py\/biblioteca\/wp-json\/wp\/v2\/product"}],"about":[{"href":"https:\/\/tavapy.gov.py\/biblioteca\/wp-json\/wp\/v2\/types\/product"}],"replies":[{"embeddable":true,"href":"https:\/\/tavapy.gov.py\/biblioteca\/wp-json\/wp\/v2\/comments?post=3743"}],"wp:featuredmedia":[{"embeddable":true,"href":"https:\/\/tavapy.gov.py\/biblioteca\/wp-json\/wp\/v2\/media\/3779"}],"wp:attachment":[{"href":"https:\/\/tavapy.gov.py\/biblioteca\/wp-json\/wp\/v2\/media?parent=3743"}],"wp:term":[{"taxonomy":"product_cat","embeddable":true,"href":"https:\/\/tavapy.gov.py\/biblioteca\/wp-json\/wp\/v2\/product_cat?post=3743"},{"taxonomy":"product_tag","embeddable":true,"href":"https:\/\/tavapy.gov.py\/biblioteca\/wp-json\/wp\/v2\/product_tag?post=3743"}],"curies":[{"name":"wp","href":"https:\/\/api.w.org\/{rel}","templated":true}]}}