{"id":3888,"date":"2022-04-03T23:01:53","date_gmt":"2022-04-03T23:01:53","guid":{"rendered":"https:\/\/tavapy.gov.py\/biblioteca\/?post_type=product&#038;p=3888"},"modified":"2022-04-03T23:02:55","modified_gmt":"2022-04-03T23:02:55","slug":"retorica","status":"publish","type":"product","link":"https:\/\/tavapy.gov.py\/biblioteca\/product\/retorica\/","title":{"rendered":"RET\u00d3RICA."},"content":{"rendered":"","protected":false},"excerpt":{"rendered":"<p>T\u00e9cnica del arte de hablar encaminada prioritariamente a persuadir al otro, la Ret\u00f3rica naci\u00f3 y se perfeccion\u00f3 en una sociedad como la griega antigua, de car\u00e1cter y sistema pol\u00edtico predominantemente orales, y para la cual el dominio de la palabra era una necesidad pr\u00e1ctica.<\/p>\n<p>Aunque inscrito dentro de una tradici\u00f3n anterior, el tratado que a ella dedic\u00f3 Arist\u00f3teles se apart\u00f3, sin embargo, tanto de caminos trillados como de una ret\u00f3rica de corte m\u00e1s sof\u00edstico, para llegar a constituir, lindando los campos de la \u00e9tica, la pol\u00edtica y la dial\u00e9ctica, un texto no s\u00f3lo orientado a conseguir la persuasi\u00f3n, sino a evaluar la realidad y a tomar las decisiones m\u00e1s correctas.<\/p>\n<p>La obra Ret\u00f3rica fue escrita por Arist\u00f3teles en el a\u00f1o 322 a.C.<\/p>\n<p><a href=\"https:\/\/tavapy.gov.py\/biblioteca\/wp-content\/uploads\/2022\/04\/Aristoteles-Retorica.pdf\" target=\"_blank\" rel=\"noopener\"><img loading=\"lazy\" decoding=\"async\" class=\"size-full wp-image-3889 alignleft\" src=\"https:\/\/tavapy.gov.py\/biblioteca\/wp-content\/uploads\/2022\/04\/icono-PDF-copia.png\" alt=\"\" width=\"121\" height=\"140\" \/><\/a><\/p>\n<p>&nbsp;<\/p>\n","protected":false},"featured_media":3887,"comment_status":"open","ping_status":"closed","template":"","meta":{"spay_email":""},"product_cat":[198],"product_tag":[],"class_list":{"0":"post-3888","1":"product","2":"type-product","3":"status-publish","4":"has-post-thumbnail","6":"book_author-aristoteles","7":"product_cat-comunicacion-retorica","8":"entry"},"_links":{"self":[{"href":"https:\/\/tavapy.gov.py\/biblioteca\/wp-json\/wp\/v2\/product\/3888","targetHints":{"allow":["GET"]}}],"collection":[{"href":"https:\/\/tavapy.gov.py\/biblioteca\/wp-json\/wp\/v2\/product"}],"about":[{"href":"https:\/\/tavapy.gov.py\/biblioteca\/wp-json\/wp\/v2\/types\/product"}],"replies":[{"embeddable":true,"href":"https:\/\/tavapy.gov.py\/biblioteca\/wp-json\/wp\/v2\/comments?post=3888"}],"wp:featuredmedia":[{"embeddable":true,"href":"https:\/\/tavapy.gov.py\/biblioteca\/wp-json\/wp\/v2\/media\/3887"}],"wp:attachment":[{"href":"https:\/\/tavapy.gov.py\/biblioteca\/wp-json\/wp\/v2\/media?parent=3888"}],"wp:term":[{"taxonomy":"product_cat","embeddable":true,"href":"https:\/\/tavapy.gov.py\/biblioteca\/wp-json\/wp\/v2\/product_cat?post=3888"},{"taxonomy":"product_tag","embeddable":true,"href":"https:\/\/tavapy.gov.py\/biblioteca\/wp-json\/wp\/v2\/product_tag?post=3888"}],"curies":[{"name":"wp","href":"https:\/\/api.w.org\/{rel}","templated":true}]}}