{"id":3890,"date":"2022-04-03T23:07:08","date_gmt":"2022-04-03T23:07:08","guid":{"rendered":"https:\/\/tavapy.gov.py\/biblioteca\/?post_type=product&#038;p=3890"},"modified":"2022-04-04T00:06:45","modified_gmt":"2022-04-04T00:06:45","slug":"fundamentos-de-administracion-financiera","status":"publish","type":"product","link":"https:\/\/tavapy.gov.py\/biblioteca\/product\/fundamentos-de-administracion-financiera\/","title":{"rendered":"FUNDAMENTOS DE ADMINISTRACI\u00d3N FINANCIERA."},"content":{"rendered":"","protected":false},"excerpt":{"rendered":"<p>En esta obra escrita en 2.012 se describe el concepto de administraci\u00f3n financiera, las finanzas, la diferencia entre conceptos, el objetivo que se persigue con la administraci\u00f3n financiera y las funciones del administrador financiero dentro de una organizaci\u00f3n.<\/p>\n<p>Se analizan los estados financieros b\u00e1sicos de una empresa aplicando diferentes m\u00e9todos, adem\u00e1s se examinar\u00e1 la interpretaci\u00f3n de las cifras para la toma de decisiones en relaci\u00f3n con la situaci\u00f3n en la que se encuentra la empresa o en los resultados.<\/p>\n<p><a href=\"https:\/\/tavapy.gov.py\/biblioteca\/wp-content\/uploads\/2022\/04\/RoblesC-Fundamentos-de-administracion-Financiera.pdf\" target=\"_blank\" rel=\"attachment noopener wp-att-3889\"><img loading=\"lazy\" decoding=\"async\" class=\"size-full wp-image-3889 alignleft\" src=\"https:\/\/tavapy.gov.py\/biblioteca\/wp-content\/uploads\/2022\/04\/icono-PDF-copia.png\" alt=\"\" width=\"121\" height=\"140\" \/><\/a><\/p>\n","protected":false},"featured_media":3885,"comment_status":"open","ping_status":"closed","template":"","meta":{"spay_email":""},"product_cat":[237],"product_tag":[],"class_list":{"0":"post-3890","1":"product","2":"type-product","3":"status-publish","4":"has-post-thumbnail","6":"book_author-carlos-robles-roman","7":"product_cat-administracion-finanzas","8":"entry"},"_links":{"self":[{"href":"https:\/\/tavapy.gov.py\/biblioteca\/wp-json\/wp\/v2\/product\/3890","targetHints":{"allow":["GET"]}}],"collection":[{"href":"https:\/\/tavapy.gov.py\/biblioteca\/wp-json\/wp\/v2\/product"}],"about":[{"href":"https:\/\/tavapy.gov.py\/biblioteca\/wp-json\/wp\/v2\/types\/product"}],"replies":[{"embeddable":true,"href":"https:\/\/tavapy.gov.py\/biblioteca\/wp-json\/wp\/v2\/comments?post=3890"}],"wp:featuredmedia":[{"embeddable":true,"href":"https:\/\/tavapy.gov.py\/biblioteca\/wp-json\/wp\/v2\/media\/3885"}],"wp:attachment":[{"href":"https:\/\/tavapy.gov.py\/biblioteca\/wp-json\/wp\/v2\/media?parent=3890"}],"wp:term":[{"taxonomy":"product_cat","embeddable":true,"href":"https:\/\/tavapy.gov.py\/biblioteca\/wp-json\/wp\/v2\/product_cat?post=3890"},{"taxonomy":"product_tag","embeddable":true,"href":"https:\/\/tavapy.gov.py\/biblioteca\/wp-json\/wp\/v2\/product_tag?post=3890"}],"curies":[{"name":"wp","href":"https:\/\/api.w.org\/{rel}","templated":true}]}}