{"id":3891,"date":"2022-04-04T00:20:42","date_gmt":"2022-04-04T00:20:42","guid":{"rendered":"https:\/\/tavapy.gov.py\/biblioteca\/?post_type=product&#038;p=3891"},"modified":"2022-04-04T00:20:42","modified_gmt":"2022-04-04T00:20:42","slug":"economia-con-aplicaciones-a-america-latina","status":"publish","type":"product","link":"https:\/\/tavapy.gov.py\/biblioteca\/product\/economia-con-aplicaciones-a-america-latina\/","title":{"rendered":"ECONOM\u00cdA CON APLICACIONES A AM\u00c9RICA LATINA."},"content":{"rendered":"","protected":false},"excerpt":{"rendered":"<p>Con un contenido tan actual y relevante como siempre, Econom\u00eda, de Samuelson y Nordhaus, sigue siendo la obra que establece el modelo en la introducci\u00f3n a los principios de la econom\u00eda moderna.<\/p>\n<p>La decimonovena edici\u00f3n de este texto atemporal cuenta con una perspectiva actualizada de los mercados financieros y de la pol\u00edtica monetaria, y cubre los siguientes temas de actualidad: Gasolina y racionamiento Compensaciones ejecutivas.<\/p>\n<p>El costo de la guerra en Irak La vivienda y la aversi\u00f3n a la p\u00e9rdida. Disturbios financieros y ciclos de negocios La trampa de la pobreza Globalizaci\u00f3n financiera El mecanismo de transmisi\u00f3n monetaria para la econom\u00eda abierta con tasas flexibles Esta nueva edici\u00f3n tambi\u00e9n sigue dando especial \u00e9nfasis al aspecto anal\u00edtico de la econom\u00eda, en particular al crecimiento econ\u00f3mico y al estudio de la econom\u00eda de mercado, y en general a los conceptos m\u00e1s importantes del curso.<\/p>\n<p>La primera edici\u00f3n de este importante libro de Econom\u00eda fue publicada en 1.963.<\/p>\n<p><a href=\"https:\/\/tavapy.gov.py\/biblioteca\/wp-content\/uploads\/2022\/04\/SamuelsonP-Economia-Con-Aplicaciones-a-Latinoamerica-1.pdf\" target=\"_blank\" rel=\"attachment noopener wp-att-3889\"><img loading=\"lazy\" decoding=\"async\" class=\"size-full wp-image-3889 alignleft\" src=\"https:\/\/tavapy.gov.py\/biblioteca\/wp-content\/uploads\/2022\/04\/icono-PDF-copia.png\" alt=\"\" width=\"121\" height=\"140\" \/><\/a><\/p>\n","protected":false},"featured_media":3883,"comment_status":"open","ping_status":"closed","template":"","meta":{"spay_email":""},"product_cat":[72],"product_tag":[],"class_list":{"0":"post-3891","1":"product","2":"type-product","3":"status-publish","4":"has-post-thumbnail","6":"book_author-paul-samuelson","7":"product_cat-economia","8":"entry"},"_links":{"self":[{"href":"https:\/\/tavapy.gov.py\/biblioteca\/wp-json\/wp\/v2\/product\/3891","targetHints":{"allow":["GET"]}}],"collection":[{"href":"https:\/\/tavapy.gov.py\/biblioteca\/wp-json\/wp\/v2\/product"}],"about":[{"href":"https:\/\/tavapy.gov.py\/biblioteca\/wp-json\/wp\/v2\/types\/product"}],"replies":[{"embeddable":true,"href":"https:\/\/tavapy.gov.py\/biblioteca\/wp-json\/wp\/v2\/comments?post=3891"}],"wp:featuredmedia":[{"embeddable":true,"href":"https:\/\/tavapy.gov.py\/biblioteca\/wp-json\/wp\/v2\/media\/3883"}],"wp:attachment":[{"href":"https:\/\/tavapy.gov.py\/biblioteca\/wp-json\/wp\/v2\/media?parent=3891"}],"wp:term":[{"taxonomy":"product_cat","embeddable":true,"href":"https:\/\/tavapy.gov.py\/biblioteca\/wp-json\/wp\/v2\/product_cat?post=3891"},{"taxonomy":"product_tag","embeddable":true,"href":"https:\/\/tavapy.gov.py\/biblioteca\/wp-json\/wp\/v2\/product_tag?post=3891"}],"curies":[{"name":"wp","href":"https:\/\/api.w.org\/{rel}","templated":true}]}}