{"id":3892,"date":"2022-04-04T02:35:39","date_gmt":"2022-04-04T02:35:39","guid":{"rendered":"https:\/\/tavapy.gov.py\/biblioteca\/?post_type=product&#038;p=3892"},"modified":"2022-04-04T02:35:40","modified_gmt":"2022-04-04T02:35:40","slug":"cadena-de-suministro-y-logistica","status":"publish","type":"product","link":"https:\/\/tavapy.gov.py\/biblioteca\/product\/cadena-de-suministro-y-logistica\/","title":{"rendered":"CADENA DE SUMINISTRO Y LOG\u00cdSTICA."},"content":{"rendered":"","protected":false},"excerpt":{"rendered":"<p>Cadena de suministro y log\u00edstica, obra escrita en 2.018, recoge m\u00e1s de veinte a\u00f1os de experiencia en la actividad log\u00edstica en el sector privado y ampl\u00eda y actualiza la anterior publicaci\u00f3n de Adolfo Carre\u00f1o, Log\u00edstica de la A a la Z, para ser entendida desde un enfoque de cadena de suministro.<\/p>\n<p>El libro incluye m\u00e1s de 120 ejercicios, lo que lo hace especialmente \u00fatil para estudiantes y docentes de pregrado y maestr\u00eda en el campo de la log\u00edstica y cadena de suministro, tanto en universidades como en escuelas de negocio.<\/p>\n<p>La teor\u00eda y los problemas desarrollados est\u00e1n adaptados de situaciones reales vividas por el autor en su ejercicio profesional, por lo que esta obra tambi\u00e9n puede ser consultada por gerentes o directores de cadena de suministro de empresas que tengan operaciones internacionales y locales.<\/p>\n<p>Consciente de los constantes cambios vividos en el sector log\u00edstico global, el autor analiza y desarrolla las situaciones de la log\u00edstica internacional en el contexto de las nuevas INCOTERMS 2010, vigentes desde enero de 2011.<\/p>\n<p><a href=\"https:\/\/tavapy.gov.py\/biblioteca\/wp-content\/uploads\/2022\/04\/Cadena-de-suministros-y-logisti-Adolfo-Joseph-Carreno-Solis.-1.pdf\" target=\"_blank\" rel=\"attachment noopener wp-att-3889\"><img loading=\"lazy\" decoding=\"async\" class=\"size-full wp-image-3889 alignleft\" src=\"https:\/\/tavapy.gov.py\/biblioteca\/wp-content\/uploads\/2022\/04\/icono-PDF-copia.png\" alt=\"\" width=\"121\" height=\"140\" \/><\/a><\/p>\n","protected":false},"featured_media":3880,"comment_status":"open","ping_status":"closed","template":"","meta":{"spay_email":""},"product_cat":[240],"product_tag":[],"class_list":{"0":"post-3892","1":"product","2":"type-product","3":"status-publish","4":"has-post-thumbnail","6":"book_author-adolfo-carreno","7":"product_cat-logistica","8":"entry"},"_links":{"self":[{"href":"https:\/\/tavapy.gov.py\/biblioteca\/wp-json\/wp\/v2\/product\/3892","targetHints":{"allow":["GET"]}}],"collection":[{"href":"https:\/\/tavapy.gov.py\/biblioteca\/wp-json\/wp\/v2\/product"}],"about":[{"href":"https:\/\/tavapy.gov.py\/biblioteca\/wp-json\/wp\/v2\/types\/product"}],"replies":[{"embeddable":true,"href":"https:\/\/tavapy.gov.py\/biblioteca\/wp-json\/wp\/v2\/comments?post=3892"}],"wp:featuredmedia":[{"embeddable":true,"href":"https:\/\/tavapy.gov.py\/biblioteca\/wp-json\/wp\/v2\/media\/3880"}],"wp:attachment":[{"href":"https:\/\/tavapy.gov.py\/biblioteca\/wp-json\/wp\/v2\/media?parent=3892"}],"wp:term":[{"taxonomy":"product_cat","embeddable":true,"href":"https:\/\/tavapy.gov.py\/biblioteca\/wp-json\/wp\/v2\/product_cat?post=3892"},{"taxonomy":"product_tag","embeddable":true,"href":"https:\/\/tavapy.gov.py\/biblioteca\/wp-json\/wp\/v2\/product_tag?post=3892"}],"curies":[{"name":"wp","href":"https:\/\/api.w.org\/{rel}","templated":true}]}}