{"id":3893,"date":"2022-04-04T02:40:31","date_gmt":"2022-04-04T02:40:31","guid":{"rendered":"https:\/\/tavapy.gov.py\/biblioteca\/?post_type=product&#038;p=3893"},"modified":"2022-04-04T02:40:31","modified_gmt":"2022-04-04T02:40:31","slug":"el-proceso-de-convertirse-en-persona","status":"publish","type":"product","link":"https:\/\/tavapy.gov.py\/biblioteca\/product\/el-proceso-de-convertirse-en-persona\/","title":{"rendered":"EL PROCESO DE CONVERTIRSE EN PERSONA."},"content":{"rendered":"","protected":false},"excerpt":{"rendered":"<p>El encuadre psicoterap\u00e9utico de esta obra escrita en 1.961, rebasa las categor\u00edas de conocimiento tradicionales y altera el rol del terapeuta, pues en lugar de encargarle curar a alguien que est\u00e1 enfermo, le asigna la tarea de comprender al otro, de ser el espejo de la expresi\u00f3n total de la vida del \u00abcliente\u00bb, convirti\u00e9ndolo a \u00e9l en su asesor y a la relaci\u00f3n terap\u00e9utica en \u00abasesoramiento\u00bb o \u00abconsejo\u00bb.<\/p>\n<p>La din\u00e1mica de la modificaci\u00f3n se centra, as\u00ed, en el paciente mismo, eliminando toda actitud directiva por parte del terapeuta y negando la viabilidad de la fragmentaci\u00f3n de la personalidad del asesorado en \u00abparte enfermas\u00bb y \u00abpartes sanas\u00bb.<\/p>\n<p>Como consecuencia, asesor y asesorado entran en una relaci\u00f3n de b\u00fasqueda del s\u00ed mismo de cada uno y, en ese contexto interpersonal, desarrollan un di\u00e1logo -comprometido, emocionalmente intenso y de curso impredecible- en el que el cliente vive una maduraci\u00f3n afectiva a trav\u00e9s de sucesivos insights que rescatan e integran la totalidad de su experiencia vivida y le permiten \u00abconvertirse\u00bb en persona.<\/p>\n<p><a href=\"https:\/\/tavapy.gov.py\/biblioteca\/wp-content\/uploads\/2022\/04\/RogersC-El-proceso-de-convertirse...pdf\" target=\"_blank\" rel=\"attachment noopener wp-att-3889\"><img loading=\"lazy\" decoding=\"async\" class=\"size-full wp-image-3889 alignleft\" src=\"https:\/\/tavapy.gov.py\/biblioteca\/wp-content\/uploads\/2022\/04\/icono-PDF-copia.png\" alt=\"\" width=\"121\" height=\"140\" \/><\/a><\/p>\n","protected":false},"featured_media":3878,"comment_status":"open","ping_status":"closed","template":"","meta":{"spay_email":""},"product_cat":[67],"product_tag":[],"class_list":{"0":"post-3893","1":"product","2":"type-product","3":"status-publish","4":"has-post-thumbnail","6":"book_author-carl-rogers","7":"product_cat-psicologia","8":"entry"},"_links":{"self":[{"href":"https:\/\/tavapy.gov.py\/biblioteca\/wp-json\/wp\/v2\/product\/3893","targetHints":{"allow":["GET"]}}],"collection":[{"href":"https:\/\/tavapy.gov.py\/biblioteca\/wp-json\/wp\/v2\/product"}],"about":[{"href":"https:\/\/tavapy.gov.py\/biblioteca\/wp-json\/wp\/v2\/types\/product"}],"replies":[{"embeddable":true,"href":"https:\/\/tavapy.gov.py\/biblioteca\/wp-json\/wp\/v2\/comments?post=3893"}],"wp:featuredmedia":[{"embeddable":true,"href":"https:\/\/tavapy.gov.py\/biblioteca\/wp-json\/wp\/v2\/media\/3878"}],"wp:attachment":[{"href":"https:\/\/tavapy.gov.py\/biblioteca\/wp-json\/wp\/v2\/media?parent=3893"}],"wp:term":[{"taxonomy":"product_cat","embeddable":true,"href":"https:\/\/tavapy.gov.py\/biblioteca\/wp-json\/wp\/v2\/product_cat?post=3893"},{"taxonomy":"product_tag","embeddable":true,"href":"https:\/\/tavapy.gov.py\/biblioteca\/wp-json\/wp\/v2\/product_tag?post=3893"}],"curies":[{"name":"wp","href":"https:\/\/api.w.org\/{rel}","templated":true}]}}