{"id":3894,"date":"2022-04-04T02:44:26","date_gmt":"2022-04-04T02:44:26","guid":{"rendered":"https:\/\/tavapy.gov.py\/biblioteca\/?post_type=product&#038;p=3894"},"modified":"2024-01-03T21:15:24","modified_gmt":"2024-01-03T21:15:24","slug":"el-trueno-entre-las-hojas","status":"publish","type":"product","link":"https:\/\/tavapy.gov.py\/biblioteca\/product\/el-trueno-entre-las-hojas\/","title":{"rendered":"EL TRUENO ENTRE LAS HOJAS."},"content":{"rendered":"","protected":false},"excerpt":{"rendered":"<p>El trueno entre las hojas es un libro de cuentos del escritor paraguayo Augusto Roa Bastos, publicado en 2007. El libro incluye diecisiete relatos escritos en un estilo realista.<\/p>\n<p>Los cuentos tratan sobre la opresi\u00f3n de los obreros, el choque de culturas (la nativa y la extranjera), la guerra y la lucha por la sobrevivencia en gran medida contando, de forma casi m\u00edtica, la historia paraguaya.<\/p>\n<p>Todos los relatos tienen un mismo tema dominante: la tr\u00e1gica ruptura del orden m\u00e1gico de la vida de una comunidad paraguaya por la llegada de la civilizaci\u00f3n con sus excesos con que conducen a la violencia y la esclavitud.<\/p>\n<p>&nbsp;<\/p>\n<p>Pero, aunque arrastrados a la degradaci\u00f3n y la miseria, los hombres siempre mantendr\u00e1n la esperanza de liberarse luchando contra la dominaci\u00f3n.<\/p>\n<p><a href=\"https:\/\/tavapy.gov.py\/biblioteca\/wp-content\/uploads\/2022\/04\/Roa-BastosA-El-trueno-entre-las-hojas.pdf\" target=\"_blank\" rel=\"attachment noopener wp-att-3889\"><img loading=\"lazy\" decoding=\"async\" class=\"size-full wp-image-3889 alignleft\" src=\"https:\/\/tavapy.gov.py\/biblioteca\/wp-content\/uploads\/2022\/04\/icono-PDF-copia.png\" alt=\"\" width=\"121\" height=\"140\" \/><\/a><\/p>\n","protected":false},"featured_media":3876,"comment_status":"open","ping_status":"closed","template":"","meta":{"spay_email":""},"product_cat":[50],"product_tag":[],"class_list":{"0":"post-3894","1":"product","2":"type-product","3":"status-publish","4":"has-post-thumbnail","6":"book_author-augusto-roa-bastos","7":"product_cat-cuento","8":"entry"},"_links":{"self":[{"href":"https:\/\/tavapy.gov.py\/biblioteca\/wp-json\/wp\/v2\/product\/3894","targetHints":{"allow":["GET"]}}],"collection":[{"href":"https:\/\/tavapy.gov.py\/biblioteca\/wp-json\/wp\/v2\/product"}],"about":[{"href":"https:\/\/tavapy.gov.py\/biblioteca\/wp-json\/wp\/v2\/types\/product"}],"replies":[{"embeddable":true,"href":"https:\/\/tavapy.gov.py\/biblioteca\/wp-json\/wp\/v2\/comments?post=3894"}],"wp:featuredmedia":[{"embeddable":true,"href":"https:\/\/tavapy.gov.py\/biblioteca\/wp-json\/wp\/v2\/media\/3876"}],"wp:attachment":[{"href":"https:\/\/tavapy.gov.py\/biblioteca\/wp-json\/wp\/v2\/media?parent=3894"}],"wp:term":[{"taxonomy":"product_cat","embeddable":true,"href":"https:\/\/tavapy.gov.py\/biblioteca\/wp-json\/wp\/v2\/product_cat?post=3894"},{"taxonomy":"product_tag","embeddable":true,"href":"https:\/\/tavapy.gov.py\/biblioteca\/wp-json\/wp\/v2\/product_tag?post=3894"}],"curies":[{"name":"wp","href":"https:\/\/api.w.org\/{rel}","templated":true}]}}