{"id":3895,"date":"2022-04-04T02:47:51","date_gmt":"2022-04-04T02:47:51","guid":{"rendered":"https:\/\/tavapy.gov.py\/biblioteca\/?post_type=product&#038;p=3895"},"modified":"2022-04-04T02:47:52","modified_gmt":"2022-04-04T02:47:52","slug":"el-arte-de-la-meditacion","status":"publish","type":"product","link":"https:\/\/tavapy.gov.py\/biblioteca\/product\/el-arte-de-la-meditacion\/","title":{"rendered":"EL ARTE DE LA MEDITACI\u00d3N."},"content":{"rendered":"","protected":false},"excerpt":{"rendered":"<p>Matthieu Ricard facilita en esta obra escrita en el a\u00f1o 2.008, \u00a0una gu\u00eda espiritual y filos\u00f3fica destinada a todos aquellos que desean iniciarse en la pr\u00e1ctica de una meditaci\u00f3n universal, basada en el desarrollo de las cualidades humanas.<\/p>\n<p>El esp\u00edritu, dice el autor, crea la experiencia del mundo y la traduce en forma de bienestar o sufrimiento. Por eso, modificando la forma de percibir las cosas, transformamos nuestra calidad de vida.<\/p>\n<p>El arte de la meditaci\u00f3n propone un sistema accesible para abordarla de forma gradual, empezando por los aspectos b\u00e1sicos y avanzando hacia los m\u00e1s complejos: desde la postura y el espacio id\u00f3neos hasta los temas a meditar, como la calma interior, la superaci\u00f3n del ego o la naturaleza del esp\u00edritu.<\/p>\n<p><a href=\"https:\/\/tavapy.gov.py\/biblioteca\/wp-content\/uploads\/2022\/04\/RicardM-El-arte-de-la-meditacion.pdf\" target=\"_blank\" rel=\"attachment noopener wp-att-3889\"><img loading=\"lazy\" decoding=\"async\" class=\"size-full wp-image-3889 alignleft\" src=\"https:\/\/tavapy.gov.py\/biblioteca\/wp-content\/uploads\/2022\/04\/icono-PDF-copia.png\" alt=\"\" width=\"121\" height=\"140\" \/><\/a><\/p>\n","protected":false},"featured_media":3874,"comment_status":"open","ping_status":"closed","template":"","meta":{"spay_email":""},"product_cat":[166],"product_tag":[],"class_list":{"0":"post-3895","1":"product","2":"type-product","3":"status-publish","4":"has-post-thumbnail","6":"book_author-matthieu-ricard","7":"product_cat-perspectiva-budista","8":"entry"},"_links":{"self":[{"href":"https:\/\/tavapy.gov.py\/biblioteca\/wp-json\/wp\/v2\/product\/3895","targetHints":{"allow":["GET"]}}],"collection":[{"href":"https:\/\/tavapy.gov.py\/biblioteca\/wp-json\/wp\/v2\/product"}],"about":[{"href":"https:\/\/tavapy.gov.py\/biblioteca\/wp-json\/wp\/v2\/types\/product"}],"replies":[{"embeddable":true,"href":"https:\/\/tavapy.gov.py\/biblioteca\/wp-json\/wp\/v2\/comments?post=3895"}],"wp:featuredmedia":[{"embeddable":true,"href":"https:\/\/tavapy.gov.py\/biblioteca\/wp-json\/wp\/v2\/media\/3874"}],"wp:attachment":[{"href":"https:\/\/tavapy.gov.py\/biblioteca\/wp-json\/wp\/v2\/media?parent=3895"}],"wp:term":[{"taxonomy":"product_cat","embeddable":true,"href":"https:\/\/tavapy.gov.py\/biblioteca\/wp-json\/wp\/v2\/product_cat?post=3895"},{"taxonomy":"product_tag","embeddable":true,"href":"https:\/\/tavapy.gov.py\/biblioteca\/wp-json\/wp\/v2\/product_tag?post=3895"}],"curies":[{"name":"wp","href":"https:\/\/api.w.org\/{rel}","templated":true}]}}