{"id":3903,"date":"2022-04-04T02:55:46","date_gmt":"2022-04-04T02:55:46","guid":{"rendered":"https:\/\/tavapy.gov.py\/biblioteca\/?post_type=product&#038;p=3903"},"modified":"2022-04-04T02:55:47","modified_gmt":"2022-04-04T02:55:47","slug":"la-nueva-alianza-metamorfosis-de-la-ciencia","status":"publish","type":"product","link":"https:\/\/tavapy.gov.py\/biblioteca\/product\/la-nueva-alianza-metamorfosis-de-la-ciencia\/","title":{"rendered":"LA NUEVA ALIANZA: METAMORFOSIS DE LA CIENCIA."},"content":{"rendered":"","protected":false},"excerpt":{"rendered":"<p>En las \u00faltimas d\u00e9cadas del siglo XX, el pensamiento cient\u00edfico entr\u00f3 en un amplio debate epistemol\u00f3gico de extraordinaria importancia que someti\u00f3 la ciencia y su estatuto a una intensa cr\u00edtica y puso en tela de juicio no s\u00f3lo a la racionalidad moderna de amplia tradici\u00f3n determinista heredada de la ciencia cl\u00e1sica sino tambi\u00e9n al proyecto mismo de la modernidad y el papel que ten\u00eda tecnolog\u00eda.<\/p>\n<p>Ilya Prigogine, premio Nobel de qu\u00edmica en 1976 por sus estudios acerca de las \u00abestructuras disipativas\u00bb y la autoorganizaci\u00f3n, abogar\u00eda por el establecimiento de una nueva alianza plural en el di\u00e1logo con la naturaleza entre las dos culturas de Occidente: la ciencia y la filosof\u00eda.<\/p>\n<p>Durante los tres \u00faltimos siglos, la ciencia hab\u00eda sido entronizada como la \u00fanica v\u00eda leg\u00edtima para alcanzar la verdad, hecho que sancionaba la separaci\u00f3n entre las dos culturas, consideradas no s\u00f3lo incompatibles, sino con rangos jer\u00e1rquicos diferenciados.<\/p>\n<p>A esta divisi\u00f3n se hab\u00eda llegado como resultado del proceso de \u00abdesencantamiento\u00bb o \u00absecularizaci\u00f3n\u00bb del conocimiento llevado a cabo por la ciencia cl\u00e1sica: al igual que la filosof\u00eda hab\u00eda desplazado a la teolog\u00eda al final de la Edad Media, en las \u00faltimas d\u00e9cadas del siglo XVIII la ciencia cl\u00e1sica -la de Francis Bacon, Ren\u00e9 Descartes e Isaac Newton -, desplaz\u00f3 a la filosof\u00eda.<\/p>\n<p>Esta obra fue escrita en el a\u00f1o 1.971.<\/p>\n<p><a href=\"https:\/\/tavapy.gov.py\/biblioteca\/wp-content\/uploads\/2022\/04\/Prigoginestengers-la-nueva...pdf\" target=\"_blank\" rel=\"attachment noopener wp-att-3889\"><img loading=\"lazy\" decoding=\"async\" class=\"size-full wp-image-3889 alignleft\" src=\"https:\/\/tavapy.gov.py\/biblioteca\/wp-content\/uploads\/2022\/04\/icono-PDF-copia.png\" alt=\"\" width=\"121\" height=\"140\" \/><\/a><\/p>\n","protected":false},"featured_media":3873,"comment_status":"open","ping_status":"closed","template":"","meta":{"spay_email":""},"product_cat":[243],"product_tag":[],"class_list":{"0":"post-3903","1":"product","2":"type-product","3":"status-publish","4":"has-post-thumbnail","6":"book_author-ilya-prigogine","7":"product_cat-ciencia-epistemologia-filosofia","8":"entry"},"_links":{"self":[{"href":"https:\/\/tavapy.gov.py\/biblioteca\/wp-json\/wp\/v2\/product\/3903","targetHints":{"allow":["GET"]}}],"collection":[{"href":"https:\/\/tavapy.gov.py\/biblioteca\/wp-json\/wp\/v2\/product"}],"about":[{"href":"https:\/\/tavapy.gov.py\/biblioteca\/wp-json\/wp\/v2\/types\/product"}],"replies":[{"embeddable":true,"href":"https:\/\/tavapy.gov.py\/biblioteca\/wp-json\/wp\/v2\/comments?post=3903"}],"wp:featuredmedia":[{"embeddable":true,"href":"https:\/\/tavapy.gov.py\/biblioteca\/wp-json\/wp\/v2\/media\/3873"}],"wp:attachment":[{"href":"https:\/\/tavapy.gov.py\/biblioteca\/wp-json\/wp\/v2\/media?parent=3903"}],"wp:term":[{"taxonomy":"product_cat","embeddable":true,"href":"https:\/\/tavapy.gov.py\/biblioteca\/wp-json\/wp\/v2\/product_cat?post=3903"},{"taxonomy":"product_tag","embeddable":true,"href":"https:\/\/tavapy.gov.py\/biblioteca\/wp-json\/wp\/v2\/product_tag?post=3903"}],"curies":[{"name":"wp","href":"https:\/\/api.w.org\/{rel}","templated":true}]}}