{"id":3906,"date":"2022-04-04T03:01:06","date_gmt":"2022-04-04T03:01:06","guid":{"rendered":"https:\/\/tavapy.gov.py\/biblioteca\/?post_type=product&#038;p=3906"},"modified":"2022-04-04T03:01:06","modified_gmt":"2022-04-04T03:01:06","slug":"el-banquero-anarquista","status":"publish","type":"product","link":"https:\/\/tavapy.gov.py\/biblioteca\/product\/el-banquero-anarquista\/","title":{"rendered":"EL BANQUERO ANARQUISTA."},"content":{"rendered":"","protected":false},"excerpt":{"rendered":"<p>\u00bfEs posible ser a la vez un rico y ladino banquero y un anarquista consumado que lucha por la liberaci\u00f3n de la sociedad? Seg\u00fan Pessoa, s\u00ed. Es lo que intenta demostrar El banquero anarquista, un sorprendente relato publicado en 1922.<\/p>\n<p>El banquero anarquista, que despliega una feroz diatriba razonada contra el mito del igualitarismo, sustento falaz de nuestra sociedad, y contra las posibilidades de emancipaci\u00f3n del ciudadano, que no contra las del individuo.<\/p>\n<p>Pero este salto a la arena de la discusi\u00f3n ideol\u00f3gica bajo forma de narraci\u00f3n dialogada entre un sujeto que se dice banquero y anarquista, todo en uno y lo uno por lo otro, y un joven que le escucha incr\u00e9dulo, guarda relaci\u00f3n con un sector de la obra de Pessoa poco conocido:<\/p>\n<p>Pessoa fue un apasionado y original comentarista de la vida pol\u00edtica portuguesa y europea, siempre dispuesto a desbaratar las ilusiones del ciudadano en las modernas sociedades democr\u00e1ticas.<\/p>\n<p><a href=\"https:\/\/tavapy.gov.py\/biblioteca\/wp-content\/uploads\/2022\/04\/PessoaF-El-banquero-anarquista.pdf\" target=\"_blank\" rel=\"attachment noopener wp-att-3889\"><img loading=\"lazy\" decoding=\"async\" class=\"size-full wp-image-3889 alignleft\" src=\"https:\/\/tavapy.gov.py\/biblioteca\/wp-content\/uploads\/2022\/04\/icono-PDF-copia.png\" alt=\"\" width=\"121\" height=\"140\" \/><\/a><\/p>\n","protected":false},"featured_media":3869,"comment_status":"open","ping_status":"closed","template":"","meta":{"spay_email":""},"product_cat":[50],"product_tag":[],"class_list":{"0":"post-3906","1":"product","2":"type-product","3":"status-publish","4":"has-post-thumbnail","6":"book_author-fernando-pessoa","7":"product_cat-cuento","8":"entry"},"_links":{"self":[{"href":"https:\/\/tavapy.gov.py\/biblioteca\/wp-json\/wp\/v2\/product\/3906","targetHints":{"allow":["GET"]}}],"collection":[{"href":"https:\/\/tavapy.gov.py\/biblioteca\/wp-json\/wp\/v2\/product"}],"about":[{"href":"https:\/\/tavapy.gov.py\/biblioteca\/wp-json\/wp\/v2\/types\/product"}],"replies":[{"embeddable":true,"href":"https:\/\/tavapy.gov.py\/biblioteca\/wp-json\/wp\/v2\/comments?post=3906"}],"wp:featuredmedia":[{"embeddable":true,"href":"https:\/\/tavapy.gov.py\/biblioteca\/wp-json\/wp\/v2\/media\/3869"}],"wp:attachment":[{"href":"https:\/\/tavapy.gov.py\/biblioteca\/wp-json\/wp\/v2\/media?parent=3906"}],"wp:term":[{"taxonomy":"product_cat","embeddable":true,"href":"https:\/\/tavapy.gov.py\/biblioteca\/wp-json\/wp\/v2\/product_cat?post=3906"},{"taxonomy":"product_tag","embeddable":true,"href":"https:\/\/tavapy.gov.py\/biblioteca\/wp-json\/wp\/v2\/product_tag?post=3906"}],"curies":[{"name":"wp","href":"https:\/\/api.w.org\/{rel}","templated":true}]}}