{"id":3909,"date":"2022-04-04T03:16:22","date_gmt":"2022-04-04T03:16:22","guid":{"rendered":"https:\/\/tavapy.gov.py\/biblioteca\/?post_type=product&#038;p=3909"},"modified":"2022-04-04T03:16:23","modified_gmt":"2022-04-04T03:16:23","slug":"lo-santo-lo-racional-y-lo-irracional-en-la-idea-de-dios","status":"publish","type":"product","link":"https:\/\/tavapy.gov.py\/biblioteca\/product\/lo-santo-lo-racional-y-lo-irracional-en-la-idea-de-dios\/","title":{"rendered":"LO SANTO. LO RACIONAL Y LO IRRACIONAL EN LA IDEA DE DIOS."},"content":{"rendered":"","protected":false},"excerpt":{"rendered":"<p>Las ideas te\u00edstas de Dios, singularmente la cristiana, definen a la divinidad mediante conceptos claros y distintos, as\u00ed como a trav\u00e9s de predicados pensados como absolutos, perfectos y sumos, caracter\u00edstica de la religi\u00f3n racional que, sin embargo, no apura ni agota la esencia de la divinidad.<\/p>\n<p>En efecto, la presencia simult\u00e1nea de lo racional y lo irracional en la idea de Dios remite a la relaci\u00f3n rec\u00edproca entre esos dos elementos y a la consideraci\u00f3n del car\u00e1cter irreductible de la emoci\u00f3n religiosa.<\/p>\n<p>Este brillante estudio cl\u00e1sico de Rudolf Otto, escrito en 1. 917, se propone examinar la categor\u00eda de lo santo, nacida en la esfera religiosa, trasladada luego a la \u00e9tica y formada por componentes inefables e inaccesibles a la comprensi\u00f3n mediante conceptos, pues el elemento que fija su peculiaridad es precisamente lo numinoso, a cuya dilucidaci\u00f3n est\u00e1 consagrado parcialmente el ensayo.<\/p>\n<p><a href=\"https:\/\/tavapy.gov.py\/biblioteca\/wp-content\/uploads\/2022\/04\/OttoR-Lo-santo.pdf\" target=\"_blank\" rel=\"attachment noopener wp-att-3889\"><img loading=\"lazy\" decoding=\"async\" class=\"size-full wp-image-3889 alignleft\" src=\"https:\/\/tavapy.gov.py\/biblioteca\/wp-content\/uploads\/2022\/04\/icono-PDF-copia.png\" alt=\"\" width=\"121\" height=\"140\" \/><\/a><\/p>\n","protected":false},"featured_media":3867,"comment_status":"open","ping_status":"closed","template":"","meta":{"spay_email":""},"product_cat":[247],"product_tag":[],"class_list":{"0":"post-3909","1":"product","2":"type-product","3":"status-publish","4":"has-post-thumbnail","6":"book_author-rudolf-otto","7":"product_cat-historia-de-las-religiones","8":"entry"},"_links":{"self":[{"href":"https:\/\/tavapy.gov.py\/biblioteca\/wp-json\/wp\/v2\/product\/3909","targetHints":{"allow":["GET"]}}],"collection":[{"href":"https:\/\/tavapy.gov.py\/biblioteca\/wp-json\/wp\/v2\/product"}],"about":[{"href":"https:\/\/tavapy.gov.py\/biblioteca\/wp-json\/wp\/v2\/types\/product"}],"replies":[{"embeddable":true,"href":"https:\/\/tavapy.gov.py\/biblioteca\/wp-json\/wp\/v2\/comments?post=3909"}],"wp:featuredmedia":[{"embeddable":true,"href":"https:\/\/tavapy.gov.py\/biblioteca\/wp-json\/wp\/v2\/media\/3867"}],"wp:attachment":[{"href":"https:\/\/tavapy.gov.py\/biblioteca\/wp-json\/wp\/v2\/media?parent=3909"}],"wp:term":[{"taxonomy":"product_cat","embeddable":true,"href":"https:\/\/tavapy.gov.py\/biblioteca\/wp-json\/wp\/v2\/product_cat?post=3909"},{"taxonomy":"product_tag","embeddable":true,"href":"https:\/\/tavapy.gov.py\/biblioteca\/wp-json\/wp\/v2\/product_tag?post=3909"}],"curies":[{"name":"wp","href":"https:\/\/api.w.org\/{rel}","templated":true}]}}