{"id":3910,"date":"2022-04-04T03:22:16","date_gmt":"2022-04-04T03:22:16","guid":{"rendered":"https:\/\/tavapy.gov.py\/biblioteca\/?post_type=product&#038;p=3910"},"modified":"2022-04-04T03:22:17","modified_gmt":"2022-04-04T03:22:17","slug":"basta-de-historias","status":"publish","type":"product","link":"https:\/\/tavapy.gov.py\/biblioteca\/product\/basta-de-historias\/","title":{"rendered":"\u00a1BASTA DE HISTORIAS!"},"content":{"rendered":"","protected":false},"excerpt":{"rendered":"<p>Andr\u00e9s Oppenheimer demuestra en este libro que mejorar sustancialmente la educaci\u00f3n, la ciencia, la tecnolog\u00eda y la innovaci\u00f3n no es tarea imposible. Pero s\u00ed tremendamente necesaria. La raz\u00f3n es simple: el XXI ser\u00e1 el siglo de la econom\u00eda del conocimiento.<\/p>\n<p>\u00a1Basta de historias!, una obra escrita en 2.010, es un agudo viaje period\u00edstico alrededor del mundo, que aporta ideas \u00fatiles para trabajar en la principal asignatura pendiente de nuestros pa\u00edses y la \u00fanica que nos podr\u00e1 sacar de la mediocridad econ\u00f3mica e intelectual en la que vivimos: la educaci\u00f3n.<\/p>\n<p><a href=\"https:\/\/tavapy.gov.py\/biblioteca\/wp-content\/uploads\/2022\/04\/OppenheimerA-Basta-de-historias.pdf\" target=\"_blank\" rel=\"attachment noopener wp-att-3889\"><img loading=\"lazy\" decoding=\"async\" class=\"size-full wp-image-3889 alignleft\" src=\"https:\/\/tavapy.gov.py\/biblioteca\/wp-content\/uploads\/2022\/04\/icono-PDF-copia.png\" alt=\"\" width=\"121\" height=\"140\" \/><\/a><\/p>\n","protected":false},"featured_media":3865,"comment_status":"open","ping_status":"closed","template":"","meta":{"spay_email":""},"product_cat":[249],"product_tag":[],"class_list":{"0":"post-3910","1":"product","2":"type-product","3":"status-publish","4":"has-post-thumbnail","6":"book_author-andres-oppenheimer","7":"product_cat-ensayo-sociedad-y-politica","8":"entry"},"_links":{"self":[{"href":"https:\/\/tavapy.gov.py\/biblioteca\/wp-json\/wp\/v2\/product\/3910","targetHints":{"allow":["GET"]}}],"collection":[{"href":"https:\/\/tavapy.gov.py\/biblioteca\/wp-json\/wp\/v2\/product"}],"about":[{"href":"https:\/\/tavapy.gov.py\/biblioteca\/wp-json\/wp\/v2\/types\/product"}],"replies":[{"embeddable":true,"href":"https:\/\/tavapy.gov.py\/biblioteca\/wp-json\/wp\/v2\/comments?post=3910"}],"wp:featuredmedia":[{"embeddable":true,"href":"https:\/\/tavapy.gov.py\/biblioteca\/wp-json\/wp\/v2\/media\/3865"}],"wp:attachment":[{"href":"https:\/\/tavapy.gov.py\/biblioteca\/wp-json\/wp\/v2\/media?parent=3910"}],"wp:term":[{"taxonomy":"product_cat","embeddable":true,"href":"https:\/\/tavapy.gov.py\/biblioteca\/wp-json\/wp\/v2\/product_cat?post=3910"},{"taxonomy":"product_tag","embeddable":true,"href":"https:\/\/tavapy.gov.py\/biblioteca\/wp-json\/wp\/v2\/product_tag?post=3910"}],"curies":[{"name":"wp","href":"https:\/\/api.w.org\/{rel}","templated":true}]}}