{"id":3911,"date":"2022-04-04T03:26:08","date_gmt":"2022-04-04T03:26:08","guid":{"rendered":"https:\/\/tavapy.gov.py\/biblioteca\/?post_type=product&#038;p=3911"},"modified":"2022-04-04T03:26:08","modified_gmt":"2022-04-04T03:26:08","slug":"asi-hablo-zaratustra","status":"publish","type":"product","link":"https:\/\/tavapy.gov.py\/biblioteca\/product\/asi-hablo-zaratustra\/","title":{"rendered":"AS\u00cd HABL\u00d3 ZARATUSTRA."},"content":{"rendered":"","protected":false},"excerpt":{"rendered":"<p>\u00abAs\u00ed habl\u00f3 Zaratustra\u00bb, el libro escrito en 1.883 es la obra m\u00e1s c\u00e9lebre y controvertid de toda la producci\u00f3n literaria de Friedrich Nietzsche, se sirve de la figura semilegendaria del fil\u00f3sofo persa del siglo VI a.C. para desarrollar, mediante una trama de elementos narrativos, conceptuales y l\u00edricos, los cuatro grandes temas que integran su legado:<\/p>\n<p>El superhombre, la muerte de Dios, la voluntad de poder y el eterno retorno de lo id\u00e9ntico.<\/p>\n<p><a href=\"https:\/\/tavapy.gov.py\/biblioteca\/wp-content\/uploads\/2022\/04\/NietzscheF-Asi-hablo-Zaratustra.pdf\" target=\"_blank\" rel=\"attachment noopener wp-att-3889\"><img loading=\"lazy\" decoding=\"async\" class=\"size-full wp-image-3889 alignleft\" src=\"https:\/\/tavapy.gov.py\/biblioteca\/wp-content\/uploads\/2022\/04\/icono-PDF-copia.png\" alt=\"\" width=\"121\" height=\"140\" \/><\/a><\/p>\n","protected":false},"featured_media":3863,"comment_status":"open","ping_status":"closed","template":"","meta":{"spay_email":""},"product_cat":[59],"product_tag":[],"class_list":{"0":"post-3911","1":"product","2":"type-product","3":"status-publish","4":"has-post-thumbnail","6":"book_author-friedrich-nietzsche","7":"product_cat-filosofia","8":"entry"},"_links":{"self":[{"href":"https:\/\/tavapy.gov.py\/biblioteca\/wp-json\/wp\/v2\/product\/3911","targetHints":{"allow":["GET"]}}],"collection":[{"href":"https:\/\/tavapy.gov.py\/biblioteca\/wp-json\/wp\/v2\/product"}],"about":[{"href":"https:\/\/tavapy.gov.py\/biblioteca\/wp-json\/wp\/v2\/types\/product"}],"replies":[{"embeddable":true,"href":"https:\/\/tavapy.gov.py\/biblioteca\/wp-json\/wp\/v2\/comments?post=3911"}],"wp:featuredmedia":[{"embeddable":true,"href":"https:\/\/tavapy.gov.py\/biblioteca\/wp-json\/wp\/v2\/media\/3863"}],"wp:attachment":[{"href":"https:\/\/tavapy.gov.py\/biblioteca\/wp-json\/wp\/v2\/media?parent=3911"}],"wp:term":[{"taxonomy":"product_cat","embeddable":true,"href":"https:\/\/tavapy.gov.py\/biblioteca\/wp-json\/wp\/v2\/product_cat?post=3911"},{"taxonomy":"product_tag","embeddable":true,"href":"https:\/\/tavapy.gov.py\/biblioteca\/wp-json\/wp\/v2\/product_tag?post=3911"}],"curies":[{"name":"wp","href":"https:\/\/api.w.org\/{rel}","templated":true}]}}