{"id":3912,"date":"2022-04-04T03:30:58","date_gmt":"2022-04-04T03:30:58","guid":{"rendered":"https:\/\/tavapy.gov.py\/biblioteca\/?post_type=product&#038;p=3912"},"modified":"2022-04-04T03:30:58","modified_gmt":"2022-04-04T03:30:58","slug":"utopia","status":"publish","type":"product","link":"https:\/\/tavapy.gov.py\/biblioteca\/product\/utopia\/","title":{"rendered":"UTOP\u00cdA."},"content":{"rendered":"","protected":false},"excerpt":{"rendered":"<p>Bien es sabido que Tom\u00e1s Moro no invent\u00f3 la utop\u00eda como g\u00e9nero literario, pero es innegable que su \u00abUtop\u00eda\u00bb, obra escrita en 1.516 le ha dado el nombre. Tampoco se puede negar que, exista o no convergencia con sus planteamientos, la propuesta de Moro innov\u00f3 significativamente la literatura pol\u00edtica.<\/p>\n<p>\u00abUtop\u00eda\u00bb es una cr\u00edtica al orden social establecido en la Europa de la \u00e9poca, pero el sistema pol\u00edtico que propone y describe minuciosamente en sus p\u00e1ginas es tambi\u00e9n una alternativa al mismo, de tal forma que la contradicci\u00f3n de la obra, y la nuestra propia, al considerar lo que en realidad es un ejercicio literario de denuncia moral como un programa pol\u00edtico que, revolucionario en s\u00ed mismo, no admite la revoluci\u00f3n ni la disidencia.<\/p>\n<p>El hecho de que Moro obvie en sus planteamientos el reconocimiento de la libertad humana confiere a \u00abUtop\u00eda\u00bb la irracionalidad de la que huye, la imprevisibilidad que le niega el autor. Porque m\u00e1s all\u00e1 de la utop\u00eda colectivista siempre est\u00e1 el ideal de la persona libre.<\/p>\n<p><a href=\"https:\/\/tavapy.gov.py\/biblioteca\/wp-content\/uploads\/2022\/04\/MoroT-Utopia-1.pdf\" target=\"_blank\" rel=\"attachment noopener wp-att-3889\"><img loading=\"lazy\" decoding=\"async\" class=\"size-full wp-image-3889 alignleft\" src=\"https:\/\/tavapy.gov.py\/biblioteca\/wp-content\/uploads\/2022\/04\/icono-PDF-copia.png\" alt=\"\" width=\"121\" height=\"140\" \/><\/a><\/p>\n","protected":false},"featured_media":3861,"comment_status":"open","ping_status":"closed","template":"","meta":{"spay_email":""},"product_cat":[249],"product_tag":[],"class_list":{"0":"post-3912","1":"product","2":"type-product","3":"status-publish","4":"has-post-thumbnail","6":"book_author-thomas-moro","7":"product_cat-ensayo-sociedad-y-politica","8":"entry"},"_links":{"self":[{"href":"https:\/\/tavapy.gov.py\/biblioteca\/wp-json\/wp\/v2\/product\/3912","targetHints":{"allow":["GET"]}}],"collection":[{"href":"https:\/\/tavapy.gov.py\/biblioteca\/wp-json\/wp\/v2\/product"}],"about":[{"href":"https:\/\/tavapy.gov.py\/biblioteca\/wp-json\/wp\/v2\/types\/product"}],"replies":[{"embeddable":true,"href":"https:\/\/tavapy.gov.py\/biblioteca\/wp-json\/wp\/v2\/comments?post=3912"}],"wp:featuredmedia":[{"embeddable":true,"href":"https:\/\/tavapy.gov.py\/biblioteca\/wp-json\/wp\/v2\/media\/3861"}],"wp:attachment":[{"href":"https:\/\/tavapy.gov.py\/biblioteca\/wp-json\/wp\/v2\/media?parent=3912"}],"wp:term":[{"taxonomy":"product_cat","embeddable":true,"href":"https:\/\/tavapy.gov.py\/biblioteca\/wp-json\/wp\/v2\/product_cat?post=3912"},{"taxonomy":"product_tag","embeddable":true,"href":"https:\/\/tavapy.gov.py\/biblioteca\/wp-json\/wp\/v2\/product_tag?post=3912"}],"curies":[{"name":"wp","href":"https:\/\/api.w.org\/{rel}","templated":true}]}}