{"id":3914,"date":"2022-04-04T03:43:22","date_gmt":"2022-04-04T03:43:22","guid":{"rendered":"https:\/\/tavapy.gov.py\/biblioteca\/?post_type=product&#038;p=3914"},"modified":"2022-04-04T03:43:22","modified_gmt":"2022-04-04T03:43:22","slug":"el-misantropo","status":"publish","type":"product","link":"https:\/\/tavapy.gov.py\/biblioteca\/product\/el-misantropo\/","title":{"rendered":"EL MIS\u00c1NTROPO."},"content":{"rendered":"","protected":false},"excerpt":{"rendered":"<p>Alceste, el protagonista de esta obra, ocupa todo el escenario: odia su tiempo, odia los versos de Oronte, tiene un pleito por unos rumores que hacen correr sobre \u00e9l. Y como enamorado, parad\u00f3jicamente, no cesa de reprochar los defectos a su amada (de lo cual ella hace broma) ni soporta a los dem\u00e1s pretendientes que la asedian; sus celos montan guardia permanente y sufre la presencia de cualquier galante hasta el extremo de olvidarse de su misantrop\u00eda cuando el amor se apodera de su coraz\u00f3n.<\/p>\n<p>Partiendo de un mito antiguo, Moli\u00e8re logra componer esta ambiciosa obra de gran comicidad escrita en 1.666, que trata temas universales que resultan tan vigentes hoy como lo fueron entonces, y que sigue siendo lectura imprescindible para cualquier buen lector.<\/p>\n<p><a href=\"https:\/\/tavapy.gov.py\/biblioteca\/wp-content\/uploads\/2022\/04\/MoliereJ-El-misantropo.pdf\" target=\"_blank\" rel=\"attachment noopener wp-att-3889\"><img loading=\"lazy\" decoding=\"async\" class=\"size-full wp-image-3889 alignleft\" src=\"https:\/\/tavapy.gov.py\/biblioteca\/wp-content\/uploads\/2022\/04\/icono-PDF-copia.png\" alt=\"\" width=\"121\" height=\"140\" \/><\/a><\/p>\n","protected":false},"featured_media":3857,"comment_status":"open","ping_status":"closed","template":"","meta":{"spay_email":""},"product_cat":[82],"product_tag":[],"class_list":{"0":"post-3914","1":"product","2":"type-product","3":"status-publish","4":"has-post-thumbnail","6":"book_author-moliere","7":"product_cat-comedia","8":"entry"},"_links":{"self":[{"href":"https:\/\/tavapy.gov.py\/biblioteca\/wp-json\/wp\/v2\/product\/3914","targetHints":{"allow":["GET"]}}],"collection":[{"href":"https:\/\/tavapy.gov.py\/biblioteca\/wp-json\/wp\/v2\/product"}],"about":[{"href":"https:\/\/tavapy.gov.py\/biblioteca\/wp-json\/wp\/v2\/types\/product"}],"replies":[{"embeddable":true,"href":"https:\/\/tavapy.gov.py\/biblioteca\/wp-json\/wp\/v2\/comments?post=3914"}],"wp:featuredmedia":[{"embeddable":true,"href":"https:\/\/tavapy.gov.py\/biblioteca\/wp-json\/wp\/v2\/media\/3857"}],"wp:attachment":[{"href":"https:\/\/tavapy.gov.py\/biblioteca\/wp-json\/wp\/v2\/media?parent=3914"}],"wp:term":[{"taxonomy":"product_cat","embeddable":true,"href":"https:\/\/tavapy.gov.py\/biblioteca\/wp-json\/wp\/v2\/product_cat?post=3914"},{"taxonomy":"product_tag","embeddable":true,"href":"https:\/\/tavapy.gov.py\/biblioteca\/wp-json\/wp\/v2\/product_tag?post=3914"}],"curies":[{"name":"wp","href":"https:\/\/api.w.org\/{rel}","templated":true}]}}