{"id":3915,"date":"2022-04-04T03:49:18","date_gmt":"2022-04-04T03:49:18","guid":{"rendered":"https:\/\/tavapy.gov.py\/biblioteca\/?post_type=product&#038;p=3915"},"modified":"2022-04-04T03:49:18","modified_gmt":"2022-04-04T03:49:18","slug":"el-principe","status":"publish","type":"product","link":"https:\/\/tavapy.gov.py\/biblioteca\/product\/el-principe\/","title":{"rendered":"EL PR\u00cdNCIPE."},"content":{"rendered":"","protected":false},"excerpt":{"rendered":"<p>El Pr\u00edncipe, obra escrita en 1.532, de Nicol\u00e1s de Maquiavelo es, sin duda, un cl\u00e1sico en el sentido m\u00e1s literal del t\u00e9rmino, pero tambi\u00e9n uno de los libros peor entendidos de la historia de la literatura mundial. Baste pensar en el sentido negativo que en todas las lenguas se da a t\u00e9rmino como maquiav\u00e9lico.<\/p>\n<p>Con ello, usualmente se designa un uso del poder pol\u00edtico carente de prejuicios, en el que el fin justifica cualquier medio. No ha existido hombre poderoso en la tierra, desde Carlos V a Catalina de M\u00e9dicis, de Luis XIV a Napole\u00f3n, hasta los dictadores de la \u00e9poca contempor\u00e1nea, que no hayan sido acusados de leer secretamente El Pr\u00edncipe para obtener consejo e inspiraci\u00f3n.<\/p>\n<p>Sin embargo, puede decirse que Maquiavelo y el m\u00e9todo de investigaci\u00f3n que desarrolla significan para el origen del pensamiento pol\u00edtico moderno lo que Leonardo da Vinci y el suyo significaron, en la misma \u00e9poca, para la ciencia.<\/p>\n<p>A partir de un vasto inventario de la historia de las \u00e9pocas pasadas y de la contempor\u00e1nea, Maquiavelo se esfuerza por extraer las relaciones, las constantes, aquellas leyes, en definitiva, que permiten los a los Estados, sean Rep\u00fablicas o Principados, durar o prosperar.<\/p>\n<p>&nbsp;<\/p>\n<p><a href=\"https:\/\/tavapy.gov.py\/biblioteca\/wp-content\/uploads\/2022\/04\/MaquiaveloN-El-principe.pdf\" target=\"_blank\" rel=\"attachment noopener wp-att-3889\"><img loading=\"lazy\" decoding=\"async\" class=\"size-full wp-image-3889 alignleft\" src=\"https:\/\/tavapy.gov.py\/biblioteca\/wp-content\/uploads\/2022\/04\/icono-PDF-copia.png\" alt=\"\" width=\"121\" height=\"140\" \/><\/a><\/p>\n","protected":false},"featured_media":3855,"comment_status":"open","ping_status":"closed","template":"","meta":{"spay_email":""},"product_cat":[255],"product_tag":[],"class_list":{"0":"post-3915","1":"product","2":"type-product","3":"status-publish","4":"has-post-thumbnail","6":"book_author-nicolas-maquiavelo","7":"product_cat-tratado-politioc","8":"entry"},"_links":{"self":[{"href":"https:\/\/tavapy.gov.py\/biblioteca\/wp-json\/wp\/v2\/product\/3915","targetHints":{"allow":["GET"]}}],"collection":[{"href":"https:\/\/tavapy.gov.py\/biblioteca\/wp-json\/wp\/v2\/product"}],"about":[{"href":"https:\/\/tavapy.gov.py\/biblioteca\/wp-json\/wp\/v2\/types\/product"}],"replies":[{"embeddable":true,"href":"https:\/\/tavapy.gov.py\/biblioteca\/wp-json\/wp\/v2\/comments?post=3915"}],"wp:featuredmedia":[{"embeddable":true,"href":"https:\/\/tavapy.gov.py\/biblioteca\/wp-json\/wp\/v2\/media\/3855"}],"wp:attachment":[{"href":"https:\/\/tavapy.gov.py\/biblioteca\/wp-json\/wp\/v2\/media?parent=3915"}],"wp:term":[{"taxonomy":"product_cat","embeddable":true,"href":"https:\/\/tavapy.gov.py\/biblioteca\/wp-json\/wp\/v2\/product_cat?post=3915"},{"taxonomy":"product_tag","embeddable":true,"href":"https:\/\/tavapy.gov.py\/biblioteca\/wp-json\/wp\/v2\/product_tag?post=3915"}],"curies":[{"name":"wp","href":"https:\/\/api.w.org\/{rel}","templated":true}]}}