{"id":3919,"date":"2022-04-04T11:50:04","date_gmt":"2022-04-04T11:50:04","guid":{"rendered":"https:\/\/tavapy.gov.py\/biblioteca\/?post_type=product&#038;p=3919"},"modified":"2022-04-04T11:50:07","modified_gmt":"2022-04-04T11:50:07","slug":"fenomenologia-del-espiritu","status":"publish","type":"product","link":"https:\/\/tavapy.gov.py\/biblioteca\/product\/fenomenologia-del-espiritu\/","title":{"rendered":"FENOMENOLOG\u00cdA DEL ESP\u00cdRITU."},"content":{"rendered":"","protected":false},"excerpt":{"rendered":"<p>La Fenomenolog\u00eda del esp\u00edritu es una de las obras m\u00e1s importantes del fil\u00f3sofo alem\u00e1n Georg Wilhelm Friedrich Hegel. Publicada en 1807, en ella se discuten problem\u00e1ticas filos\u00f3ficas anteriores al materialismo alem\u00e1n, como son el ideal del absoluto, el esp\u00edritu humano como amor a la sabidur\u00eda en lo pr\u00e1ctico, entre otros.<\/p>\n<p>Para Hegel, las ramas del saber sufren una crisis de disparidad, puesto que las disciplinas se han encargado de dividirlas para su aprehensi\u00f3n te\u00f3rica. Mas en la pr\u00e1ctica, el problema de los absolutos entra en juego, pues es dif\u00edcil intertextualizar conceptos.<\/p>\n<p>El placer y la alegr\u00eda que genera la exploraci\u00f3n del saber, para Hegel, est\u00e1 en la b\u00fasqueda de la verdad, mas no en el hallazgo en s\u00ed. Mostrar la sucesi\u00f3n de las diferentes formas o fen\u00f3menos de la conciencia hasta llegar al saber absoluto es el tema de la Fenomenolog\u00eda del Esp\u00edritu como introducci\u00f3n al sistema total de la ciencia.<\/p>\n<p><a href=\"https:\/\/tavapy.gov.py\/biblioteca\/wp-content\/uploads\/2022\/04\/HegelG-Fenomenologia-del-espiritu.pdf\" target=\"_blank\" rel=\"attachment noopener wp-att-3889\"><img loading=\"lazy\" decoding=\"async\" class=\"size-full wp-image-3889 alignleft\" src=\"https:\/\/tavapy.gov.py\/biblioteca\/wp-content\/uploads\/2022\/04\/icono-PDF-copia.png\" alt=\"\" width=\"121\" height=\"140\" \/><\/a><\/p>\n","protected":false},"featured_media":3851,"comment_status":"open","ping_status":"closed","template":"","meta":{"spay_email":""},"product_cat":[59],"product_tag":[],"class_list":{"0":"post-3919","1":"product","2":"type-product","3":"status-publish","4":"has-post-thumbnail","6":"book_author-georg-wilhelm-friedrich-hegel","7":"product_cat-filosofia","8":"entry"},"_links":{"self":[{"href":"https:\/\/tavapy.gov.py\/biblioteca\/wp-json\/wp\/v2\/product\/3919","targetHints":{"allow":["GET"]}}],"collection":[{"href":"https:\/\/tavapy.gov.py\/biblioteca\/wp-json\/wp\/v2\/product"}],"about":[{"href":"https:\/\/tavapy.gov.py\/biblioteca\/wp-json\/wp\/v2\/types\/product"}],"replies":[{"embeddable":true,"href":"https:\/\/tavapy.gov.py\/biblioteca\/wp-json\/wp\/v2\/comments?post=3919"}],"wp:featuredmedia":[{"embeddable":true,"href":"https:\/\/tavapy.gov.py\/biblioteca\/wp-json\/wp\/v2\/media\/3851"}],"wp:attachment":[{"href":"https:\/\/tavapy.gov.py\/biblioteca\/wp-json\/wp\/v2\/media?parent=3919"}],"wp:term":[{"taxonomy":"product_cat","embeddable":true,"href":"https:\/\/tavapy.gov.py\/biblioteca\/wp-json\/wp\/v2\/product_cat?post=3919"},{"taxonomy":"product_tag","embeddable":true,"href":"https:\/\/tavapy.gov.py\/biblioteca\/wp-json\/wp\/v2\/product_tag?post=3919"}],"curies":[{"name":"wp","href":"https:\/\/api.w.org\/{rel}","templated":true}]}}