{"id":3920,"date":"2022-04-04T12:02:41","date_gmt":"2022-04-04T12:02:41","guid":{"rendered":"https:\/\/tavapy.gov.py\/biblioteca\/?post_type=product&#038;p=3920"},"modified":"2022-04-04T12:02:45","modified_gmt":"2022-04-04T12:02:45","slug":"lento-regreso","status":"publish","type":"product","link":"https:\/\/tavapy.gov.py\/biblioteca\/product\/lento-regreso\/","title":{"rendered":"LENTO REGRESO."},"content":{"rendered":"","protected":false},"excerpt":{"rendered":"<p>Lento regreso, obra escrita en 1.979, es una pieza fundamental en la obra de Peter Handke y ha ejercido una poderosa influencia sobre otros escritores, entre los que destacan W. G. Sebald.<\/p>\n<p>Novela de cuestionamiento de la identidad, Lento regreso es una singular odisea que lleva a su personaje, Valent\u00edn Sorger, del g\u00e9lido paisaje de Alaska a la costa oeste norteamericana y de all\u00ed a Nueva York, en un viaje de regreso al pa\u00eds de la infancia:<\/p>\n<p>Un viaje peligroso pero finalmente restaurador, que termina con una inesperada nota de alegr\u00eda.<\/p>\n<p><a href=\"https:\/\/tavapy.gov.py\/biblioteca\/wp-content\/uploads\/2022\/04\/HandkeP-Lento-regreso.pdf\" target=\"_blank\" rel=\"attachment noopener wp-att-3889\"><img loading=\"lazy\" decoding=\"async\" class=\"size-full wp-image-3889 alignleft\" src=\"https:\/\/tavapy.gov.py\/biblioteca\/wp-content\/uploads\/2022\/04\/icono-PDF-copia.png\" alt=\"\" width=\"121\" height=\"140\" \/><\/a><\/p>\n","protected":false},"featured_media":3849,"comment_status":"open","ping_status":"closed","template":"","meta":{"spay_email":""},"product_cat":[57],"product_tag":[],"class_list":{"0":"post-3920","1":"product","2":"type-product","3":"status-publish","4":"has-post-thumbnail","6":"book_author-peter-handke","7":"product_cat-novela","8":"entry"},"_links":{"self":[{"href":"https:\/\/tavapy.gov.py\/biblioteca\/wp-json\/wp\/v2\/product\/3920","targetHints":{"allow":["GET"]}}],"collection":[{"href":"https:\/\/tavapy.gov.py\/biblioteca\/wp-json\/wp\/v2\/product"}],"about":[{"href":"https:\/\/tavapy.gov.py\/biblioteca\/wp-json\/wp\/v2\/types\/product"}],"replies":[{"embeddable":true,"href":"https:\/\/tavapy.gov.py\/biblioteca\/wp-json\/wp\/v2\/comments?post=3920"}],"wp:featuredmedia":[{"embeddable":true,"href":"https:\/\/tavapy.gov.py\/biblioteca\/wp-json\/wp\/v2\/media\/3849"}],"wp:attachment":[{"href":"https:\/\/tavapy.gov.py\/biblioteca\/wp-json\/wp\/v2\/media?parent=3920"}],"wp:term":[{"taxonomy":"product_cat","embeddable":true,"href":"https:\/\/tavapy.gov.py\/biblioteca\/wp-json\/wp\/v2\/product_cat?post=3920"},{"taxonomy":"product_tag","embeddable":true,"href":"https:\/\/tavapy.gov.py\/biblioteca\/wp-json\/wp\/v2\/product_tag?post=3920"}],"curies":[{"name":"wp","href":"https:\/\/api.w.org\/{rel}","templated":true}]}}