{"id":3921,"date":"2022-04-04T12:24:15","date_gmt":"2022-04-04T12:24:15","guid":{"rendered":"https:\/\/tavapy.gov.py\/biblioteca\/?post_type=product&#038;p=3921"},"modified":"2022-04-04T12:24:23","modified_gmt":"2022-04-04T12:24:23","slug":"psicologia-transpersonal","status":"publish","type":"product","link":"https:\/\/tavapy.gov.py\/biblioteca\/product\/psicologia-transpersonal\/","title":{"rendered":"PSICOLOG\u00cdA TRANSPERSONAL."},"content":{"rendered":"","protected":false},"excerpt":{"rendered":"<p>He aqu\u00ed un libro tan esperado como revolucionario. Al cabo de treinta a\u00f1os de investigaci\u00f3n en los estados extraordinarios de la conciencia, el doctor Grof llega a la conclusi\u00f3n de que nuestra visi\u00f3n cient\u00edfica es inadecuada, y propone un nuevo modelo de la psique humana. El modelo incluye, en primer lugar, el nivel recordatorio que se corresponder\u00eda con el campo estudiado por Freud.<\/p>\n<p>En segundo lugar, y m\u00e1s profundamente, viene el nivel perinatal, donde el inconsciente puede activar el resurgimiento del nacimiento biol\u00f3gico y la confrontaci\u00f3n con la muerte. Seg\u00fan Grof, la experiencia del nacimiento es decisiva en el desarrollo posterior del individuo.<\/p>\n<p>Finalmente, se encuentra el nivel transpersonal, la expansi\u00f3n de la conciencia m\u00e1s all\u00e1 de los l\u00edmites del tiempo y del espacio.<\/p>\n<p>El presente libro escrito en 1.985 \u00a0se ocupa, ante todo, de los niveles perinatal y transpersonal. El resultado es una nueva visi\u00f3n tanto de la enfermedad como de la salud. Una s\u00edntesis brillante y provocadora que ha sido comparada en importancia con la obra del fundador del psicoan\u00e1lisis.<\/p>\n<p><a href=\"https:\/\/tavapy.gov.py\/biblioteca\/wp-content\/uploads\/2022\/04\/GrofS-Psicologia-transpersonal.pdf\" target=\"_blank\" rel=\"attachment noopener wp-att-3889\"><img loading=\"lazy\" decoding=\"async\" class=\"size-full wp-image-3889 alignleft\" src=\"https:\/\/tavapy.gov.py\/biblioteca\/wp-content\/uploads\/2022\/04\/icono-PDF-copia.png\" alt=\"\" width=\"121\" height=\"140\" \/><\/a><\/p>\n","protected":false},"featured_media":3847,"comment_status":"open","ping_status":"closed","template":"","meta":{"spay_email":""},"product_cat":[67],"product_tag":[],"class_list":{"0":"post-3921","1":"product","2":"type-product","3":"status-publish","4":"has-post-thumbnail","6":"book_author-stanilav-grof","7":"product_cat-psicologia","8":"entry"},"_links":{"self":[{"href":"https:\/\/tavapy.gov.py\/biblioteca\/wp-json\/wp\/v2\/product\/3921","targetHints":{"allow":["GET"]}}],"collection":[{"href":"https:\/\/tavapy.gov.py\/biblioteca\/wp-json\/wp\/v2\/product"}],"about":[{"href":"https:\/\/tavapy.gov.py\/biblioteca\/wp-json\/wp\/v2\/types\/product"}],"replies":[{"embeddable":true,"href":"https:\/\/tavapy.gov.py\/biblioteca\/wp-json\/wp\/v2\/comments?post=3921"}],"wp:featuredmedia":[{"embeddable":true,"href":"https:\/\/tavapy.gov.py\/biblioteca\/wp-json\/wp\/v2\/media\/3847"}],"wp:attachment":[{"href":"https:\/\/tavapy.gov.py\/biblioteca\/wp-json\/wp\/v2\/media?parent=3921"}],"wp:term":[{"taxonomy":"product_cat","embeddable":true,"href":"https:\/\/tavapy.gov.py\/biblioteca\/wp-json\/wp\/v2\/product_cat?post=3921"},{"taxonomy":"product_tag","embeddable":true,"href":"https:\/\/tavapy.gov.py\/biblioteca\/wp-json\/wp\/v2\/product_tag?post=3921"}],"curies":[{"name":"wp","href":"https:\/\/api.w.org\/{rel}","templated":true}]}}