{"id":3923,"date":"2022-04-04T12:29:24","date_gmt":"2022-04-04T12:29:24","guid":{"rendered":"https:\/\/tavapy.gov.py\/biblioteca\/?post_type=product&#038;p=3923"},"modified":"2022-04-04T12:29:24","modified_gmt":"2022-04-04T12:29:24","slug":"la-presencia-ignorada-de-dios-psicoterapia-y-religion","status":"publish","type":"product","link":"https:\/\/tavapy.gov.py\/biblioteca\/product\/la-presencia-ignorada-de-dios-psicoterapia-y-religion\/","title":{"rendered":"LA PRESENCIA IGNORADA DE DIOS: PSICOTERAPIA Y RELIGI\u00d3N."},"content":{"rendered":"","protected":false},"excerpt":{"rendered":"<p>El hombre no s\u00f3lo se halla dominado por una impulsividad inconsciente, como pretende Freud, sino que tambi\u00e9n hay en \u00e9l lo que el autor llama una espiritualidad inconsciente.<\/p>\n<p>A partir del modelo de la conciencia y de la interpretaci\u00f3n de los sue\u00f1os, enriquecido con ejemplos de su pr\u00e1ctica cl\u00ednica, Frankl logra persuadir al lector, en esta obra escrita en 1.943 por medios emp\u00edricos, de que hay inconsciente en el hombre una religiosidad que implica en \u00e9l lo que llama \u00abla presencia ignorada de Dios\u00bb.<\/p>\n<p><a href=\"https:\/\/tavapy.gov.py\/biblioteca\/wp-content\/uploads\/2022\/04\/Frankl_V-la-presencia-ignorada-de-Dios.pdf\" target=\"_blank\" rel=\"attachment noopener wp-att-3889\"><img loading=\"lazy\" decoding=\"async\" class=\"size-full wp-image-3889 alignleft\" src=\"https:\/\/tavapy.gov.py\/biblioteca\/wp-content\/uploads\/2022\/04\/icono-PDF-copia.png\" alt=\"\" width=\"121\" height=\"140\" \/><\/a><\/p>\n","protected":false},"featured_media":3845,"comment_status":"open","ping_status":"closed","template":"","meta":{"spay_email":""},"product_cat":[260],"product_tag":[],"class_list":{"0":"post-3923","1":"product","2":"type-product","3":"status-publish","4":"has-post-thumbnail","6":"book_author-viktor-frankl","7":"product_cat-psicologia-psicoterapia","8":"entry"},"_links":{"self":[{"href":"https:\/\/tavapy.gov.py\/biblioteca\/wp-json\/wp\/v2\/product\/3923","targetHints":{"allow":["GET"]}}],"collection":[{"href":"https:\/\/tavapy.gov.py\/biblioteca\/wp-json\/wp\/v2\/product"}],"about":[{"href":"https:\/\/tavapy.gov.py\/biblioteca\/wp-json\/wp\/v2\/types\/product"}],"replies":[{"embeddable":true,"href":"https:\/\/tavapy.gov.py\/biblioteca\/wp-json\/wp\/v2\/comments?post=3923"}],"wp:featuredmedia":[{"embeddable":true,"href":"https:\/\/tavapy.gov.py\/biblioteca\/wp-json\/wp\/v2\/media\/3845"}],"wp:attachment":[{"href":"https:\/\/tavapy.gov.py\/biblioteca\/wp-json\/wp\/v2\/media?parent=3923"}],"wp:term":[{"taxonomy":"product_cat","embeddable":true,"href":"https:\/\/tavapy.gov.py\/biblioteca\/wp-json\/wp\/v2\/product_cat?post=3923"},{"taxonomy":"product_tag","embeddable":true,"href":"https:\/\/tavapy.gov.py\/biblioteca\/wp-json\/wp\/v2\/product_tag?post=3923"}],"curies":[{"name":"wp","href":"https:\/\/api.w.org\/{rel}","templated":true}]}}