{"id":3924,"date":"2022-04-04T13:24:55","date_gmt":"2022-04-04T13:24:55","guid":{"rendered":"https:\/\/tavapy.gov.py\/biblioteca\/?post_type=product&#038;p=3924"},"modified":"2022-04-06T03:31:35","modified_gmt":"2022-04-06T03:31:35","slug":"la-muerte-de-artemio-cruz","status":"publish","type":"product","link":"https:\/\/tavapy.gov.py\/biblioteca\/product\/la-muerte-de-artemio-cruz\/","title":{"rendered":"LA MUERTE DE ARTEMIO CRUZ."},"content":{"rendered":"","protected":false},"excerpt":{"rendered":"<p>Un cl\u00e1sico de la literatura mexicana del siglo XX, que es a su vez una audaz exploraci\u00f3n de las posibilidades de representaci\u00f3n en la literatura, a trav\u00e9s de la superposici\u00f3n de niveles de tiempo, espacio y consciencia narrativos. \u00abLas revoluciones las hacen los hombres de carne y hueso y no los santos, y todas acaban por crear una nueva casta privilegiada&#8230;\u00bb<\/p>\n<p>En su lecho de muerte, durante su \u00faltimo medio d\u00eda, el anciano y enfermo Artemio Cruz recuerda: no siempre fue ese triste saco de huesos y fermentos corporales; alguna vez fue joven, osado, vigoroso. Y tuvo ideales, sue\u00f1os, fe. Para defender todo eso, incluso combati\u00f3 en una revoluci\u00f3n. Mas la rapi\u00f1a, la codicia y la corrupci\u00f3n extinguieron su fuego y aniquilaron su esperanza. Tal vez por ello perdi\u00f3 a la \u00fanica mujer que de verdad lo am\u00f3.<\/p>\n<p>Una reflexi\u00f3n sobre el M\u00e9xico surgido de la Revoluci\u00f3n Mexicana, pero tambi\u00e9n de cuestiones tan universales y permanentes como la soledad, el poder o el desamor.<\/p>\n<p>La obra \u201cLa muerte de Artemio Cruz\u201d fue escrita en 1.962.<\/p>\n<p><a href=\"https:\/\/tavapy.gov.py\/biblioteca\/wp-content\/uploads\/2022\/04\/Fuentes-C-La-muerte-de-Artemio-Cruz-12.pdf\" target=\"_blank\" rel=\"attachment noopener wp-att-3889\"><img loading=\"lazy\" decoding=\"async\" class=\"size-full wp-image-3889 alignleft\" src=\"https:\/\/tavapy.gov.py\/biblioteca\/wp-content\/uploads\/2022\/04\/icono-PDF-copia.png\" alt=\"\" width=\"121\" height=\"140\" \/><\/a><\/p>\n","protected":false},"featured_media":3843,"comment_status":"open","ping_status":"closed","template":"","meta":{"spay_email":""},"product_cat":[296],"product_tag":[],"class_list":{"0":"post-3924","1":"product","2":"type-product","3":"status-publish","4":"has-post-thumbnail","6":"book_author-carlos-fuentes","7":"product_cat-novela-historica","8":"entry"},"_links":{"self":[{"href":"https:\/\/tavapy.gov.py\/biblioteca\/wp-json\/wp\/v2\/product\/3924","targetHints":{"allow":["GET"]}}],"collection":[{"href":"https:\/\/tavapy.gov.py\/biblioteca\/wp-json\/wp\/v2\/product"}],"about":[{"href":"https:\/\/tavapy.gov.py\/biblioteca\/wp-json\/wp\/v2\/types\/product"}],"replies":[{"embeddable":true,"href":"https:\/\/tavapy.gov.py\/biblioteca\/wp-json\/wp\/v2\/comments?post=3924"}],"wp:featuredmedia":[{"embeddable":true,"href":"https:\/\/tavapy.gov.py\/biblioteca\/wp-json\/wp\/v2\/media\/3843"}],"wp:attachment":[{"href":"https:\/\/tavapy.gov.py\/biblioteca\/wp-json\/wp\/v2\/media?parent=3924"}],"wp:term":[{"taxonomy":"product_cat","embeddable":true,"href":"https:\/\/tavapy.gov.py\/biblioteca\/wp-json\/wp\/v2\/product_cat?post=3924"},{"taxonomy":"product_tag","embeddable":true,"href":"https:\/\/tavapy.gov.py\/biblioteca\/wp-json\/wp\/v2\/product_tag?post=3924"}],"curies":[{"name":"wp","href":"https:\/\/api.w.org\/{rel}","templated":true}]}}