{"id":3926,"date":"2022-04-04T13:57:23","date_gmt":"2022-04-04T13:57:23","guid":{"rendered":"https:\/\/tavapy.gov.py\/biblioteca\/?post_type=product&#038;p=3926"},"modified":"2022-04-06T03:30:27","modified_gmt":"2022-04-06T03:30:27","slug":"agosto","status":"publish","type":"product","link":"https:\/\/tavapy.gov.py\/biblioteca\/product\/agosto\/","title":{"rendered":"AGOSTO."},"content":{"rendered":"","protected":false},"excerpt":{"rendered":"<p>A medio camino entre realidad y ficci\u00f3n, Agosto narra los \u00faltimos d\u00edas del pol\u00edtico brasile\u00f1o Getulio Vargas, apodado Padre los Pobres, que se suicid\u00f3 de un tiro en el coraz\u00f3n el 24 de agosto de 1954. Con su caracter\u00edstico estilo narrativo, el magistral Rubem Fonseca noveliza uno de los per\u00edodos m\u00e1s convulsos y violentos de la historia de su pa\u00eds, y lo hace mezclando el g\u00e9nero polic\u00edaco con la intriga pol\u00edtica, el realismo social y el incansable sentido cr\u00edtico que le ha convertido en uno de los escritores m\u00e1s comprometidos de Am\u00e9rica Latina.<\/p>\n<p>La particular mirada de Fonseca abre las puertas de un pasado reciente que a\u00fan hoy resulta tan inc\u00f3modo como necesario de recordar. En las p\u00e1ginas de Agosto, obra escrita en 1.990, el autor baraja hechos y sucesos que marcaron el final de un r\u00e9gimen y el comienzo de una nueva era para uno de los pa\u00edses m\u00e1s castigados del continente americano.<\/p>\n<p>Con un escenario desoladoramente ver\u00eddico y unos personajes excelentemente dibujados, el ilustre ganador del Premio Cam\u00f5es de 2003 consigui\u00f3 con esta novela hacerse un hueco entre los narradores m\u00e1s importantes del siglo XX.<\/p>\n<p><a href=\"https:\/\/tavapy.gov.py\/biblioteca\/wp-content\/uploads\/2022\/04\/FonsecaR-Agosto.pdf\" target=\"_blank\" rel=\"attachment noopener wp-att-3889\"><img loading=\"lazy\" decoding=\"async\" class=\"size-full wp-image-3889 alignleft\" src=\"https:\/\/tavapy.gov.py\/biblioteca\/wp-content\/uploads\/2022\/04\/icono-PDF-copia.png\" alt=\"\" width=\"121\" height=\"140\" \/><\/a><\/p>\n","protected":false},"featured_media":3839,"comment_status":"open","ping_status":"closed","template":"","meta":{"spay_email":""},"product_cat":[296],"product_tag":[],"class_list":{"0":"post-3926","1":"product","2":"type-product","3":"status-publish","4":"has-post-thumbnail","6":"book_author-rubem-fonseca","7":"product_cat-novela-historica","8":"entry"},"_links":{"self":[{"href":"https:\/\/tavapy.gov.py\/biblioteca\/wp-json\/wp\/v2\/product\/3926","targetHints":{"allow":["GET"]}}],"collection":[{"href":"https:\/\/tavapy.gov.py\/biblioteca\/wp-json\/wp\/v2\/product"}],"about":[{"href":"https:\/\/tavapy.gov.py\/biblioteca\/wp-json\/wp\/v2\/types\/product"}],"replies":[{"embeddable":true,"href":"https:\/\/tavapy.gov.py\/biblioteca\/wp-json\/wp\/v2\/comments?post=3926"}],"wp:featuredmedia":[{"embeddable":true,"href":"https:\/\/tavapy.gov.py\/biblioteca\/wp-json\/wp\/v2\/media\/3839"}],"wp:attachment":[{"href":"https:\/\/tavapy.gov.py\/biblioteca\/wp-json\/wp\/v2\/media?parent=3926"}],"wp:term":[{"taxonomy":"product_cat","embeddable":true,"href":"https:\/\/tavapy.gov.py\/biblioteca\/wp-json\/wp\/v2\/product_cat?post=3926"},{"taxonomy":"product_tag","embeddable":true,"href":"https:\/\/tavapy.gov.py\/biblioteca\/wp-json\/wp\/v2\/product_tag?post=3926"}],"curies":[{"name":"wp","href":"https:\/\/api.w.org\/{rel}","templated":true}]}}