{"id":3927,"date":"2022-04-04T14:05:17","date_gmt":"2022-04-04T14:05:17","guid":{"rendered":"https:\/\/tavapy.gov.py\/biblioteca\/?post_type=product&#038;p=3927"},"modified":"2022-04-04T14:05:17","modified_gmt":"2022-04-04T14:05:17","slug":"lo-sagrado-y-lo-profano","status":"publish","type":"product","link":"https:\/\/tavapy.gov.py\/biblioteca\/product\/lo-sagrado-y-lo-profano\/","title":{"rendered":"LO SAGRADO Y LO PROFANO."},"content":{"rendered":"","protected":false},"excerpt":{"rendered":"<p>El m\u00e1s famoso de los historiadores de las religiones, Mircea Eliade, examina en este libro escrito en 1.957, el problema de la actualidad de lo religioso en el mundo de hoy. Y para ello se remonta a la existencia sacralizada del hombre primitivo y tradicional, ofreci\u00e9ndonos un resumen de los estudios que \u00e9l mismo ha realizado sobre estos fen\u00f3menos: el espacio y el tiempo sagrados, los mitos, la religi\u00f3n c\u00f3smica&#8230;<\/p>\n<p>\u00bfEs la religiosidad una estructura \u00faltima de la conciencia que no depende de las innumerables y ef\u00edmeras oposiciones entre \u00absagrado\u00bb y \u00abprofano\u00bb? \u00bfEn qu\u00e9 medida una existencia radicalmente secularizada, sin Dios ni dioses, puede constituir el punto de partida de un nuevo tipo de \u00abreligi\u00f3n\u00bb?<\/p>\n<p>El autor subraya, sobre todo, el empobrecimiento que ha tra\u00eddo consigo la secularizaci\u00f3n del comportamiento religioso. Y su libro, por tanto, acaba siendo tanto una introducci\u00f3n general a la historia de las religiones como una descripci\u00f3n de las modalidades de lo sagrado y de la situaci\u00f3n del hombre en un mundo cargado de valores religiosos.<\/p>\n<p><a href=\"https:\/\/tavapy.gov.py\/biblioteca\/wp-content\/uploads\/2022\/04\/eliade-lo-sagrado-y-lo-profano.pdf\" target=\"_blank\" rel=\"attachment noopener wp-att-3889\"><img loading=\"lazy\" decoding=\"async\" class=\"size-full wp-image-3889 alignleft\" src=\"https:\/\/tavapy.gov.py\/biblioteca\/wp-content\/uploads\/2022\/04\/icono-PDF-copia.png\" alt=\"\" width=\"121\" height=\"140\" \/><\/a><\/p>\n","protected":false},"featured_media":3837,"comment_status":"open","ping_status":"closed","template":"","meta":{"spay_email":""},"product_cat":[247],"product_tag":[],"class_list":{"0":"post-3927","1":"product","2":"type-product","3":"status-publish","4":"has-post-thumbnail","6":"book_author-mircea-eliade","7":"product_cat-historia-de-las-religiones","8":"entry"},"_links":{"self":[{"href":"https:\/\/tavapy.gov.py\/biblioteca\/wp-json\/wp\/v2\/product\/3927","targetHints":{"allow":["GET"]}}],"collection":[{"href":"https:\/\/tavapy.gov.py\/biblioteca\/wp-json\/wp\/v2\/product"}],"about":[{"href":"https:\/\/tavapy.gov.py\/biblioteca\/wp-json\/wp\/v2\/types\/product"}],"replies":[{"embeddable":true,"href":"https:\/\/tavapy.gov.py\/biblioteca\/wp-json\/wp\/v2\/comments?post=3927"}],"wp:featuredmedia":[{"embeddable":true,"href":"https:\/\/tavapy.gov.py\/biblioteca\/wp-json\/wp\/v2\/media\/3837"}],"wp:attachment":[{"href":"https:\/\/tavapy.gov.py\/biblioteca\/wp-json\/wp\/v2\/media?parent=3927"}],"wp:term":[{"taxonomy":"product_cat","embeddable":true,"href":"https:\/\/tavapy.gov.py\/biblioteca\/wp-json\/wp\/v2\/product_cat?post=3927"},{"taxonomy":"product_tag","embeddable":true,"href":"https:\/\/tavapy.gov.py\/biblioteca\/wp-json\/wp\/v2\/product_tag?post=3927"}],"curies":[{"name":"wp","href":"https:\/\/api.w.org\/{rel}","templated":true}]}}