{"id":3928,"date":"2022-04-04T14:11:35","date_gmt":"2022-04-04T14:11:35","guid":{"rendered":"https:\/\/tavapy.gov.py\/biblioteca\/?post_type=product&#038;p=3928"},"modified":"2022-04-04T14:11:36","modified_gmt":"2022-04-04T14:11:36","slug":"los-7-habitos-de-la-gente-altamente-efectiva","status":"publish","type":"product","link":"https:\/\/tavapy.gov.py\/biblioteca\/product\/los-7-habitos-de-la-gente-altamente-efectiva\/","title":{"rendered":"LOS 7 H\u00c1BITOS DE LA GENTE ALTAMENTE EFECTIVA."},"content":{"rendered":"","protected":false},"excerpt":{"rendered":"<p>El punto de partida general, pues, sigue siendo el mismo: el hecho ineludible de que casi todo el mundo intuye que su comportamiento en la empresa podr\u00eda mejorar en muchos aspectos, pero pocos saben c\u00f3mo conseguirlo. A partir de ah\u00ed, Stephen Covey, en esta obra escrita en 1.989 no da consejos paternalistas ni se dedica a sermonear sin ton ni son. Su m\u00e9todo es claro, certero y eficiente: casi un cursillo dividido en siete etapas que el lector deber\u00e1 asimilar y poner en pr\u00e1ctica por su propia cuenta, adapt\u00e1ndolas a su personalidad y aplic\u00e1ndolas libremente en todos los \u00e1mbitos de la vida empresarial.<\/p>\n<p>Para ello, el autor se sirve de an\u00e9cdotas penetrantes y significativas destinadas a hacernos reflexionar sobre cada uno de nuestros actos y sobre el modo de acceder al cambio, a la verdadera efectividad: desde la visi\u00f3n personal hasta la autorrenovaci\u00f3n equilibrada, pasando por el liderazgo personal, la administraci\u00f3n personal, el liderazgo interpersonal, la comunicaci\u00f3n emp\u00e1tica y la cooperaci\u00f3n creativa.<\/p>\n<p>Teniendo en cuenta todo esto, y a trav\u00e9s del desarrollo de ciertos conceptos, el lector acaba comprendiendo que todo lo que hagamos deber\u00e1 estar de acuerdo con lo que realmente veamos. Es decir que, si queremos cambiar la situaci\u00f3n, deberemos cambiarnos a nosotros mismos con eficacia, en primer t\u00e9rmino, tendremos que cambiar nuestras percepciones.<\/p>\n<p>El resultado es la construcci\u00f3n de una autoconfianza a prueba de bomba a trav\u00e9s del desarrollo del propio car\u00e1cter, de la integridad, la honestidad y la dignidad humana necesarias para transformar nuestro universo laboral en algo aut\u00e9ntico e intransferible.<\/p>\n<p><a href=\"https:\/\/tavapy.gov.py\/biblioteca\/wp-content\/uploads\/2022\/04\/CoveyS-Los-7-habitos-de-la-gente-altamente..-1.pdf\" target=\"_blank\" rel=\"attachment noopener wp-att-3889\"><img loading=\"lazy\" decoding=\"async\" class=\"size-full wp-image-3889 alignleft\" src=\"https:\/\/tavapy.gov.py\/biblioteca\/wp-content\/uploads\/2022\/04\/icono-PDF-copia.png\" alt=\"\" width=\"121\" height=\"140\" \/><\/a><\/p>\n","protected":false},"featured_media":3835,"comment_status":"open","ping_status":"closed","template":"","meta":{"spay_email":""},"product_cat":[205],"product_tag":[],"class_list":{"0":"post-3928","1":"product","2":"type-product","3":"status-publish","4":"has-post-thumbnail","6":"book_author-stephen-covey","7":"product_cat-autoayuda-desarrollo-humano","8":"entry"},"_links":{"self":[{"href":"https:\/\/tavapy.gov.py\/biblioteca\/wp-json\/wp\/v2\/product\/3928","targetHints":{"allow":["GET"]}}],"collection":[{"href":"https:\/\/tavapy.gov.py\/biblioteca\/wp-json\/wp\/v2\/product"}],"about":[{"href":"https:\/\/tavapy.gov.py\/biblioteca\/wp-json\/wp\/v2\/types\/product"}],"replies":[{"embeddable":true,"href":"https:\/\/tavapy.gov.py\/biblioteca\/wp-json\/wp\/v2\/comments?post=3928"}],"wp:featuredmedia":[{"embeddable":true,"href":"https:\/\/tavapy.gov.py\/biblioteca\/wp-json\/wp\/v2\/media\/3835"}],"wp:attachment":[{"href":"https:\/\/tavapy.gov.py\/biblioteca\/wp-json\/wp\/v2\/media?parent=3928"}],"wp:term":[{"taxonomy":"product_cat","embeddable":true,"href":"https:\/\/tavapy.gov.py\/biblioteca\/wp-json\/wp\/v2\/product_cat?post=3928"},{"taxonomy":"product_tag","embeddable":true,"href":"https:\/\/tavapy.gov.py\/biblioteca\/wp-json\/wp\/v2\/product_tag?post=3928"}],"curies":[{"name":"wp","href":"https:\/\/api.w.org\/{rel}","templated":true}]}}